{"id":2420,"date":"2026-03-26T10:34:54","date_gmt":"2026-03-26T02:34:54","guid":{"rendered":"https:\/\/www.bosaenergy.cn\/?post_type=product&#038;p=2420"},"modified":"2026-04-20T13:27:39","modified_gmt":"2026-04-20T05:27:39","slug":"module-de-batterie-sodium-ion-de-175-ah","status":"publish","type":"product","link":"https:\/\/www.bosaenergy.cn\/fr\/product\/175ah-sodium-ion-battery-module\/","title":{"rendered":"Module de batterie sodium-ion 175 Ah"},"content":{"rendered":"<p data-start=\"286\" data-end=\"557\">Gr\u00e2ce \u00e0 leur excellente qualit\u00e9 et \u00e0 leurs performances fiables, nos produits b\u00e9n\u00e9ficient de la confiance de nos clients.\u00a0<strong data-start=\"376\" data-end=\"412\">plus de 30 pays dans le monde entier<\/strong>.<\/p>\n<p data-start=\"559\" data-end=\"677\">Nos capacit\u00e9s de production sont aliment\u00e9es par\u00a0<strong data-start=\"605\" data-end=\"640\">quatre lignes de production pilot\u00e9es par l&#039;IA<\/strong>, couvrant l&#039;int\u00e9gralit\u00e9 du processus depuis :<\/p>\n<ul data-start=\"678\" data-end=\"754\">\n<li data-section-id=\"2zjn\" data-start=\"678\" data-end=\"708\">S\u00e9lection et test des cellules<\/li>\n<li data-section-id=\"1kj28oc\" data-start=\"709\" data-end=\"728\">Assemblage du module<\/li>\n<li data-section-id=\"13cwqxu\" data-start=\"729\" data-end=\"754\">Assemblage de la batterie<\/li>\n<\/ul>\n<p data-start=\"756\" data-end=\"847\">Ces fonctionnalit\u00e9s avanc\u00e9es garantissent une grande homog\u00e9n\u00e9it\u00e9, une efficacit\u00e9 optimale et une fiabilit\u00e9 produit \u00e9lev\u00e9e.<\/p>\n<p><img fetchpriority=\"high\" decoding=\"async\" class=\"alignnone size-medium wp-image-2339\" src=\"https:\/\/www.bosaenergy.cn\/wp-content\/uploads\/2026\/01\/%E5%9B%BE%E7%89%87-300x201.png\" sizes=\"(max-width: 300px) 100vw, 300px\" srcset=\"https:\/\/www.bosaenergy.cn\/wp-content\/uploads\/2026\/01\/\u56fe\u7247-300x201.png 300w, https:\/\/www.bosaenergy.cn\/wp-content\/uploads\/2026\/01\/\u56fe\u7247-1024x686.png 1024w, https:\/\/www.bosaenergy.cn\/wp-content\/uploads\/2026\/01\/\u56fe\u7247-768x514.png 768w, https:\/\/www.bosaenergy.cn\/wp-content\/uploads\/2026\/01\/\u56fe\u7247-370x247.png 370w, https:\/\/www.bosaenergy.cn\/wp-content\/uploads\/2026\/01\/\u56fe\u7247-270x180.png 270w, https:\/\/www.bosaenergy.cn\/wp-content\/uploads\/2026\/01\/\u56fe\u7247-600x402.png 600w, https:\/\/www.bosaenergy.cn\/wp-content\/uploads\/2026\/01\/\u56fe\u7247.png 1208w\" alt=\"\" width=\"300\" height=\"201\" \/>\u00a0<img decoding=\"async\" class=\"alignnone size-medium wp-image-2336\" src=\"https:\/\/www.bosaenergy.cn\/wp-content\/uploads\/2026\/01\/%E5%9B%BE%E7%89%871-300x200.png\" sizes=\"(max-width: 300px) 100vw, 300px\" srcset=\"https:\/\/www.bosaenergy.cn\/wp-content\/uploads\/2026\/01\/\u56fe\u72471-300x200.png 300w, https:\/\/www.bosaenergy.cn\/wp-content\/uploads\/2026\/01\/\u56fe\u72471-768x513.png 768w, https:\/\/www.bosaenergy.cn\/wp-content\/uploads\/2026\/01\/\u56fe\u72471-370x247.png 370w, https:\/\/www.bosaenergy.cn\/wp-content\/uploads\/2026\/01\/\u56fe\u72471-270x180.png 270w, https:\/\/www.bosaenergy.cn\/wp-content\/uploads\/2026\/01\/\u56fe\u72471-600x401.png 600w, https:\/\/www.bosaenergy.cn\/wp-content\/uploads\/2026\/01\/\u56fe\u72471.png 871w\" alt=\"\" width=\"300\" height=\"200\" \/>\u00a0<img decoding=\"async\" class=\"alignnone size-medium wp-image-2337\" src=\"https:\/\/www.bosaenergy.cn\/wp-content\/uploads\/2026\/01\/%E5%9B%BE%E7%89%872-300x201.png\" sizes=\"(max-width: 300px) 100vw, 300px\" srcset=\"https:\/\/www.bosaenergy.cn\/wp-content\/uploads\/2026\/01\/\u56fe\u72472-300x201.png 300w, https:\/\/www.bosaenergy.cn\/wp-content\/uploads\/2026\/01\/\u56fe\u72472-1024x686.png 1024w, https:\/\/www.bosaenergy.cn\/wp-content\/uploads\/2026\/01\/\u56fe\u72472-768x514.png 768w, https:\/\/www.bosaenergy.cn\/wp-content\/uploads\/2026\/01\/\u56fe\u72472-370x247.png 370w, https:\/\/www.bosaenergy.cn\/wp-content\/uploads\/2026\/01\/\u56fe\u72472-270x180.png 270w, https:\/\/www.bosaenergy.cn\/wp-content\/uploads\/2026\/01\/\u56fe\u72472-600x402.png 600w, https:\/\/www.bosaenergy.cn\/wp-content\/uploads\/2026\/01\/\u56fe\u72472.png 1208w\" alt=\"\" width=\"300\" height=\"201\" \/>\u00a0<img loading=\"lazy\" decoding=\"async\" class=\"alignnone size-medium wp-image-2338\" src=\"https:\/\/www.bosaenergy.cn\/wp-content\/uploads\/2026\/01\/%E5%9B%BE%E7%89%873-300x201.png\" sizes=\"(max-width: 300px) 100vw, 300px\" srcset=\"https:\/\/www.bosaenergy.cn\/wp-content\/uploads\/2026\/01\/\u56fe\u72473-300x201.png 300w, https:\/\/www.bosaenergy.cn\/wp-content\/uploads\/2026\/01\/\u56fe\u72473-768x514.png 768w, https:\/\/www.bosaenergy.cn\/wp-content\/uploads\/2026\/01\/\u56fe\u72473-370x247.png 370w, https:\/\/www.bosaenergy.cn\/wp-content\/uploads\/2026\/01\/\u56fe\u72473-270x180.png 270w, https:\/\/www.bosaenergy.cn\/wp-content\/uploads\/2026\/01\/\u56fe\u72473-600x402.png 600w, https:\/\/www.bosaenergy.cn\/wp-content\/uploads\/2026\/01\/\u56fe\u72473.png 868w\" alt=\"\" width=\"300\" height=\"201\" \/><\/p>\n<p>Notre\u00a0<strong>ion sodium<\/strong>\u00a0<strong>batteries<\/strong>:<\/p>\n<p>La capacit\u00e9 de la batterie est la m\u00eame que celle de notre mod\u00e8le 314 Ah, les clients n&#039;ont donc pas besoin de modifier la conception structurelle !<\/p>\n<p>Dur\u00e9e de vie : \u2265 8\u00a0000 cycles \u00e0 0,5\u00a0P\/0,5\u00a0P<\/p>\n<p>Nous lancerons \u00e9galement un module de 175 Ah ; sa conception modulaire facilite son installation et son utilisation par les clients.<\/p>\n<p>175 Ah <strong>ion sodium<\/strong>\u00a0<strong>module de batterie <\/strong>fiche technique :<\/p>\n<table width=\"800\">\n<tbody>\n<tr>\n<td rowspan=\"2\" width=\"215\">Param\u00e8tres<\/td>\n<td colspan=\"3\" width=\"585\">Mod\u00e8le de produit<\/td>\n<\/tr>\n<tr>\n<td width=\"204\">175Ah-1P4S<\/td>\n<td width=\"184\">175Ah-1P6S<\/td>\n<td width=\"195\">175Ah-1P8S<\/td>\n<\/tr>\n<tr>\n<td width=\"215\">Mod\u00e8le cellulaire<\/td>\n<td width=\"204\">175 Ah<\/td>\n<td width=\"184\">175 Ah<\/td>\n<td width=\"195\">175 Ah<\/td>\n<\/tr>\n<tr>\n<td width=\"215\">Capacit\u00e9 nominale (AH)<\/td>\n<td width=\"204\">175<\/td>\n<td width=\"184\">175<\/td>\n<td width=\"195\">175<\/td>\n<\/tr>\n<tr>\n<td width=\"215\">Tension nominale (V)<\/td>\n<td width=\"204\">11.6<\/td>\n<td width=\"184\">17.4<\/td>\n<td width=\"195\">23.2<\/td>\n<\/tr>\n<tr>\n<td width=\"215\">\u00c9nergie nominale (kWh)<\/td>\n<td width=\"204\">2.03<\/td>\n<td width=\"184\">3.045<\/td>\n<td width=\"195\">4.06<\/td>\n<\/tr>\n<tr>\n<td width=\"215\">L (mm)<\/td>\n<td width=\"204\">327.3<\/td>\n<td width=\"184\">470.3<\/td>\n<td width=\"195\">615.3<\/td>\n<\/tr>\n<tr>\n<td width=\"215\">L (mm)<\/td>\n<td width=\"204\">177.8<\/td>\n<td width=\"184\">177.8<\/td>\n<td width=\"195\">177.8<\/td>\n<\/tr>\n<tr>\n<td width=\"215\">Hmm)<\/td>\n<td width=\"204\">217.4<\/td>\n<td width=\"184\">217.4<\/td>\n<td width=\"195\">217.4<\/td>\n<\/tr>\n<tr>\n<td width=\"215\">Poids (kg)<\/td>\n<td width=\"204\">21.8<\/td>\n<td width=\"184\">31.3<\/td>\n<td width=\"195\">40.8<\/td>\n<\/tr>\n<tr>\n<td width=\"215\">Tension de fonctionnement (V)<\/td>\n<td width=\"204\">8.4~14<\/td>\n<td width=\"184\">12.6~21<\/td>\n<td width=\"195\">\u00a016.8~28<\/td>\n<\/tr>\n<\/tbody>\n<\/table>","protected":false},"excerpt":{"rendered":"<p>Mod\u00e8le du produit\u00a0: 175\u00a0Ah 1P4S \/ 175\u00a0Ah 1P6S \/ 175\u00a0Ah 1P8S<\/p>\n<p>Mod\u00e8le de cellule : 175 Ah<\/p>\n<p>Tension nominale (V) : 11,6 \/ 17,4 \/ 23,2<\/p>\n<p>\u00c9nergie nominale (kWh) : 2,03 \/ 3,045 \/ 4,06<\/p>\n<p>&nbsp;<\/p>","protected":false},"featured_media":2573,"comment_status":"open","ping_status":"closed","template":"","meta":[],"product_brand":[],"product_cat":[124,123,120],"product_tag":[],"class_list":{"0":"post-2420","1":"product","2":"type-product","3":"status-publish","4":"has-post-thumbnail","6":"product_cat-175ah-sodium-ion-battery-module","7":"product_cat-module","8":"product_cat-sodium-ion-batteries","10":"first","11":"instock","12":"shipping-taxable","13":"product-type-simple"},"yoast_head":"<!-- This site is optimized with the Yoast SEO plugin v27.5 - https:\/\/yoast.com\/product\/yoast-seo-wordpress\/ -->\n<title>175Ah Sodium-ion battery module - BOSA lithium battery<\/title>\n<meta name=\"robots\" content=\"index, follow, max-snippet:-1, max-image-preview:large, max-video-preview:-1\" \/>\n<link rel=\"canonical\" href=\"https:\/\/www.bosaenergy.cn\/fr\/product\/module-de-batterie-sodium-ion-de-175-ah\/\" \/>\n<meta property=\"og:locale\" content=\"fr_FR\" \/>\n<meta property=\"og:type\" content=\"article\" \/>\n<meta property=\"og:title\" content=\"175Ah Sodium-ion battery module - BOSA lithium battery\" \/>\n<meta property=\"og:description\" content=\"Product Model:175Ah 1P4S \/ 175Ah 1P6S \/ 175Ah 1P8S  Cell Model: 175Ah  Nominal Voltage (V):\u00a011.6 \/ 17.4 \/ 23.2  Nominal Energy (kwh): 2.03 \/ 3.045 \/ 4.06  &nbsp;\" \/>\n<meta property=\"og:url\" content=\"https:\/\/www.bosaenergy.cn\/fr\/product\/module-de-batterie-sodium-ion-de-175-ah\/\" \/>\n<meta property=\"og:site_name\" content=\"BOSA lithium battery\" \/>\n<meta property=\"article:publisher\" content=\"https:\/\/www.facebook.com\/profile.php?id=100066454002295\" \/>\n<meta property=\"article:modified_time\" content=\"2026-04-20T05:27:39+00:00\" \/>\n<meta property=\"og:image\" content=\"https:\/\/www.bosaenergy.cn\/wp-content\/uploads\/2026\/03\/\u672a\u6807\u9898-2-2.png\" \/>\n\t<meta property=\"og:image:width\" content=\"717\" \/>\n\t<meta property=\"og:image:height\" content=\"557\" \/>\n\t<meta property=\"og:image:type\" content=\"image\/png\" \/>\n<meta name=\"twitter:card\" content=\"summary_large_image\" \/>\n<meta name=\"twitter:site\" content=\"@BellaBosa\" \/>\n<meta name=\"twitter:label1\" content=\"Dur\u00e9e de lecture estim\u00e9e\" \/>\n\t<meta name=\"twitter:data1\" content=\"2 minutes\" \/>\n<script type=\"application\/ld+json\" class=\"yoast-schema-graph\">{\"@context\":\"https:\\\/\\\/schema.org\",\"@graph\":[{\"@type\":\"WebPage\",\"@id\":\"https:\\\/\\\/www.bosaenergy.cn\\\/fr\\\/product\\\/175ah-sodium-ion-battery-module\\\/\",\"url\":\"https:\\\/\\\/www.bosaenergy.cn\\\/fr\\\/product\\\/175ah-sodium-ion-battery-module\\\/\",\"name\":\"175Ah Sodium-ion battery module - BOSA lithium battery\",\"isPartOf\":{\"@id\":\"https:\\\/\\\/www.bosaenergy.cn\\\/fr\\\/#website\"},\"primaryImageOfPage\":{\"@id\":\"https:\\\/\\\/www.bosaenergy.cn\\\/fr\\\/product\\\/175ah-sodium-ion-battery-module\\\/#primaryimage\"},\"image\":{\"@id\":\"https:\\\/\\\/www.bosaenergy.cn\\\/fr\\\/product\\\/175ah-sodium-ion-battery-module\\\/#primaryimage\"},\"thumbnailUrl\":\"https:\\\/\\\/www.bosaenergy.cn\\\/wp-content\\\/uploads\\\/2026\\\/03\\\/\u672a\u6807\u9898-2-2.png\",\"datePublished\":\"2026-03-26T02:34:54+00:00\",\"dateModified\":\"2026-04-20T05:27:39+00:00\",\"breadcrumb\":{\"@id\":\"https:\\\/\\\/www.bosaenergy.cn\\\/fr\\\/product\\\/175ah-sodium-ion-battery-module\\\/#breadcrumb\"},\"inLanguage\":\"fr-FR\",\"potentialAction\":[{\"@type\":\"ReadAction\",\"target\":[\"https:\\\/\\\/www.bosaenergy.cn\\\/fr\\\/product\\\/175ah-sodium-ion-battery-module\\\/\"]}]},{\"@type\":\"ImageObject\",\"inLanguage\":\"fr-FR\",\"@id\":\"https:\\\/\\\/www.bosaenergy.cn\\\/fr\\\/product\\\/175ah-sodium-ion-battery-module\\\/#primaryimage\",\"url\":\"https:\\\/\\\/www.bosaenergy.cn\\\/wp-content\\\/uploads\\\/2026\\\/03\\\/\u672a\u6807\u9898-2-2.png\",\"contentUrl\":\"https:\\\/\\\/www.bosaenergy.cn\\\/wp-content\\\/uploads\\\/2026\\\/03\\\/\u672a\u6807\u9898-2-2.png\",\"width\":717,\"height\":557},{\"@type\":\"BreadcrumbList\",\"@id\":\"https:\\\/\\\/www.bosaenergy.cn\\\/fr\\\/product\\\/175ah-sodium-ion-battery-module\\\/#breadcrumb\",\"itemListElement\":[{\"@type\":\"ListItem\",\"position\":1,\"name\":\"\u9996\u9875\",\"item\":\"https:\\\/\\\/www.bosaenergy.cn\\\/\"},{\"@type\":\"ListItem\",\"position\":2,\"name\":\"Products\",\"item\":\"https:\\\/\\\/www.bosaenergy.cn\\\/products\\\/\"},{\"@type\":\"ListItem\",\"position\":3,\"name\":\"175Ah Sodium-ion battery module\"}]},{\"@type\":\"WebSite\",\"@id\":\"https:\\\/\\\/www.bosaenergy.cn\\\/fr\\\/#website\",\"url\":\"https:\\\/\\\/www.bosaenergy.cn\\\/fr\\\/\",\"name\":\"bosa\",\"description\":\"\",\"publisher\":{\"@id\":\"https:\\\/\\\/www.bosaenergy.cn\\\/fr\\\/#organization\"},\"potentialAction\":[{\"@type\":\"SearchAction\",\"target\":{\"@type\":\"EntryPoint\",\"urlTemplate\":\"https:\\\/\\\/www.bosaenergy.cn\\\/fr\\\/?s={search_term_string}\"},\"query-input\":{\"@type\":\"PropertyValueSpecification\",\"valueRequired\":true,\"valueName\":\"search_term_string\"}}],\"inLanguage\":\"fr-FR\"},{\"@type\":\"Organization\",\"@id\":\"https:\\\/\\\/www.bosaenergy.cn\\\/fr\\\/#organization\",\"name\":\"bosa\",\"url\":\"https:\\\/\\\/www.bosaenergy.cn\\\/fr\\\/\",\"logo\":{\"@type\":\"ImageObject\",\"inLanguage\":\"fr-FR\",\"@id\":\"https:\\\/\\\/www.bosaenergy.cn\\\/fr\\\/#\\\/schema\\\/logo\\\/image\\\/\",\"url\":\"https:\\\/\\\/www.bosaenergy.cn\\\/wp-content\\\/uploads\\\/2025\\\/11\\\/33ecacab3feacab1205891969ab9ce3f-1.png\",\"contentUrl\":\"https:\\\/\\\/www.bosaenergy.cn\\\/wp-content\\\/uploads\\\/2025\\\/11\\\/33ecacab3feacab1205891969ab9ce3f-1.png\",\"width\":500,\"height\":201,\"caption\":\"bosa\"},\"image\":{\"@id\":\"https:\\\/\\\/www.bosaenergy.cn\\\/fr\\\/#\\\/schema\\\/logo\\\/image\\\/\"},\"sameAs\":[\"https:\\\/\\\/www.facebook.com\\\/profile.php?id=100066454002295\",\"https:\\\/\\\/x.com\\\/BellaBosa\",\"https:\\\/\\\/www.instagram.com\\\/bosa_energy\\\/\",\"https:\\\/\\\/www.youtube.com\\\/@bosanewenergy3210\",\"https:\\\/\\\/www.linkedin.com\\\/company\\\/bosaenergy\\\/posts\\\/?feedView=all\"]}]}<\/script>\n<!-- \/ Yoast SEO plugin. -->","yoast_head_json":{"title":"Module de batterie sodium-ion 175 Ah - Batterie au lithium BOSA","robots":{"index":"index","follow":"follow","max-snippet":"max-snippet:-1","max-image-preview":"max-image-preview:large","max-video-preview":"max-video-preview:-1"},"canonical":"https:\/\/www.bosaenergy.cn\/fr\/product\/module-de-batterie-sodium-ion-de-175-ah\/","og_locale":"fr_FR","og_type":"article","og_title":"175Ah Sodium-ion battery module - BOSA lithium battery","og_description":"Product Model:175Ah 1P4S \/ 175Ah 1P6S \/ 175Ah 1P8S  Cell Model: 175Ah  Nominal Voltage (V):\u00a011.6 \/ 17.4 \/ 23.2  Nominal Energy (kwh): 2.03 \/ 3.045 \/ 4.06  &nbsp;","og_url":"https:\/\/www.bosaenergy.cn\/fr\/product\/module-de-batterie-sodium-ion-de-175-ah\/","og_site_name":"BOSA lithium battery","article_publisher":"https:\/\/www.facebook.com\/profile.php?id=100066454002295","article_modified_time":"2026-04-20T05:27:39+00:00","og_image":[{"width":717,"height":557,"url":"https:\/\/www.bosaenergy.cn\/wp-content\/uploads\/2026\/03\/\u672a\u6807\u9898-2-2.png","type":"image\/png"}],"twitter_card":"summary_large_image","twitter_site":"@BellaBosa","twitter_misc":{"Dur\u00e9e de lecture estim\u00e9e":"2 minutes"},"schema":{"@context":"https:\/\/schema.org","@graph":[{"@type":"WebPage","@id":"https:\/\/www.bosaenergy.cn\/fr\/product\/175ah-sodium-ion-battery-module\/","url":"https:\/\/www.bosaenergy.cn\/fr\/product\/175ah-sodium-ion-battery-module\/","name":"Module de batterie sodium-ion 175 Ah - Batterie au lithium BOSA","isPartOf":{"@id":"https:\/\/www.bosaenergy.cn\/fr\/#website"},"primaryImageOfPage":{"@id":"https:\/\/www.bosaenergy.cn\/fr\/product\/175ah-sodium-ion-battery-module\/#primaryimage"},"image":{"@id":"https:\/\/www.bosaenergy.cn\/fr\/product\/175ah-sodium-ion-battery-module\/#primaryimage"},"thumbnailUrl":"https:\/\/www.bosaenergy.cn\/wp-content\/uploads\/2026\/03\/\u672a\u6807\u9898-2-2.png","datePublished":"2026-03-26T02:34:54+00:00","dateModified":"2026-04-20T05:27:39+00:00","breadcrumb":{"@id":"https:\/\/www.bosaenergy.cn\/fr\/product\/175ah-sodium-ion-battery-module\/#breadcrumb"},"inLanguage":"fr-FR","potentialAction":[{"@type":"ReadAction","target":["https:\/\/www.bosaenergy.cn\/fr\/product\/175ah-sodium-ion-battery-module\/"]}]},{"@type":"ImageObject","inLanguage":"fr-FR","@id":"https:\/\/www.bosaenergy.cn\/fr\/product\/175ah-sodium-ion-battery-module\/#primaryimage","url":"https:\/\/www.bosaenergy.cn\/wp-content\/uploads\/2026\/03\/\u672a\u6807\u9898-2-2.png","contentUrl":"https:\/\/www.bosaenergy.cn\/wp-content\/uploads\/2026\/03\/\u672a\u6807\u9898-2-2.png","width":717,"height":557},{"@type":"BreadcrumbList","@id":"https:\/\/www.bosaenergy.cn\/fr\/product\/175ah-sodium-ion-battery-module\/#breadcrumb","itemListElement":[{"@type":"ListItem","position":1,"name":"\u9996\u9875","item":"https:\/\/www.bosaenergy.cn\/"},{"@type":"ListItem","position":2,"name":"Products","item":"https:\/\/www.bosaenergy.cn\/products\/"},{"@type":"ListItem","position":3,"name":"175Ah Sodium-ion battery module"}]},{"@type":"WebSite","@id":"https:\/\/www.bosaenergy.cn\/fr\/#website","url":"https:\/\/www.bosaenergy.cn\/fr\/","name":"bossa","description":"","publisher":{"@id":"https:\/\/www.bosaenergy.cn\/fr\/#organization"},"potentialAction":[{"@type":"SearchAction","target":{"@type":"EntryPoint","urlTemplate":"https:\/\/www.bosaenergy.cn\/fr\/?s={search_term_string}"},"query-input":{"@type":"PropertyValueSpecification","valueRequired":true,"valueName":"search_term_string"}}],"inLanguage":"fr-FR"},{"@type":"Organization","@id":"https:\/\/www.bosaenergy.cn\/fr\/#organization","name":"bossa","url":"https:\/\/www.bosaenergy.cn\/fr\/","logo":{"@type":"ImageObject","inLanguage":"fr-FR","@id":"https:\/\/www.bosaenergy.cn\/fr\/#\/schema\/logo\/image\/","url":"https:\/\/www.bosaenergy.cn\/wp-content\/uploads\/2025\/11\/33ecacab3feacab1205891969ab9ce3f-1.png","contentUrl":"https:\/\/www.bosaenergy.cn\/wp-content\/uploads\/2025\/11\/33ecacab3feacab1205891969ab9ce3f-1.png","width":500,"height":201,"caption":"bosa"},"image":{"@id":"https:\/\/www.bosaenergy.cn\/fr\/#\/schema\/logo\/image\/"},"sameAs":["https:\/\/www.facebook.com\/profile.php?id=100066454002295","https:\/\/x.com\/BellaBosa","https:\/\/www.instagram.com\/bosa_energy\/","https:\/\/www.youtube.com\/@bosanewenergy3210","https:\/\/www.linkedin.com\/company\/bosaenergy\/posts\/?feedView=all"]}]}},"_links":{"self":[{"href":"https:\/\/www.bosaenergy.cn\/fr\/wp-json\/wp\/v2\/product\/2420","targetHints":{"allow":["GET"]}}],"collection":[{"href":"https:\/\/www.bosaenergy.cn\/fr\/wp-json\/wp\/v2\/product"}],"about":[{"href":"https:\/\/www.bosaenergy.cn\/fr\/wp-json\/wp\/v2\/types\/product"}],"replies":[{"embeddable":true,"href":"https:\/\/www.bosaenergy.cn\/fr\/wp-json\/wp\/v2\/comments?post=2420"}],"wp:featuredmedia":[{"embeddable":true,"href":"https:\/\/www.bosaenergy.cn\/fr\/wp-json\/wp\/v2\/media\/2573"}],"wp:attachment":[{"href":"https:\/\/www.bosaenergy.cn\/fr\/wp-json\/wp\/v2\/media?parent=2420"}],"wp:term":[{"taxonomy":"product_brand","embeddable":true,"href":"https:\/\/www.bosaenergy.cn\/fr\/wp-json\/wp\/v2\/product_brand?post=2420"},{"taxonomy":"product_cat","embeddable":true,"href":"https:\/\/www.bosaenergy.cn\/fr\/wp-json\/wp\/v2\/product_cat?post=2420"},{"taxonomy":"product_tag","embeddable":true,"href":"https:\/\/www.bosaenergy.cn\/fr\/wp-json\/wp\/v2\/product_tag?post=2420"}],"curies":[{"name":"wp","href":"https:\/\/api.w.org\/{rel}","templated":true}]}}