{"id":202,"date":"2025-11-03T13:44:06","date_gmt":"2025-11-03T05:44:06","guid":{"rendered":"https:\/\/30.rdgeo.top\/?post_type=product&#038;p=202"},"modified":"2026-04-17T14:36:44","modified_gmt":"2026-04-17T06:36:44","slug":"cellule-lf230","status":"publish","type":"product","link":"https:\/\/www.bosaenergy.cn\/fr\/product\/lf230-cell\/","title":{"rendered":"Cellule LF230"},"content":{"rendered":"<div class=\"main\">\n<div class=\"main1f\">\n<div class=\"box\">\n<div class=\"pro-main-rig\">\n<div class=\"pro-content\">\n<div class=\"con-tit\">\n<p data-start=\"47\" data-end=\"284\">Bosa ambitionne de devenir un leader\u00a0<strong data-start=\"77\" data-end=\"121\">Fournisseur de batteries industrielles LFP en Chine<\/strong>. Notre activit\u00e9 principale est ax\u00e9e sur\u00a0<strong data-start=\"152\" data-end=\"206\">batteries lithium-ion et syst\u00e8mes d&#039;alimentation int\u00e9gr\u00e9s<\/strong>, largement utilis\u00e9 dans le stockage d&#039;\u00e9nergie, les v\u00e9hicules \u00e9lectriques et les applications marines.<\/p>\n<p data-start=\"286\" data-end=\"557\">Gr\u00e2ce \u00e0 leur excellente qualit\u00e9 et \u00e0 leurs performances fiables, nos produits b\u00e9n\u00e9ficient de la confiance de nos clients.\u00a0<strong data-start=\"376\" data-end=\"412\">plus de 30 pays dans le monde entier<\/strong>. Nous d\u00e9tenons \u00e9galement plusieurs brevets qui sont activement utilis\u00e9s dans\u00a0<strong data-start=\"476\" data-end=\"520\">recherche et d\u00e9veloppement sur les batteries au lithium<\/strong>, en soutenant l&#039;innovation continue.<\/p>\n<p data-start=\"559\" data-end=\"677\">Nos capacit\u00e9s de production sont aliment\u00e9es par\u00a0<strong data-start=\"605\" data-end=\"640\">quatre lignes de production pilot\u00e9es par l&#039;IA<\/strong>, couvrant l&#039;int\u00e9gralit\u00e9 du processus depuis :<\/p>\n<ul data-start=\"678\" data-end=\"754\">\n<li data-section-id=\"2zjn\" data-start=\"678\" data-end=\"708\">S\u00e9lection et test des cellules<\/li>\n<li data-section-id=\"1kj28oc\" data-start=\"709\" data-end=\"728\">Assemblage du module<\/li>\n<li data-section-id=\"13cwqxu\" data-start=\"729\" data-end=\"754\">Assemblage de la batterie<\/li>\n<\/ul>\n<p data-start=\"756\" data-end=\"847\">Ces fonctionnalit\u00e9s avanc\u00e9es garantissent une grande homog\u00e9n\u00e9it\u00e9, une efficacit\u00e9 optimale et une fiabilit\u00e9 produit \u00e9lev\u00e9e.<\/p>\n<p><img fetchpriority=\"high\" decoding=\"async\" class=\"alignnone size-medium wp-image-2339\" src=\"https:\/\/www.bosaenergy.cn\/wp-content\/uploads\/2026\/01\/%E5%9B%BE%E7%89%87-300x201.png\" sizes=\"(max-width: 300px) 100vw, 300px\" srcset=\"https:\/\/www.bosaenergy.cn\/wp-content\/uploads\/2026\/01\/\u56fe\u7247-300x201.png 300w, https:\/\/www.bosaenergy.cn\/wp-content\/uploads\/2026\/01\/\u56fe\u7247-1024x686.png 1024w, https:\/\/www.bosaenergy.cn\/wp-content\/uploads\/2026\/01\/\u56fe\u7247-768x514.png 768w, https:\/\/www.bosaenergy.cn\/wp-content\/uploads\/2026\/01\/\u56fe\u7247-370x247.png 370w, https:\/\/www.bosaenergy.cn\/wp-content\/uploads\/2026\/01\/\u56fe\u7247-270x180.png 270w, https:\/\/www.bosaenergy.cn\/wp-content\/uploads\/2026\/01\/\u56fe\u7247-600x402.png 600w, https:\/\/www.bosaenergy.cn\/wp-content\/uploads\/2026\/01\/\u56fe\u7247.png 1208w\" alt=\"\" width=\"300\" height=\"201\" \/>\u00a0<img decoding=\"async\" class=\"alignnone size-medium wp-image-2336\" src=\"https:\/\/www.bosaenergy.cn\/wp-content\/uploads\/2026\/01\/%E5%9B%BE%E7%89%871-300x200.png\" sizes=\"(max-width: 300px) 100vw, 300px\" srcset=\"https:\/\/www.bosaenergy.cn\/wp-content\/uploads\/2026\/01\/\u56fe\u72471-300x200.png 300w, https:\/\/www.bosaenergy.cn\/wp-content\/uploads\/2026\/01\/\u56fe\u72471-768x513.png 768w, https:\/\/www.bosaenergy.cn\/wp-content\/uploads\/2026\/01\/\u56fe\u72471-370x247.png 370w, https:\/\/www.bosaenergy.cn\/wp-content\/uploads\/2026\/01\/\u56fe\u72471-270x180.png 270w, https:\/\/www.bosaenergy.cn\/wp-content\/uploads\/2026\/01\/\u56fe\u72471-600x401.png 600w, https:\/\/www.bosaenergy.cn\/wp-content\/uploads\/2026\/01\/\u56fe\u72471.png 871w\" alt=\"\" width=\"300\" height=\"200\" \/>\u00a0<img decoding=\"async\" class=\"alignnone size-medium wp-image-2337\" src=\"https:\/\/www.bosaenergy.cn\/wp-content\/uploads\/2026\/01\/%E5%9B%BE%E7%89%872-300x201.png\" sizes=\"(max-width: 300px) 100vw, 300px\" srcset=\"https:\/\/www.bosaenergy.cn\/wp-content\/uploads\/2026\/01\/\u56fe\u72472-300x201.png 300w, https:\/\/www.bosaenergy.cn\/wp-content\/uploads\/2026\/01\/\u56fe\u72472-1024x686.png 1024w, https:\/\/www.bosaenergy.cn\/wp-content\/uploads\/2026\/01\/\u56fe\u72472-768x514.png 768w, https:\/\/www.bosaenergy.cn\/wp-content\/uploads\/2026\/01\/\u56fe\u72472-370x247.png 370w, https:\/\/www.bosaenergy.cn\/wp-content\/uploads\/2026\/01\/\u56fe\u72472-270x180.png 270w, https:\/\/www.bosaenergy.cn\/wp-content\/uploads\/2026\/01\/\u56fe\u72472-600x402.png 600w, https:\/\/www.bosaenergy.cn\/wp-content\/uploads\/2026\/01\/\u56fe\u72472.png 1208w\" alt=\"\" width=\"300\" height=\"201\" \/>\u00a0<img loading=\"lazy\" decoding=\"async\" class=\"alignnone size-medium wp-image-2338\" src=\"https:\/\/www.bosaenergy.cn\/wp-content\/uploads\/2026\/01\/%E5%9B%BE%E7%89%873-300x201.png\" sizes=\"(max-width: 300px) 100vw, 300px\" srcset=\"https:\/\/www.bosaenergy.cn\/wp-content\/uploads\/2026\/01\/\u56fe\u72473-300x201.png 300w, https:\/\/www.bosaenergy.cn\/wp-content\/uploads\/2026\/01\/\u56fe\u72473-768x514.png 768w, https:\/\/www.bosaenergy.cn\/wp-content\/uploads\/2026\/01\/\u56fe\u72473-370x247.png 370w, https:\/\/www.bosaenergy.cn\/wp-content\/uploads\/2026\/01\/\u56fe\u72473-270x180.png 270w, https:\/\/www.bosaenergy.cn\/wp-content\/uploads\/2026\/01\/\u56fe\u72473-600x402.png 600w, https:\/\/www.bosaenergy.cn\/wp-content\/uploads\/2026\/01\/\u56fe\u72473.png 868w\" alt=\"\" width=\"300\" height=\"201\" \/><\/p>\n<p>Gr\u00e2ce \u00e0 ces avantages, les Bosa\u00a0<strong data-start=\"884\" data-end=\"905\">Batteries LiFePO4<\/strong>\u00a0elles constituent un remplacement id\u00e9al pour les batteries au plomb traditionnelles.\u00a0<span class=\"jCAhz ChMk0b\"><span class=\"ryNqvb\">Dans une perspective \u00e0 long terme<\/span><\/span>\u2014notamment les \u00e9conomies d&#039;\u00e9nergie, de maintenance et de main-d&#039;\u0153uvre, ainsi que la r\u00e9duction des temps d&#039;arr\u00eat \u2014 peuvent consid\u00e9rablement\u00a0<strong data-start=\"1140\" data-end=\"1183\">r\u00e9duire le co\u00fbt total de possession (CTP)<\/strong>.<\/p>\n<p>Les cellules poss\u00e8dent les certifications UN, MSDS, IEC, UL, TUV et GB\/T.<\/p>\n<\/div>\n<div class=\"content\">\n<p><strong><b>Batterie LiFePo4 rechargeable de 230 Ah <\/b><\/strong><strong><b>D\u00e9tails rapides\u00a0:<\/b><\/strong><\/p>\n<p>Batterie lithium-ion LiFePO4\u00a0: 3,2\u00a0V 230\u00a0Ah<\/p>\n<p>Certifications : UN, MSDS, IEC, UL, TUV et GB\/T<\/p>\n<p>Num\u00e9ro de mod\u00e8le\u00a0: CB54173200EB<\/p>\n<p>Poids : 4,13 \u00b1 0,12 kg<\/p>\n<p>Dimensions : 174,7 \u00b1 0,5 (L) * 53,7 \u00b1 1,5 (l) * 207,2 \u00b1 0,6 (H)<\/p>\n<p>Capacit\u00e9 nominale : 230 Ah<\/p>\n<p>Tension nominale : 3,2 V<\/p>\n<p>Tension de fonctionnement : 2,5-3,65 V<\/p>\n<p>Courant de charge continu maximal\u00a0: 1C<\/p>\n<p>Courant de charge maximal\u00a0: 2C \u00e0 30\u00a0s, SOC \u2264 70%<\/p>\n<p>Courant de d\u00e9charge continu maximal\u00a0: 1C<\/p>\n<p>Courant de d\u00e9charge maximal : 2C \u00e0 30 s<\/p>\n<p>Temp\u00e9rature de charge : 0 \u00b0C ~ 55 \u00b0C<\/p>\n<p>Temp\u00e9rature de d\u00e9charge : -20 \u00b0C \u00e0 55 \u00b0C<\/p>\n<p>Dur\u00e9e de vie : \u2265 3500 cycles<\/p>\n<\/div>\n<\/div>\n<\/div>\n<\/div>\n<\/div>\n<\/div>\n<footer class=\"footer\">\n<div class=\"box\">\n<div class=\"foot\">\n<div class=\"fleft\"><\/div>\n<\/div>\n<\/div>\n<\/footer>","protected":false},"excerpt":{"rendered":"<p>Batterie LiFePO4\u00a0: 3,2\u00a0V 230\u00a0Ah<\/p>\n<p>Certification : UN38.3\/FDS<\/p>\n<p>Tension nominale : 3,2 V<\/p>\n<p>Tension de fonctionnement : 2,5-3,65 V<\/p>\n<p>Dur\u00e9e de vie : \u2265 3500 cycles<\/p>\n<p>Certifications : UN38.3 \/ FDS \/ UL \/ TUV \/ IEC \/ GB\/T<\/p>","protected":false},"featured_media":1372,"comment_status":"open","ping_status":"closed","template":"","meta":[],"product_brand":[],"product_cat":[41],"product_tag":[],"class_list":{"0":"post-202","1":"product","2":"type-product","3":"status-publish","4":"has-post-thumbnail","6":"product_cat-custom-battery-packs","8":"first","9":"instock","10":"shipping-taxable","11":"product-type-simple"},"yoast_head":"<!-- This site is optimized with the Yoast SEO plugin v27.5 - https:\/\/yoast.com\/product\/yoast-seo-wordpress\/ -->\n<title>LF230 cell - BOSA lithium battery<\/title>\n<meta name=\"robots\" content=\"index, follow, max-snippet:-1, max-image-preview:large, max-video-preview:-1\" \/>\n<link rel=\"canonical\" href=\"https:\/\/www.bosaenergy.cn\/fr\/product\/cellule-lf230\/\" \/>\n<meta property=\"og:locale\" content=\"fr_FR\" \/>\n<meta property=\"og:type\" content=\"article\" \/>\n<meta property=\"og:title\" content=\"LF230 cell - BOSA lithium battery\" \/>\n<meta property=\"og:description\" content=\"LiFePo4 Battery: 3.2V 230Ah  Certification: UN38.3\/MSDS  Nominal Voltage: 3.2V  Working Voltage: 2.5-3.65V  Cycle life: \u22653500 cycles  Certification: UN38.3 \/ MSDS \/ UL \/ TUV \/ IEC \/GB\/T\" \/>\n<meta property=\"og:url\" content=\"https:\/\/www.bosaenergy.cn\/fr\/product\/cellule-lf230\/\" \/>\n<meta property=\"og:site_name\" content=\"BOSA lithium battery\" \/>\n<meta property=\"article:publisher\" content=\"https:\/\/www.facebook.com\/profile.php?id=100066454002295\" \/>\n<meta property=\"article:modified_time\" content=\"2026-04-17T06:36:44+00:00\" \/>\n<meta property=\"og:image\" content=\"https:\/\/www.bosaenergy.cn\/wp-content\/uploads\/2025\/11\/\u672a\u6807\u9898-1-4.png\" \/>\n\t<meta property=\"og:image:width\" content=\"2400\" \/>\n\t<meta property=\"og:image:height\" content=\"1800\" \/>\n\t<meta property=\"og:image:type\" content=\"image\/png\" \/>\n<meta name=\"twitter:card\" content=\"summary_large_image\" \/>\n<meta name=\"twitter:site\" content=\"@BellaBosa\" \/>\n<meta name=\"twitter:label1\" content=\"Dur\u00e9e de lecture estim\u00e9e\" \/>\n\t<meta name=\"twitter:data1\" content=\"2 minutes\" \/>\n<script type=\"application\/ld+json\" class=\"yoast-schema-graph\">{\"@context\":\"https:\\\/\\\/schema.org\",\"@graph\":[{\"@type\":\"WebPage\",\"@id\":\"https:\\\/\\\/www.bosaenergy.cn\\\/fr\\\/product\\\/lf230-cell\\\/\",\"url\":\"https:\\\/\\\/www.bosaenergy.cn\\\/fr\\\/product\\\/lf230-cell\\\/\",\"name\":\"LF230 cell - BOSA lithium battery\",\"isPartOf\":{\"@id\":\"https:\\\/\\\/www.bosaenergy.cn\\\/fr\\\/#website\"},\"primaryImageOfPage\":{\"@id\":\"https:\\\/\\\/www.bosaenergy.cn\\\/fr\\\/product\\\/lf230-cell\\\/#primaryimage\"},\"image\":{\"@id\":\"https:\\\/\\\/www.bosaenergy.cn\\\/fr\\\/product\\\/lf230-cell\\\/#primaryimage\"},\"thumbnailUrl\":\"https:\\\/\\\/www.bosaenergy.cn\\\/wp-content\\\/uploads\\\/2025\\\/11\\\/\u672a\u6807\u9898-1-4.png\",\"datePublished\":\"2025-11-03T05:44:06+00:00\",\"dateModified\":\"2026-04-17T06:36:44+00:00\",\"breadcrumb\":{\"@id\":\"https:\\\/\\\/www.bosaenergy.cn\\\/fr\\\/product\\\/lf230-cell\\\/#breadcrumb\"},\"inLanguage\":\"fr-FR\",\"potentialAction\":[{\"@type\":\"ReadAction\",\"target\":[\"https:\\\/\\\/www.bosaenergy.cn\\\/fr\\\/product\\\/lf230-cell\\\/\"]}]},{\"@type\":\"ImageObject\",\"inLanguage\":\"fr-FR\",\"@id\":\"https:\\\/\\\/www.bosaenergy.cn\\\/fr\\\/product\\\/lf230-cell\\\/#primaryimage\",\"url\":\"https:\\\/\\\/www.bosaenergy.cn\\\/wp-content\\\/uploads\\\/2025\\\/11\\\/\u672a\u6807\u9898-1-4.png\",\"contentUrl\":\"https:\\\/\\\/www.bosaenergy.cn\\\/wp-content\\\/uploads\\\/2025\\\/11\\\/\u672a\u6807\u9898-1-4.png\",\"width\":2400,\"height\":1800},{\"@type\":\"BreadcrumbList\",\"@id\":\"https:\\\/\\\/www.bosaenergy.cn\\\/fr\\\/product\\\/lf230-cell\\\/#breadcrumb\",\"itemListElement\":[{\"@type\":\"ListItem\",\"position\":1,\"name\":\"\u9996\u9875\",\"item\":\"https:\\\/\\\/www.bosaenergy.cn\\\/\"},{\"@type\":\"ListItem\",\"position\":2,\"name\":\"Products\",\"item\":\"https:\\\/\\\/www.bosaenergy.cn\\\/products\\\/\"},{\"@type\":\"ListItem\",\"position\":3,\"name\":\"LF230 cell\"}]},{\"@type\":\"WebSite\",\"@id\":\"https:\\\/\\\/www.bosaenergy.cn\\\/fr\\\/#website\",\"url\":\"https:\\\/\\\/www.bosaenergy.cn\\\/fr\\\/\",\"name\":\"bosa\",\"description\":\"\",\"publisher\":{\"@id\":\"https:\\\/\\\/www.bosaenergy.cn\\\/fr\\\/#organization\"},\"potentialAction\":[{\"@type\":\"SearchAction\",\"target\":{\"@type\":\"EntryPoint\",\"urlTemplate\":\"https:\\\/\\\/www.bosaenergy.cn\\\/fr\\\/?s={search_term_string}\"},\"query-input\":{\"@type\":\"PropertyValueSpecification\",\"valueRequired\":true,\"valueName\":\"search_term_string\"}}],\"inLanguage\":\"fr-FR\"},{\"@type\":\"Organization\",\"@id\":\"https:\\\/\\\/www.bosaenergy.cn\\\/fr\\\/#organization\",\"name\":\"bosa\",\"url\":\"https:\\\/\\\/www.bosaenergy.cn\\\/fr\\\/\",\"logo\":{\"@type\":\"ImageObject\",\"inLanguage\":\"fr-FR\",\"@id\":\"https:\\\/\\\/www.bosaenergy.cn\\\/fr\\\/#\\\/schema\\\/logo\\\/image\\\/\",\"url\":\"https:\\\/\\\/www.bosaenergy.cn\\\/wp-content\\\/uploads\\\/2025\\\/11\\\/33ecacab3feacab1205891969ab9ce3f-1.png\",\"contentUrl\":\"https:\\\/\\\/www.bosaenergy.cn\\\/wp-content\\\/uploads\\\/2025\\\/11\\\/33ecacab3feacab1205891969ab9ce3f-1.png\",\"width\":500,\"height\":201,\"caption\":\"bosa\"},\"image\":{\"@id\":\"https:\\\/\\\/www.bosaenergy.cn\\\/fr\\\/#\\\/schema\\\/logo\\\/image\\\/\"},\"sameAs\":[\"https:\\\/\\\/www.facebook.com\\\/profile.php?id=100066454002295\",\"https:\\\/\\\/x.com\\\/BellaBosa\",\"https:\\\/\\\/www.instagram.com\\\/bosa_energy\\\/\",\"https:\\\/\\\/www.youtube.com\\\/@bosanewenergy3210\",\"https:\\\/\\\/www.linkedin.com\\\/company\\\/bosaenergy\\\/posts\\\/?feedView=all\"]}]}<\/script>\n<!-- \/ Yoast SEO plugin. -->","yoast_head_json":{"title":"Cellule LF230 - Batterie au lithium BOSA","robots":{"index":"index","follow":"follow","max-snippet":"max-snippet:-1","max-image-preview":"max-image-preview:large","max-video-preview":"max-video-preview:-1"},"canonical":"https:\/\/www.bosaenergy.cn\/fr\/product\/cellule-lf230\/","og_locale":"fr_FR","og_type":"article","og_title":"LF230 cell - BOSA lithium battery","og_description":"LiFePo4 Battery: 3.2V 230Ah  Certification: UN38.3\/MSDS  Nominal Voltage: 3.2V  Working Voltage: 2.5-3.65V  Cycle life: \u22653500 cycles  Certification: UN38.3 \/ MSDS \/ UL \/ TUV \/ IEC \/GB\/T","og_url":"https:\/\/www.bosaenergy.cn\/fr\/product\/cellule-lf230\/","og_site_name":"BOSA lithium battery","article_publisher":"https:\/\/www.facebook.com\/profile.php?id=100066454002295","article_modified_time":"2026-04-17T06:36:44+00:00","og_image":[{"width":2400,"height":1800,"url":"https:\/\/www.bosaenergy.cn\/wp-content\/uploads\/2025\/11\/\u672a\u6807\u9898-1-4.png","type":"image\/png"}],"twitter_card":"summary_large_image","twitter_site":"@BellaBosa","twitter_misc":{"Dur\u00e9e de lecture estim\u00e9e":"2 minutes"},"schema":{"@context":"https:\/\/schema.org","@graph":[{"@type":"WebPage","@id":"https:\/\/www.bosaenergy.cn\/fr\/product\/lf230-cell\/","url":"https:\/\/www.bosaenergy.cn\/fr\/product\/lf230-cell\/","name":"Cellule LF230 - Batterie au lithium BOSA","isPartOf":{"@id":"https:\/\/www.bosaenergy.cn\/fr\/#website"},"primaryImageOfPage":{"@id":"https:\/\/www.bosaenergy.cn\/fr\/product\/lf230-cell\/#primaryimage"},"image":{"@id":"https:\/\/www.bosaenergy.cn\/fr\/product\/lf230-cell\/#primaryimage"},"thumbnailUrl":"https:\/\/www.bosaenergy.cn\/wp-content\/uploads\/2025\/11\/\u672a\u6807\u9898-1-4.png","datePublished":"2025-11-03T05:44:06+00:00","dateModified":"2026-04-17T06:36:44+00:00","breadcrumb":{"@id":"https:\/\/www.bosaenergy.cn\/fr\/product\/lf230-cell\/#breadcrumb"},"inLanguage":"fr-FR","potentialAction":[{"@type":"ReadAction","target":["https:\/\/www.bosaenergy.cn\/fr\/product\/lf230-cell\/"]}]},{"@type":"ImageObject","inLanguage":"fr-FR","@id":"https:\/\/www.bosaenergy.cn\/fr\/product\/lf230-cell\/#primaryimage","url":"https:\/\/www.bosaenergy.cn\/wp-content\/uploads\/2025\/11\/\u672a\u6807\u9898-1-4.png","contentUrl":"https:\/\/www.bosaenergy.cn\/wp-content\/uploads\/2025\/11\/\u672a\u6807\u9898-1-4.png","width":2400,"height":1800},{"@type":"BreadcrumbList","@id":"https:\/\/www.bosaenergy.cn\/fr\/product\/lf230-cell\/#breadcrumb","itemListElement":[{"@type":"ListItem","position":1,"name":"\u9996\u9875","item":"https:\/\/www.bosaenergy.cn\/"},{"@type":"ListItem","position":2,"name":"Products","item":"https:\/\/www.bosaenergy.cn\/products\/"},{"@type":"ListItem","position":3,"name":"LF230 cell"}]},{"@type":"WebSite","@id":"https:\/\/www.bosaenergy.cn\/fr\/#website","url":"https:\/\/www.bosaenergy.cn\/fr\/","name":"bossa","description":"","publisher":{"@id":"https:\/\/www.bosaenergy.cn\/fr\/#organization"},"potentialAction":[{"@type":"SearchAction","target":{"@type":"EntryPoint","urlTemplate":"https:\/\/www.bosaenergy.cn\/fr\/?s={search_term_string}"},"query-input":{"@type":"PropertyValueSpecification","valueRequired":true,"valueName":"search_term_string"}}],"inLanguage":"fr-FR"},{"@type":"Organization","@id":"https:\/\/www.bosaenergy.cn\/fr\/#organization","name":"bossa","url":"https:\/\/www.bosaenergy.cn\/fr\/","logo":{"@type":"ImageObject","inLanguage":"fr-FR","@id":"https:\/\/www.bosaenergy.cn\/fr\/#\/schema\/logo\/image\/","url":"https:\/\/www.bosaenergy.cn\/wp-content\/uploads\/2025\/11\/33ecacab3feacab1205891969ab9ce3f-1.png","contentUrl":"https:\/\/www.bosaenergy.cn\/wp-content\/uploads\/2025\/11\/33ecacab3feacab1205891969ab9ce3f-1.png","width":500,"height":201,"caption":"bosa"},"image":{"@id":"https:\/\/www.bosaenergy.cn\/fr\/#\/schema\/logo\/image\/"},"sameAs":["https:\/\/www.facebook.com\/profile.php?id=100066454002295","https:\/\/x.com\/BellaBosa","https:\/\/www.instagram.com\/bosa_energy\/","https:\/\/www.youtube.com\/@bosanewenergy3210","https:\/\/www.linkedin.com\/company\/bosaenergy\/posts\/?feedView=all"]}]}},"_links":{"self":[{"href":"https:\/\/www.bosaenergy.cn\/fr\/wp-json\/wp\/v2\/product\/202","targetHints":{"allow":["GET"]}}],"collection":[{"href":"https:\/\/www.bosaenergy.cn\/fr\/wp-json\/wp\/v2\/product"}],"about":[{"href":"https:\/\/www.bosaenergy.cn\/fr\/wp-json\/wp\/v2\/types\/product"}],"replies":[{"embeddable":true,"href":"https:\/\/www.bosaenergy.cn\/fr\/wp-json\/wp\/v2\/comments?post=202"}],"wp:featuredmedia":[{"embeddable":true,"href":"https:\/\/www.bosaenergy.cn\/fr\/wp-json\/wp\/v2\/media\/1372"}],"wp:attachment":[{"href":"https:\/\/www.bosaenergy.cn\/fr\/wp-json\/wp\/v2\/media?parent=202"}],"wp:term":[{"taxonomy":"product_brand","embeddable":true,"href":"https:\/\/www.bosaenergy.cn\/fr\/wp-json\/wp\/v2\/product_brand?post=202"},{"taxonomy":"product_cat","embeddable":true,"href":"https:\/\/www.bosaenergy.cn\/fr\/wp-json\/wp\/v2\/product_cat?post=202"},{"taxonomy":"product_tag","embeddable":true,"href":"https:\/\/www.bosaenergy.cn\/fr\/wp-json\/wp\/v2\/product_tag?post=202"}],"curies":[{"name":"wp","href":"https:\/\/api.w.org\/{rel}","templated":true}]}}