{"id":1762,"date":"2025-12-25T14:36:25","date_gmt":"2025-12-25T06:36:25","guid":{"rendered":"https:\/\/www.bosaenergy.cn\/?post_type=product&#038;p=1762"},"modified":"2026-03-20T15:47:35","modified_gmt":"2026-03-20T07:47:35","slug":"contenedor-de-refrigeracion-por-aire","status":"publish","type":"product","link":"https:\/\/www.bosaenergy.cn\/es\/product\/air-cooling-container-ess\/","title":{"rendered":"Contenedor de refrigeraci\u00f3n por aire ESS"},"content":{"rendered":"<p>BOSA Energy se centra en\u00a0<strong>almacenamiento de energ\u00eda<\/strong>\u00a0productos, servicios de integraci\u00f3n de sistemas y soluciones de carga.<\/p>\n<p>Incluyendo soluciones de sistemas de almacenamiento de energ\u00eda,\u00a0<strong>almacenamiento de energ\u00eda<\/strong>\u00a0m\u00f3dulos y PACK, almacenamiento de energ\u00eda residencial, comercial e industrial\u00a0<strong>sistema de almacenamiento de energ\u00eda<\/strong>, Sistema de almacenamiento de energ\u00eda tipo contenedor, punto de recarga y soluciones integradas de aparcamiento con carga fotovoltaica inteligente.<\/p>\n<p>Hemos obtenido las certificaciones CE, UL y otras, junto con las certificaciones de laboratorio ISO9001:2015, ISO14001:2015, ISO45001:2018 y CNAS, lo que demuestra nuestro compromiso con la calidad.<br \/>\nNuestros productos se utilizan ampliamente en los campos del almacenamiento de energ\u00eda en la generaci\u00f3n de energ\u00eda, el almacenamiento de energ\u00eda en la red el\u00e9ctrica, el almacenamiento de energ\u00eda industrial y comercial, el almacenamiento de energ\u00eda dom\u00e9stica, las redes inteligentes, el transporte ferroviario, las palas de las turbinas e\u00f3licas, etc.<\/p>\n<p>El operativo\u00a0<strong>bater\u00eda de almacenamiento de energ\u00eda<\/strong>\u00a0La capacidad es de 35,64 GWh y el volumen anual de env\u00edos de bater\u00edas es de 7 GWh.<\/p>\n<p>Contamos con 4 l\u00edneas de producci\u00f3n impulsadas por IA para la fabricaci\u00f3n de productos, que incluyen la selecci\u00f3n y prueba de celdas, el ensamblaje de m\u00f3dulos y el ensamblaje de paquetes de bater\u00edas.<\/p>\n<p><img fetchpriority=\"high\" decoding=\"async\" class=\"alignnone size-medium wp-image-2339\" src=\"https:\/\/www.bosaenergy.cn\/wp-content\/uploads\/2026\/01\/%E5%9B%BE%E7%89%87-300x201.png\" sizes=\"(max-width: 300px) 100vw, 300px\" srcset=\"https:\/\/www.bosaenergy.cn\/wp-content\/uploads\/2026\/01\/\u56fe\u7247-300x201.png 300w, https:\/\/www.bosaenergy.cn\/wp-content\/uploads\/2026\/01\/\u56fe\u7247-1024x686.png 1024w, https:\/\/www.bosaenergy.cn\/wp-content\/uploads\/2026\/01\/\u56fe\u7247-768x514.png 768w, https:\/\/www.bosaenergy.cn\/wp-content\/uploads\/2026\/01\/\u56fe\u7247-370x247.png 370w, https:\/\/www.bosaenergy.cn\/wp-content\/uploads\/2026\/01\/\u56fe\u7247-270x180.png 270w, https:\/\/www.bosaenergy.cn\/wp-content\/uploads\/2026\/01\/\u56fe\u7247-600x402.png 600w, https:\/\/www.bosaenergy.cn\/wp-content\/uploads\/2026\/01\/\u56fe\u7247.png 1208w\" alt=\"\" width=\"300\" height=\"201\" \/>\u00a0<img decoding=\"async\" class=\"alignnone size-medium wp-image-2336\" src=\"https:\/\/www.bosaenergy.cn\/wp-content\/uploads\/2026\/01\/%E5%9B%BE%E7%89%871-300x200.png\" sizes=\"(max-width: 300px) 100vw, 300px\" srcset=\"https:\/\/www.bosaenergy.cn\/wp-content\/uploads\/2026\/01\/\u56fe\u72471-300x200.png 300w, https:\/\/www.bosaenergy.cn\/wp-content\/uploads\/2026\/01\/\u56fe\u72471-768x513.png 768w, https:\/\/www.bosaenergy.cn\/wp-content\/uploads\/2026\/01\/\u56fe\u72471-370x247.png 370w, https:\/\/www.bosaenergy.cn\/wp-content\/uploads\/2026\/01\/\u56fe\u72471-270x180.png 270w, https:\/\/www.bosaenergy.cn\/wp-content\/uploads\/2026\/01\/\u56fe\u72471-600x401.png 600w, https:\/\/www.bosaenergy.cn\/wp-content\/uploads\/2026\/01\/\u56fe\u72471.png 871w\" alt=\"\" width=\"300\" height=\"200\" \/>\u00a0<img decoding=\"async\" class=\"alignnone size-medium wp-image-2337\" src=\"https:\/\/www.bosaenergy.cn\/wp-content\/uploads\/2026\/01\/%E5%9B%BE%E7%89%872-300x201.png\" sizes=\"(max-width: 300px) 100vw, 300px\" srcset=\"https:\/\/www.bosaenergy.cn\/wp-content\/uploads\/2026\/01\/\u56fe\u72472-300x201.png 300w, https:\/\/www.bosaenergy.cn\/wp-content\/uploads\/2026\/01\/\u56fe\u72472-1024x686.png 1024w, https:\/\/www.bosaenergy.cn\/wp-content\/uploads\/2026\/01\/\u56fe\u72472-768x514.png 768w, https:\/\/www.bosaenergy.cn\/wp-content\/uploads\/2026\/01\/\u56fe\u72472-370x247.png 370w, https:\/\/www.bosaenergy.cn\/wp-content\/uploads\/2026\/01\/\u56fe\u72472-270x180.png 270w, https:\/\/www.bosaenergy.cn\/wp-content\/uploads\/2026\/01\/\u56fe\u72472-600x402.png 600w, https:\/\/www.bosaenergy.cn\/wp-content\/uploads\/2026\/01\/\u56fe\u72472.png 1208w\" alt=\"\" width=\"300\" height=\"201\" \/>\u00a0<img loading=\"lazy\" decoding=\"async\" class=\"alignnone size-medium wp-image-2338\" src=\"https:\/\/www.bosaenergy.cn\/wp-content\/uploads\/2026\/01\/%E5%9B%BE%E7%89%873-300x201.png\" sizes=\"(max-width: 300px) 100vw, 300px\" srcset=\"https:\/\/www.bosaenergy.cn\/wp-content\/uploads\/2026\/01\/\u56fe\u72473-300x201.png 300w, https:\/\/www.bosaenergy.cn\/wp-content\/uploads\/2026\/01\/\u56fe\u72473-768x514.png 768w, https:\/\/www.bosaenergy.cn\/wp-content\/uploads\/2026\/01\/\u56fe\u72473-370x247.png 370w, https:\/\/www.bosaenergy.cn\/wp-content\/uploads\/2026\/01\/\u56fe\u72473-270x180.png 270w, https:\/\/www.bosaenergy.cn\/wp-content\/uploads\/2026\/01\/\u56fe\u72473-600x402.png 600w, https:\/\/www.bosaenergy.cn\/wp-content\/uploads\/2026\/01\/\u56fe\u72473.png 868w\" alt=\"\" width=\"300\" height=\"201\" \/><\/p>\n<p>A continuaci\u00f3n se presenta nuestra hoja de especificaciones b\u00e1sicas del producto:<\/p>\n<table style=\"border-collapse: collapse; width: 328.52pt;\" border=\"0\" width=\"438\" cellspacing=\"0\" cellpadding=\"0\">\n<tbody>\n<tr style=\"height: 30.00pt;\">\n<td class=\"et2\" style=\"height: 30.00pt; width: 174.75pt;\" width=\"233\" height=\"40\">Energ\u00eda nominal<\/td>\n<td class=\"et2\" style=\"width: 153.75pt;\" width=\"205\">5 MWh<\/td>\n<\/tr>\n<tr style=\"height: 30.00pt;\">\n<td class=\"et2\" style=\"height: 30.00pt;\" height=\"40\">Tensi\u00f3n nominal<\/td>\n<td class=\"et2\">1460V<\/td>\n<\/tr>\n<tr style=\"height: 30.00pt;\">\n<td class=\"et2\" style=\"height: 30.00pt;\" height=\"40\">Dimensiones (Ancho*Profundidad*Alto)<\/td>\n<td class=\"et2\">14,6*2,8*2,9 m<\/td>\n<\/tr>\n<tr style=\"height: 30.00pt;\">\n<td class=\"et2\" style=\"height: 30.00pt;\" height=\"40\">Peso<\/td>\n<td class=\"et2\">56T<\/td>\n<\/tr>\n<tr style=\"height: 30.00pt;\">\n<td class=\"et2\" style=\"height: 30.00pt;\" height=\"40\">Temperatura ambiente<\/td>\n<td class=\"et2\">-20~55<span class=\"font2\">\u2103<\/span><\/td>\n<\/tr>\n<tr style=\"height: 30.00pt;\">\n<td class=\"et2\" style=\"height: 30.00pt;\" height=\"40\">Interfaz de comunicaci\u00f3n<\/td>\n<td class=\"et2\">RS485\/CAN\/Ethernet<\/td>\n<\/tr>\n<tr style=\"height: 30.00pt;\">\n<td class=\"et2\" style=\"height: 30.00pt;\" height=\"40\">M\u00e9todo de enfriamiento<\/td>\n<td class=\"et2\">refrigeraci\u00f3n por aire<\/td>\n<\/tr>\n<\/tbody>\n<\/table>\n<p>Para obtener m\u00e1s detalles o solicitar personalizaciones, p\u00f3ngase en contacto con nosotros en: info@bosaenergy.cn<\/p>","protected":false},"excerpt":{"rendered":"<p>Energ\u00eda nominal: 5 MWh<\/p>\n<p>Tensi\u00f3n nominal: 1460 V<\/p>\n<p>Interfaz de comunicaci\u00f3n: RS485\/CAN\/Ethernet<\/p>\n<p>M\u00e9todo de refrigeraci\u00f3n: refrigeraci\u00f3n por aire<\/p>","protected":false},"featured_media":1764,"comment_status":"open","ping_status":"closed","template":"","meta":[],"product_brand":[],"product_cat":[78],"product_tag":[],"class_list":{"0":"post-1762","1":"product","2":"type-product","3":"status-publish","4":"has-post-thumbnail","6":"product_cat-air-ccooling","8":"first","9":"instock","10":"shipping-taxable","11":"product-type-simple"},"yoast_head":"<!-- This site is optimized with the Yoast SEO plugin v27.5 - https:\/\/yoast.com\/product\/yoast-seo-wordpress\/ -->\n<title>Air Cooling Container ESS - BOSA lithium battery<\/title>\n<meta name=\"robots\" content=\"index, follow, max-snippet:-1, max-image-preview:large, max-video-preview:-1\" \/>\n<link rel=\"canonical\" href=\"https:\/\/www.bosaenergy.cn\/es\/product\/contenedor-de-refrigeracion-por-aire\/\" \/>\n<meta property=\"og:locale\" content=\"es_ES\" \/>\n<meta property=\"og:type\" content=\"article\" \/>\n<meta property=\"og:title\" content=\"Air Cooling Container ESS - BOSA lithium battery\" \/>\n<meta property=\"og:description\" content=\"Rated energy: 5MWh  Rated voltage: 1460V  Communication interface: RS485\/CAN\/Ethernet  Cooling method: air cooling\" \/>\n<meta property=\"og:url\" content=\"https:\/\/www.bosaenergy.cn\/es\/product\/contenedor-de-refrigeracion-por-aire\/\" \/>\n<meta property=\"og:site_name\" content=\"BOSA lithium battery\" \/>\n<meta property=\"article:publisher\" content=\"https:\/\/www.facebook.com\/profile.php?id=100066454002295\" \/>\n<meta property=\"article:modified_time\" content=\"2026-03-20T07:47:35+00:00\" \/>\n<meta property=\"og:image\" content=\"https:\/\/www.bosaenergy.cn\/wp-content\/uploads\/2025\/12\/\u672a\u6807\u9898-1-14.png\" \/>\n\t<meta property=\"og:image:width\" content=\"2400\" \/>\n\t<meta property=\"og:image:height\" content=\"1800\" \/>\n\t<meta property=\"og:image:type\" content=\"image\/png\" \/>\n<meta name=\"twitter:card\" content=\"summary_large_image\" \/>\n<meta name=\"twitter:site\" content=\"@BellaBosa\" \/>\n<meta name=\"twitter:label1\" content=\"Tiempo de lectura\" \/>\n\t<meta name=\"twitter:data1\" content=\"2 minutos\" \/>\n<script type=\"application\/ld+json\" class=\"yoast-schema-graph\">{\"@context\":\"https:\\\/\\\/schema.org\",\"@graph\":[{\"@type\":\"WebPage\",\"@id\":\"https:\\\/\\\/www.bosaenergy.cn\\\/es\\\/product\\\/air-cooling-container-ess\\\/\",\"url\":\"https:\\\/\\\/www.bosaenergy.cn\\\/es\\\/product\\\/air-cooling-container-ess\\\/\",\"name\":\"Air Cooling Container ESS - BOSA lithium battery\",\"isPartOf\":{\"@id\":\"https:\\\/\\\/www.bosaenergy.cn\\\/es\\\/#website\"},\"primaryImageOfPage\":{\"@id\":\"https:\\\/\\\/www.bosaenergy.cn\\\/es\\\/product\\\/air-cooling-container-ess\\\/#primaryimage\"},\"image\":{\"@id\":\"https:\\\/\\\/www.bosaenergy.cn\\\/es\\\/product\\\/air-cooling-container-ess\\\/#primaryimage\"},\"thumbnailUrl\":\"https:\\\/\\\/www.bosaenergy.cn\\\/wp-content\\\/uploads\\\/2025\\\/12\\\/\u672a\u6807\u9898-1-14.png\",\"datePublished\":\"2025-12-25T06:36:25+00:00\",\"dateModified\":\"2026-03-20T07:47:35+00:00\",\"breadcrumb\":{\"@id\":\"https:\\\/\\\/www.bosaenergy.cn\\\/es\\\/product\\\/air-cooling-container-ess\\\/#breadcrumb\"},\"inLanguage\":\"es\",\"potentialAction\":[{\"@type\":\"ReadAction\",\"target\":[\"https:\\\/\\\/www.bosaenergy.cn\\\/es\\\/product\\\/air-cooling-container-ess\\\/\"]}]},{\"@type\":\"ImageObject\",\"inLanguage\":\"es\",\"@id\":\"https:\\\/\\\/www.bosaenergy.cn\\\/es\\\/product\\\/air-cooling-container-ess\\\/#primaryimage\",\"url\":\"https:\\\/\\\/www.bosaenergy.cn\\\/wp-content\\\/uploads\\\/2025\\\/12\\\/\u672a\u6807\u9898-1-14.png\",\"contentUrl\":\"https:\\\/\\\/www.bosaenergy.cn\\\/wp-content\\\/uploads\\\/2025\\\/12\\\/\u672a\u6807\u9898-1-14.png\",\"width\":2400,\"height\":1800},{\"@type\":\"BreadcrumbList\",\"@id\":\"https:\\\/\\\/www.bosaenergy.cn\\\/es\\\/product\\\/air-cooling-container-ess\\\/#breadcrumb\",\"itemListElement\":[{\"@type\":\"ListItem\",\"position\":1,\"name\":\"\u9996\u9875\",\"item\":\"https:\\\/\\\/www.bosaenergy.cn\\\/\"},{\"@type\":\"ListItem\",\"position\":2,\"name\":\"Products\",\"item\":\"https:\\\/\\\/www.bosaenergy.cn\\\/products\\\/\"},{\"@type\":\"ListItem\",\"position\":3,\"name\":\"Air Cooling Container ESS\"}]},{\"@type\":\"WebSite\",\"@id\":\"https:\\\/\\\/www.bosaenergy.cn\\\/es\\\/#website\",\"url\":\"https:\\\/\\\/www.bosaenergy.cn\\\/es\\\/\",\"name\":\"bosa\",\"description\":\"\",\"publisher\":{\"@id\":\"https:\\\/\\\/www.bosaenergy.cn\\\/es\\\/#organization\"},\"potentialAction\":[{\"@type\":\"SearchAction\",\"target\":{\"@type\":\"EntryPoint\",\"urlTemplate\":\"https:\\\/\\\/www.bosaenergy.cn\\\/es\\\/?s={search_term_string}\"},\"query-input\":{\"@type\":\"PropertyValueSpecification\",\"valueRequired\":true,\"valueName\":\"search_term_string\"}}],\"inLanguage\":\"es\"},{\"@type\":\"Organization\",\"@id\":\"https:\\\/\\\/www.bosaenergy.cn\\\/es\\\/#organization\",\"name\":\"bosa\",\"url\":\"https:\\\/\\\/www.bosaenergy.cn\\\/es\\\/\",\"logo\":{\"@type\":\"ImageObject\",\"inLanguage\":\"es\",\"@id\":\"https:\\\/\\\/www.bosaenergy.cn\\\/es\\\/#\\\/schema\\\/logo\\\/image\\\/\",\"url\":\"https:\\\/\\\/www.bosaenergy.cn\\\/wp-content\\\/uploads\\\/2025\\\/11\\\/33ecacab3feacab1205891969ab9ce3f-1.png\",\"contentUrl\":\"https:\\\/\\\/www.bosaenergy.cn\\\/wp-content\\\/uploads\\\/2025\\\/11\\\/33ecacab3feacab1205891969ab9ce3f-1.png\",\"width\":500,\"height\":201,\"caption\":\"bosa\"},\"image\":{\"@id\":\"https:\\\/\\\/www.bosaenergy.cn\\\/es\\\/#\\\/schema\\\/logo\\\/image\\\/\"},\"sameAs\":[\"https:\\\/\\\/www.facebook.com\\\/profile.php?id=100066454002295\",\"https:\\\/\\\/x.com\\\/BellaBosa\",\"https:\\\/\\\/www.instagram.com\\\/bosa_energy\\\/\",\"https:\\\/\\\/www.youtube.com\\\/@bosanewenergy3210\",\"https:\\\/\\\/www.linkedin.com\\\/company\\\/bosaenergy\\\/posts\\\/?feedView=all\"]}]}<\/script>\n<!-- \/ Yoast SEO plugin. -->","yoast_head_json":{"title":"Contenedor de refrigeraci\u00f3n por aire ESS - Bater\u00eda de litio BOSA","robots":{"index":"index","follow":"follow","max-snippet":"max-snippet:-1","max-image-preview":"max-image-preview:large","max-video-preview":"max-video-preview:-1"},"canonical":"https:\/\/www.bosaenergy.cn\/es\/product\/contenedor-de-refrigeracion-por-aire\/","og_locale":"es_ES","og_type":"article","og_title":"Air Cooling Container ESS - BOSA lithium battery","og_description":"Rated energy: 5MWh  Rated voltage: 1460V  Communication interface: RS485\/CAN\/Ethernet  Cooling method: air cooling","og_url":"https:\/\/www.bosaenergy.cn\/es\/product\/contenedor-de-refrigeracion-por-aire\/","og_site_name":"BOSA lithium battery","article_publisher":"https:\/\/www.facebook.com\/profile.php?id=100066454002295","article_modified_time":"2026-03-20T07:47:35+00:00","og_image":[{"width":2400,"height":1800,"url":"https:\/\/www.bosaenergy.cn\/wp-content\/uploads\/2025\/12\/\u672a\u6807\u9898-1-14.png","type":"image\/png"}],"twitter_card":"summary_large_image","twitter_site":"@BellaBosa","twitter_misc":{"Tiempo de lectura":"2 minutos"},"schema":{"@context":"https:\/\/schema.org","@graph":[{"@type":"WebPage","@id":"https:\/\/www.bosaenergy.cn\/es\/product\/air-cooling-container-ess\/","url":"https:\/\/www.bosaenergy.cn\/es\/product\/air-cooling-container-ess\/","name":"Contenedor de refrigeraci\u00f3n por aire ESS - Bater\u00eda de litio BOSA","isPartOf":{"@id":"https:\/\/www.bosaenergy.cn\/es\/#website"},"primaryImageOfPage":{"@id":"https:\/\/www.bosaenergy.cn\/es\/product\/air-cooling-container-ess\/#primaryimage"},"image":{"@id":"https:\/\/www.bosaenergy.cn\/es\/product\/air-cooling-container-ess\/#primaryimage"},"thumbnailUrl":"https:\/\/www.bosaenergy.cn\/wp-content\/uploads\/2025\/12\/\u672a\u6807\u9898-1-14.png","datePublished":"2025-12-25T06:36:25+00:00","dateModified":"2026-03-20T07:47:35+00:00","breadcrumb":{"@id":"https:\/\/www.bosaenergy.cn\/es\/product\/air-cooling-container-ess\/#breadcrumb"},"inLanguage":"es","potentialAction":[{"@type":"ReadAction","target":["https:\/\/www.bosaenergy.cn\/es\/product\/air-cooling-container-ess\/"]}]},{"@type":"ImageObject","inLanguage":"es","@id":"https:\/\/www.bosaenergy.cn\/es\/product\/air-cooling-container-ess\/#primaryimage","url":"https:\/\/www.bosaenergy.cn\/wp-content\/uploads\/2025\/12\/\u672a\u6807\u9898-1-14.png","contentUrl":"https:\/\/www.bosaenergy.cn\/wp-content\/uploads\/2025\/12\/\u672a\u6807\u9898-1-14.png","width":2400,"height":1800},{"@type":"BreadcrumbList","@id":"https:\/\/www.bosaenergy.cn\/es\/product\/air-cooling-container-ess\/#breadcrumb","itemListElement":[{"@type":"ListItem","position":1,"name":"\u9996\u9875","item":"https:\/\/www.bosaenergy.cn\/"},{"@type":"ListItem","position":2,"name":"Products","item":"https:\/\/www.bosaenergy.cn\/products\/"},{"@type":"ListItem","position":3,"name":"Air Cooling Container ESS"}]},{"@type":"WebSite","@id":"https:\/\/www.bosaenergy.cn\/es\/#website","url":"https:\/\/www.bosaenergy.cn\/es\/","name":"bosa","description":"","publisher":{"@id":"https:\/\/www.bosaenergy.cn\/es\/#organization"},"potentialAction":[{"@type":"SearchAction","target":{"@type":"EntryPoint","urlTemplate":"https:\/\/www.bosaenergy.cn\/es\/?s={search_term_string}"},"query-input":{"@type":"PropertyValueSpecification","valueRequired":true,"valueName":"search_term_string"}}],"inLanguage":"es"},{"@type":"Organization","@id":"https:\/\/www.bosaenergy.cn\/es\/#organization","name":"bosa","url":"https:\/\/www.bosaenergy.cn\/es\/","logo":{"@type":"ImageObject","inLanguage":"es","@id":"https:\/\/www.bosaenergy.cn\/es\/#\/schema\/logo\/image\/","url":"https:\/\/www.bosaenergy.cn\/wp-content\/uploads\/2025\/11\/33ecacab3feacab1205891969ab9ce3f-1.png","contentUrl":"https:\/\/www.bosaenergy.cn\/wp-content\/uploads\/2025\/11\/33ecacab3feacab1205891969ab9ce3f-1.png","width":500,"height":201,"caption":"bosa"},"image":{"@id":"https:\/\/www.bosaenergy.cn\/es\/#\/schema\/logo\/image\/"},"sameAs":["https:\/\/www.facebook.com\/profile.php?id=100066454002295","https:\/\/x.com\/BellaBosa","https:\/\/www.instagram.com\/bosa_energy\/","https:\/\/www.youtube.com\/@bosanewenergy3210","https:\/\/www.linkedin.com\/company\/bosaenergy\/posts\/?feedView=all"]}]}},"_links":{"self":[{"href":"https:\/\/www.bosaenergy.cn\/es\/wp-json\/wp\/v2\/product\/1762","targetHints":{"allow":["GET"]}}],"collection":[{"href":"https:\/\/www.bosaenergy.cn\/es\/wp-json\/wp\/v2\/product"}],"about":[{"href":"https:\/\/www.bosaenergy.cn\/es\/wp-json\/wp\/v2\/types\/product"}],"replies":[{"embeddable":true,"href":"https:\/\/www.bosaenergy.cn\/es\/wp-json\/wp\/v2\/comments?post=1762"}],"wp:featuredmedia":[{"embeddable":true,"href":"https:\/\/www.bosaenergy.cn\/es\/wp-json\/wp\/v2\/media\/1764"}],"wp:attachment":[{"href":"https:\/\/www.bosaenergy.cn\/es\/wp-json\/wp\/v2\/media?parent=1762"}],"wp:term":[{"taxonomy":"product_brand","embeddable":true,"href":"https:\/\/www.bosaenergy.cn\/es\/wp-json\/wp\/v2\/product_brand?post=1762"},{"taxonomy":"product_cat","embeddable":true,"href":"https:\/\/www.bosaenergy.cn\/es\/wp-json\/wp\/v2\/product_cat?post=1762"},{"taxonomy":"product_tag","embeddable":true,"href":"https:\/\/www.bosaenergy.cn\/es\/wp-json\/wp\/v2\/product_tag?post=1762"}],"curies":[{"name":"wp","href":"https:\/\/api.w.org\/{rel}","templated":true}]}}