{"id":1428,"date":"2025-12-23T09:36:41","date_gmt":"2025-12-23T01:36:41","guid":{"rendered":"https:\/\/www.bosaenergy.cn\/?post_type=product&#038;p=1428"},"modified":"2026-04-13T16:11:00","modified_gmt":"2026-04-13T08:11:00","slug":"24-voltios","status":"publish","type":"product","link":"https:\/\/www.bosaenergy.cn\/es\/product\/24v\/","title":{"rendered":"Bater\u00eda de 24 V para barredora el\u00e9ctrica"},"content":{"rendered":"<p>El objetivo de la empresa Bosa es ser la mejor.\u00a0<strong>bater\u00eda industrial LFP<\/strong>\u00a0Proveedor de China. Nuestro negocio principal abarca\u00a0<strong>bater\u00edas de iones de litio<\/strong>\u00a0y sistemas de alimentaci\u00f3n el\u00e9ctrica, utilizados en el almacenamiento de energ\u00eda, veh\u00edculos el\u00e9ctricos y aplicaciones marinas.<\/p>\n<p>Por su excelente calidad y rendimiento, nuestros productos son populares en m\u00e1s de 30 pa\u00edses del mundo. Adem\u00e1s, poseemos numerosas patentes que se utilizan ampliamente en\u00a0<strong>bater\u00eda de litio<\/strong>\u00a0investigaci\u00f3n y desarrollo.<\/p>\n<p>Contamos con 4 l\u00edneas de producci\u00f3n impulsadas por IA para la fabricaci\u00f3n de productos, que incluyen la selecci\u00f3n y prueba de celdas, el ensamblaje de m\u00f3dulos y el ensamblaje de paquetes de bater\u00edas.<\/p>\n<p><img fetchpriority=\"high\" decoding=\"async\" class=\"alignnone size-medium wp-image-2339\" src=\"https:\/\/www.bosaenergy.cn\/wp-content\/uploads\/2026\/01\/%E5%9B%BE%E7%89%87-300x201.png\" sizes=\"(max-width: 300px) 100vw, 300px\" srcset=\"https:\/\/www.bosaenergy.cn\/wp-content\/uploads\/2026\/01\/\u56fe\u7247-300x201.png 300w, https:\/\/www.bosaenergy.cn\/wp-content\/uploads\/2026\/01\/\u56fe\u7247-1024x686.png 1024w, https:\/\/www.bosaenergy.cn\/wp-content\/uploads\/2026\/01\/\u56fe\u7247-768x514.png 768w, https:\/\/www.bosaenergy.cn\/wp-content\/uploads\/2026\/01\/\u56fe\u7247-370x247.png 370w, https:\/\/www.bosaenergy.cn\/wp-content\/uploads\/2026\/01\/\u56fe\u7247-270x180.png 270w, https:\/\/www.bosaenergy.cn\/wp-content\/uploads\/2026\/01\/\u56fe\u7247-600x402.png 600w, https:\/\/www.bosaenergy.cn\/wp-content\/uploads\/2026\/01\/\u56fe\u7247.png 1208w\" alt=\"\" width=\"300\" height=\"201\" \/>\u00a0<img decoding=\"async\" class=\"alignnone size-medium wp-image-2336\" src=\"https:\/\/www.bosaenergy.cn\/wp-content\/uploads\/2026\/01\/%E5%9B%BE%E7%89%871-300x200.png\" sizes=\"(max-width: 300px) 100vw, 300px\" srcset=\"https:\/\/www.bosaenergy.cn\/wp-content\/uploads\/2026\/01\/\u56fe\u72471-300x200.png 300w, https:\/\/www.bosaenergy.cn\/wp-content\/uploads\/2026\/01\/\u56fe\u72471-768x513.png 768w, https:\/\/www.bosaenergy.cn\/wp-content\/uploads\/2026\/01\/\u56fe\u72471-370x247.png 370w, https:\/\/www.bosaenergy.cn\/wp-content\/uploads\/2026\/01\/\u56fe\u72471-270x180.png 270w, https:\/\/www.bosaenergy.cn\/wp-content\/uploads\/2026\/01\/\u56fe\u72471-600x401.png 600w, https:\/\/www.bosaenergy.cn\/wp-content\/uploads\/2026\/01\/\u56fe\u72471.png 871w\" alt=\"\" width=\"300\" height=\"200\" \/>\u00a0<img decoding=\"async\" class=\"alignnone size-medium wp-image-2337\" src=\"https:\/\/www.bosaenergy.cn\/wp-content\/uploads\/2026\/01\/%E5%9B%BE%E7%89%872-300x201.png\" sizes=\"(max-width: 300px) 100vw, 300px\" srcset=\"https:\/\/www.bosaenergy.cn\/wp-content\/uploads\/2026\/01\/\u56fe\u72472-300x201.png 300w, https:\/\/www.bosaenergy.cn\/wp-content\/uploads\/2026\/01\/\u56fe\u72472-1024x686.png 1024w, https:\/\/www.bosaenergy.cn\/wp-content\/uploads\/2026\/01\/\u56fe\u72472-768x514.png 768w, https:\/\/www.bosaenergy.cn\/wp-content\/uploads\/2026\/01\/\u56fe\u72472-370x247.png 370w, https:\/\/www.bosaenergy.cn\/wp-content\/uploads\/2026\/01\/\u56fe\u72472-270x180.png 270w, https:\/\/www.bosaenergy.cn\/wp-content\/uploads\/2026\/01\/\u56fe\u72472-600x402.png 600w, https:\/\/www.bosaenergy.cn\/wp-content\/uploads\/2026\/01\/\u56fe\u72472.png 1208w\" alt=\"\" width=\"300\" height=\"201\" \/>\u00a0<img loading=\"lazy\" decoding=\"async\" class=\"alignnone size-medium wp-image-2338\" src=\"https:\/\/www.bosaenergy.cn\/wp-content\/uploads\/2026\/01\/%E5%9B%BE%E7%89%873-300x201.png\" sizes=\"(max-width: 300px) 100vw, 300px\" srcset=\"https:\/\/www.bosaenergy.cn\/wp-content\/uploads\/2026\/01\/\u56fe\u72473-300x201.png 300w, https:\/\/www.bosaenergy.cn\/wp-content\/uploads\/2026\/01\/\u56fe\u72473-768x514.png 768w, https:\/\/www.bosaenergy.cn\/wp-content\/uploads\/2026\/01\/\u56fe\u72473-370x247.png 370w, https:\/\/www.bosaenergy.cn\/wp-content\/uploads\/2026\/01\/\u56fe\u72473-270x180.png 270w, https:\/\/www.bosaenergy.cn\/wp-content\/uploads\/2026\/01\/\u56fe\u72473-600x402.png 600w, https:\/\/www.bosaenergy.cn\/wp-content\/uploads\/2026\/01\/\u56fe\u72473.png 868w\" alt=\"\" width=\"300\" height=\"201\" \/><\/p>\n<p>Todas estas poderosas ventajas hacen de Bosa una empresa excepcional.\u00a0<strong>bater\u00edas LiFePo4<\/strong>\u00a0Un reemplazo ideal para las bater\u00edas tradicionales de plomo-\u00e1cido. La conversi\u00f3n de sus bater\u00edas a iones de litio puede requerir una mayor inversi\u00f3n inicial, pero el ahorro continuo en energ\u00eda, equipos, mano de obra y tiempo de inactividad reducir\u00e1 significativamente su costo total de propiedad.<\/p>\n<p>Nuestro\u00a0<strong>25,6 V<\/strong>\u00a0<strong>paquete de bater\u00edas para barredora el\u00e9ctrica<\/strong>\u00a0presenta las siguientes ventajas:<\/p>\n<p>\u2022 Carga r\u00e1pida y flexible. Una carga completa tarda solo 4 horas, en comparaci\u00f3n con las 8-10 horas de las bater\u00edas de plomo-\u00e1cido, y cargar en cualquier momento no da\u00f1ar\u00e1 la bater\u00eda.\u00a0<strong>bater\u00eda<\/strong>.<\/p>\n<p>\u2022 Larga duraci\u00f3n: \u00bfno quieres interrupciones? No hay problema. BOSA\u00a0<strong>bater\u00edas<\/strong>\u00a0Dura entre 4 y 5 veces m\u00e1s que las bater\u00edas de plomo-\u00e1cido y cuenta con una garant\u00eda de 3 a\u00f1os.<\/p>\n<p>\u2022 Durabilidad: soporta los golpes y sacudidas de la vida diaria. BOSA\u00a0<strong>bater\u00edas LiFePo4<\/strong>\u00a0Cumplen con los est\u00e1ndares de durabilidad y vibraci\u00f3n.<\/p>\n<p>Mantenimiento: ninguno. No requiere riego. Sin \u00e1cido, sin corrosi\u00f3n. Sin goteo de \u00e1cido, sin vapores de carga.<\/p>\n<p>A continuaci\u00f3n se muestra nuestra hoja de especificaciones del producto:<\/p>\n<table style=\"height: 526px;\" width=\"1157\">\n<tbody>\n<tr>\n<td width=\"1116\"><\/td>\n<td width=\"685\">25,6 V-105 Ah<\/td>\n<td width=\"638\">25,6 V-150 Ah<\/td>\n<td width=\"599\">25,6 V-230 Ah<\/td>\n<td width=\"675\">25,6 V-304 Ah<\/td>\n<\/tr>\n<tr>\n<td width=\"1116\">Qu\u00edmica de las bater\u00edas<\/td>\n<td colspan=\"4\" width=\"2598\">Fosfato de hierro y litio<\/td>\n<\/tr>\n<tr>\n<td width=\"1116\">Voltaje nominal de la bater\u00eda<\/td>\n<td colspan=\"4\" width=\"2598\">25,6 V<\/td>\n<\/tr>\n<tr>\n<td width=\"1116\">Capacidad nominal de la bater\u00eda<\/td>\n<td width=\"685\">105 Ah<\/td>\n<td width=\"638\">150 Ah<\/td>\n<td width=\"599\">230 Ah<\/td>\n<td width=\"675\">304 Ah<\/td>\n<\/tr>\n<tr>\n<td width=\"1116\">Capacidad de energ\u00eda nominal de la bater\u00eda<\/td>\n<td width=\"685\">2,688 kWh<\/td>\n<td width=\"638\">3,84 kWh<\/td>\n<td width=\"599\">5,888 kWh<\/td>\n<td width=\"675\">7,782 kWh<\/td>\n<\/tr>\n<tr>\n<td width=\"1116\">Ciclo de vida<\/td>\n<td colspan=\"4\" width=\"2598\">&gt;3500\u00a0cycles\u00a0@0.5C\/0.5C,25\u00b12\u2103<\/td>\n<\/tr>\n<tr>\n<td width=\"1116\">Corriente de carga continua m\u00e1xima recomendada<\/td>\n<td width=\"685\">50A<\/td>\n<td width=\"638\">75A<\/td>\n<td width=\"599\">115A<\/td>\n<td width=\"675\">150A<\/td>\n<\/tr>\n<tr>\n<td width=\"1116\">Corriente de descarga continua m\u00e1xima recomendada<\/td>\n<td width=\"685\">105A<\/td>\n<td width=\"638\">150A<\/td>\n<td width=\"599\">200A<\/td>\n<td width=\"675\">200A<\/td>\n<\/tr>\n<tr>\n<td width=\"1116\">Corriente de descarga m\u00e1xima<\/td>\n<td width=\"685\">200A a 10S<\/td>\n<td width=\"638\">200A a 10S<\/td>\n<td width=\"599\">300A@10S<\/td>\n<td width=\"675\">350A a 10S<\/td>\n<\/tr>\n<tr>\n<td width=\"1116\">Monitoreo de la bater\u00eda<\/td>\n<td colspan=\"4\" width=\"2598\">apoyo<\/td>\n<\/tr>\n<tr>\n<td width=\"1116\">Comunicaci\u00f3n MasterBus<\/td>\n<td colspan=\"4\" width=\"2598\">\/<\/td>\n<\/tr>\n<tr>\n<td width=\"1116\">Comunicaci\u00f3n<\/td>\n<td colspan=\"4\" width=\"2598\">CAN\/RS485<\/td>\n<\/tr>\n<tr>\n<td width=\"1116\">Terminales<\/td>\n<td colspan=\"4\" width=\"2598\">Bloques de terminales<\/td>\n<\/tr>\n<tr>\n<td width=\"1116\">Peso del producto (kg\/libras)<\/td>\n<td width=\"685\">28.6\/62.92<\/td>\n<td width=\"638\">39.5\/86.9<\/td>\n<td width=\"599\">49\/108.03<\/td>\n<td width=\"675\">63\/138.89<\/td>\n<\/tr>\n<tr>\n<td width=\"1116\">Dimensiones (L*An*Al mm)<\/td>\n<td width=\"685\">324*206*244<\/td>\n<td width=\"638\">424*306*244<\/td>\n<td width=\"599\">488*270*238<\/td>\n<td width=\"675\">468*350*238<\/td>\n<\/tr>\n<tr>\n<td width=\"1116\">Dimensiones (largo x ancho x alto en pulgadas)<\/td>\n<td width=\"685\">12.76*7.87*9.61<\/td>\n<td width=\"638\">16.69*12.05*9.61<\/td>\n<td width=\"599\">19.21*9.06*9.37<\/td>\n<td width=\"675\">18.43*13.78*9.37<\/td>\n<\/tr>\n<tr>\n<td width=\"1116\">Grado de protecci\u00f3n<\/td>\n<td colspan=\"4\" width=\"2598\">IP65<\/td>\n<\/tr>\n<tr>\n<td width=\"1116\">Protecciones<\/td>\n<td colspan=\"4\" width=\"2598\">Sobretensi\u00f3n, subtensi\u00f3n, sobrecorriente, sobretemperatura, baja temperatura, etc.<\/td>\n<\/tr>\n<\/tbody>\n<\/table>","protected":false},"excerpt":{"rendered":"<p>Qu\u00edmica de la bater\u00eda: LFP<\/p>\n<p>Voltaje nominal de la bater\u00eda: 25,6 V<\/p>\n<p>Capacidad nominal de la bater\u00eda: 105 Ah \/ 150 Ah \/ 230 Ah \/ 304 Ah<\/p>\n<p>Capacidad energ\u00e9tica nominal de la bater\u00eda: 2,688 kWh \/ 3,84 kWh \/ 5,888 kWh \/ 7,782 kWh<\/p>\n<p>Vida \u00fatil: 3500 ciclos a 0,5 \u00b0C\/0,5 \u00b0C a 25 \u00b1 2 \u00b0C<\/p>\n<p>Disponemos de soluciones personalizadas.<\/p>","protected":false},"featured_media":1429,"comment_status":"open","ping_status":"closed","template":"","meta":[],"product_brand":[],"product_cat":[52],"product_tag":[],"class_list":{"0":"post-1428","1":"product","2":"type-product","3":"status-publish","4":"has-post-thumbnail","6":"product_cat-24v-lfp-battery-packs-for-electric-sweepers","8":"first","9":"instock","10":"shipping-taxable","11":"product-type-simple"},"yoast_head":"<!-- This site is optimized with the Yoast SEO plugin v27.5 - https:\/\/yoast.com\/product\/yoast-seo-wordpress\/ -->\n<title>24V Battery Pack for Electric Sweeper - BOSA lithium battery<\/title>\n<meta name=\"robots\" content=\"index, follow, max-snippet:-1, max-image-preview:large, max-video-preview:-1\" \/>\n<link rel=\"canonical\" href=\"https:\/\/www.bosaenergy.cn\/es\/product\/24-voltios\/\" \/>\n<meta property=\"og:locale\" content=\"es_ES\" \/>\n<meta property=\"og:type\" content=\"article\" \/>\n<meta property=\"og:title\" content=\"24V Battery Pack for Electric Sweeper - BOSA lithium battery\" \/>\n<meta property=\"og:description\" content=\"Battery chemistry: LFP  Nominal battery voltage: 25.6V  Nominal battery capacity: 105Ah \/ 150Ah \/ 230Ah \/ 304Ah  Nominal battery energy capacity:2.688kwh \/ 3.84kwh \/ 5.888kwh \/ 7.782kwh  Cycle life: 3500cycles@0.5C\/0.5C @25\u00b12\u2103  Customized solutions are available.\" \/>\n<meta property=\"og:url\" content=\"https:\/\/www.bosaenergy.cn\/es\/product\/24-voltios\/\" \/>\n<meta property=\"og:site_name\" content=\"BOSA lithium battery\" \/>\n<meta property=\"article:publisher\" content=\"https:\/\/www.facebook.com\/profile.php?id=100066454002295\" \/>\n<meta property=\"article:modified_time\" content=\"2026-04-13T08:11:00+00:00\" \/>\n<meta property=\"og:image\" content=\"https:\/\/www.bosaenergy.cn\/wp-content\/uploads\/2025\/12\/\u672a\u6807\u9898-1-5.png\" \/>\n\t<meta property=\"og:image:width\" content=\"2400\" \/>\n\t<meta property=\"og:image:height\" content=\"1800\" \/>\n\t<meta property=\"og:image:type\" content=\"image\/png\" \/>\n<meta name=\"twitter:card\" content=\"summary_large_image\" \/>\n<meta name=\"twitter:site\" content=\"@BellaBosa\" \/>\n<meta name=\"twitter:label1\" content=\"Tiempo de lectura\" \/>\n\t<meta name=\"twitter:data1\" content=\"3 minutos\" \/>\n<script type=\"application\/ld+json\" class=\"yoast-schema-graph\">{\"@context\":\"https:\\\/\\\/schema.org\",\"@graph\":[{\"@type\":\"WebPage\",\"@id\":\"https:\\\/\\\/www.bosaenergy.cn\\\/es\\\/product\\\/24v\\\/\",\"url\":\"https:\\\/\\\/www.bosaenergy.cn\\\/es\\\/product\\\/24v\\\/\",\"name\":\"24V Battery Pack for Electric Sweeper - BOSA lithium battery\",\"isPartOf\":{\"@id\":\"https:\\\/\\\/www.bosaenergy.cn\\\/es\\\/#website\"},\"primaryImageOfPage\":{\"@id\":\"https:\\\/\\\/www.bosaenergy.cn\\\/es\\\/product\\\/24v\\\/#primaryimage\"},\"image\":{\"@id\":\"https:\\\/\\\/www.bosaenergy.cn\\\/es\\\/product\\\/24v\\\/#primaryimage\"},\"thumbnailUrl\":\"https:\\\/\\\/www.bosaenergy.cn\\\/wp-content\\\/uploads\\\/2025\\\/12\\\/\u672a\u6807\u9898-1-5.png\",\"datePublished\":\"2025-12-23T01:36:41+00:00\",\"dateModified\":\"2026-04-13T08:11:00+00:00\",\"breadcrumb\":{\"@id\":\"https:\\\/\\\/www.bosaenergy.cn\\\/es\\\/product\\\/24v\\\/#breadcrumb\"},\"inLanguage\":\"es\",\"potentialAction\":[{\"@type\":\"ReadAction\",\"target\":[\"https:\\\/\\\/www.bosaenergy.cn\\\/es\\\/product\\\/24v\\\/\"]}]},{\"@type\":\"ImageObject\",\"inLanguage\":\"es\",\"@id\":\"https:\\\/\\\/www.bosaenergy.cn\\\/es\\\/product\\\/24v\\\/#primaryimage\",\"url\":\"https:\\\/\\\/www.bosaenergy.cn\\\/wp-content\\\/uploads\\\/2025\\\/12\\\/\u672a\u6807\u9898-1-5.png\",\"contentUrl\":\"https:\\\/\\\/www.bosaenergy.cn\\\/wp-content\\\/uploads\\\/2025\\\/12\\\/\u672a\u6807\u9898-1-5.png\",\"width\":2400,\"height\":1800},{\"@type\":\"BreadcrumbList\",\"@id\":\"https:\\\/\\\/www.bosaenergy.cn\\\/es\\\/product\\\/24v\\\/#breadcrumb\",\"itemListElement\":[{\"@type\":\"ListItem\",\"position\":1,\"name\":\"\u9996\u9875\",\"item\":\"https:\\\/\\\/www.bosaenergy.cn\\\/\"},{\"@type\":\"ListItem\",\"position\":2,\"name\":\"Products\",\"item\":\"https:\\\/\\\/www.bosaenergy.cn\\\/products\\\/\"},{\"@type\":\"ListItem\",\"position\":3,\"name\":\"24V Battery Pack for Electric Sweeper\"}]},{\"@type\":\"WebSite\",\"@id\":\"https:\\\/\\\/www.bosaenergy.cn\\\/es\\\/#website\",\"url\":\"https:\\\/\\\/www.bosaenergy.cn\\\/es\\\/\",\"name\":\"bosa\",\"description\":\"\",\"publisher\":{\"@id\":\"https:\\\/\\\/www.bosaenergy.cn\\\/es\\\/#organization\"},\"potentialAction\":[{\"@type\":\"SearchAction\",\"target\":{\"@type\":\"EntryPoint\",\"urlTemplate\":\"https:\\\/\\\/www.bosaenergy.cn\\\/es\\\/?s={search_term_string}\"},\"query-input\":{\"@type\":\"PropertyValueSpecification\",\"valueRequired\":true,\"valueName\":\"search_term_string\"}}],\"inLanguage\":\"es\"},{\"@type\":\"Organization\",\"@id\":\"https:\\\/\\\/www.bosaenergy.cn\\\/es\\\/#organization\",\"name\":\"bosa\",\"url\":\"https:\\\/\\\/www.bosaenergy.cn\\\/es\\\/\",\"logo\":{\"@type\":\"ImageObject\",\"inLanguage\":\"es\",\"@id\":\"https:\\\/\\\/www.bosaenergy.cn\\\/es\\\/#\\\/schema\\\/logo\\\/image\\\/\",\"url\":\"https:\\\/\\\/www.bosaenergy.cn\\\/wp-content\\\/uploads\\\/2025\\\/11\\\/33ecacab3feacab1205891969ab9ce3f-1.png\",\"contentUrl\":\"https:\\\/\\\/www.bosaenergy.cn\\\/wp-content\\\/uploads\\\/2025\\\/11\\\/33ecacab3feacab1205891969ab9ce3f-1.png\",\"width\":500,\"height\":201,\"caption\":\"bosa\"},\"image\":{\"@id\":\"https:\\\/\\\/www.bosaenergy.cn\\\/es\\\/#\\\/schema\\\/logo\\\/image\\\/\"},\"sameAs\":[\"https:\\\/\\\/www.facebook.com\\\/profile.php?id=100066454002295\",\"https:\\\/\\\/x.com\\\/BellaBosa\",\"https:\\\/\\\/www.instagram.com\\\/bosa_energy\\\/\",\"https:\\\/\\\/www.youtube.com\\\/@bosanewenergy3210\",\"https:\\\/\\\/www.linkedin.com\\\/company\\\/bosaenergy\\\/posts\\\/?feedView=all\"]}]}<\/script>\n<!-- \/ Yoast SEO plugin. -->","yoast_head_json":{"title":"Bater\u00eda de 24 V para barredora el\u00e9ctrica - Bater\u00eda de litio BOSA","robots":{"index":"index","follow":"follow","max-snippet":"max-snippet:-1","max-image-preview":"max-image-preview:large","max-video-preview":"max-video-preview:-1"},"canonical":"https:\/\/www.bosaenergy.cn\/es\/product\/24-voltios\/","og_locale":"es_ES","og_type":"article","og_title":"24V Battery Pack for Electric Sweeper - BOSA lithium battery","og_description":"Battery chemistry: LFP  Nominal battery voltage: 25.6V  Nominal battery capacity: 105Ah \/ 150Ah \/ 230Ah \/ 304Ah  Nominal battery energy capacity:2.688kwh \/ 3.84kwh \/ 5.888kwh \/ 7.782kwh  Cycle life: 3500cycles@0.5C\/0.5C @25\u00b12\u2103  Customized solutions are available.","og_url":"https:\/\/www.bosaenergy.cn\/es\/product\/24-voltios\/","og_site_name":"BOSA lithium battery","article_publisher":"https:\/\/www.facebook.com\/profile.php?id=100066454002295","article_modified_time":"2026-04-13T08:11:00+00:00","og_image":[{"width":2400,"height":1800,"url":"https:\/\/www.bosaenergy.cn\/wp-content\/uploads\/2025\/12\/\u672a\u6807\u9898-1-5.png","type":"image\/png"}],"twitter_card":"summary_large_image","twitter_site":"@BellaBosa","twitter_misc":{"Tiempo de lectura":"3 minutos"},"schema":{"@context":"https:\/\/schema.org","@graph":[{"@type":"WebPage","@id":"https:\/\/www.bosaenergy.cn\/es\/product\/24v\/","url":"https:\/\/www.bosaenergy.cn\/es\/product\/24v\/","name":"Bater\u00eda de 24 V para barredora el\u00e9ctrica - Bater\u00eda de litio BOSA","isPartOf":{"@id":"https:\/\/www.bosaenergy.cn\/es\/#website"},"primaryImageOfPage":{"@id":"https:\/\/www.bosaenergy.cn\/es\/product\/24v\/#primaryimage"},"image":{"@id":"https:\/\/www.bosaenergy.cn\/es\/product\/24v\/#primaryimage"},"thumbnailUrl":"https:\/\/www.bosaenergy.cn\/wp-content\/uploads\/2025\/12\/\u672a\u6807\u9898-1-5.png","datePublished":"2025-12-23T01:36:41+00:00","dateModified":"2026-04-13T08:11:00+00:00","breadcrumb":{"@id":"https:\/\/www.bosaenergy.cn\/es\/product\/24v\/#breadcrumb"},"inLanguage":"es","potentialAction":[{"@type":"ReadAction","target":["https:\/\/www.bosaenergy.cn\/es\/product\/24v\/"]}]},{"@type":"ImageObject","inLanguage":"es","@id":"https:\/\/www.bosaenergy.cn\/es\/product\/24v\/#primaryimage","url":"https:\/\/www.bosaenergy.cn\/wp-content\/uploads\/2025\/12\/\u672a\u6807\u9898-1-5.png","contentUrl":"https:\/\/www.bosaenergy.cn\/wp-content\/uploads\/2025\/12\/\u672a\u6807\u9898-1-5.png","width":2400,"height":1800},{"@type":"BreadcrumbList","@id":"https:\/\/www.bosaenergy.cn\/es\/product\/24v\/#breadcrumb","itemListElement":[{"@type":"ListItem","position":1,"name":"\u9996\u9875","item":"https:\/\/www.bosaenergy.cn\/"},{"@type":"ListItem","position":2,"name":"Products","item":"https:\/\/www.bosaenergy.cn\/products\/"},{"@type":"ListItem","position":3,"name":"24V Battery Pack for Electric Sweeper"}]},{"@type":"WebSite","@id":"https:\/\/www.bosaenergy.cn\/es\/#website","url":"https:\/\/www.bosaenergy.cn\/es\/","name":"bosa","description":"","publisher":{"@id":"https:\/\/www.bosaenergy.cn\/es\/#organization"},"potentialAction":[{"@type":"SearchAction","target":{"@type":"EntryPoint","urlTemplate":"https:\/\/www.bosaenergy.cn\/es\/?s={search_term_string}"},"query-input":{"@type":"PropertyValueSpecification","valueRequired":true,"valueName":"search_term_string"}}],"inLanguage":"es"},{"@type":"Organization","@id":"https:\/\/www.bosaenergy.cn\/es\/#organization","name":"bosa","url":"https:\/\/www.bosaenergy.cn\/es\/","logo":{"@type":"ImageObject","inLanguage":"es","@id":"https:\/\/www.bosaenergy.cn\/es\/#\/schema\/logo\/image\/","url":"https:\/\/www.bosaenergy.cn\/wp-content\/uploads\/2025\/11\/33ecacab3feacab1205891969ab9ce3f-1.png","contentUrl":"https:\/\/www.bosaenergy.cn\/wp-content\/uploads\/2025\/11\/33ecacab3feacab1205891969ab9ce3f-1.png","width":500,"height":201,"caption":"bosa"},"image":{"@id":"https:\/\/www.bosaenergy.cn\/es\/#\/schema\/logo\/image\/"},"sameAs":["https:\/\/www.facebook.com\/profile.php?id=100066454002295","https:\/\/x.com\/BellaBosa","https:\/\/www.instagram.com\/bosa_energy\/","https:\/\/www.youtube.com\/@bosanewenergy3210","https:\/\/www.linkedin.com\/company\/bosaenergy\/posts\/?feedView=all"]}]}},"_links":{"self":[{"href":"https:\/\/www.bosaenergy.cn\/es\/wp-json\/wp\/v2\/product\/1428","targetHints":{"allow":["GET"]}}],"collection":[{"href":"https:\/\/www.bosaenergy.cn\/es\/wp-json\/wp\/v2\/product"}],"about":[{"href":"https:\/\/www.bosaenergy.cn\/es\/wp-json\/wp\/v2\/types\/product"}],"replies":[{"embeddable":true,"href":"https:\/\/www.bosaenergy.cn\/es\/wp-json\/wp\/v2\/comments?post=1428"}],"wp:featuredmedia":[{"embeddable":true,"href":"https:\/\/www.bosaenergy.cn\/es\/wp-json\/wp\/v2\/media\/1429"}],"wp:attachment":[{"href":"https:\/\/www.bosaenergy.cn\/es\/wp-json\/wp\/v2\/media?parent=1428"}],"wp:term":[{"taxonomy":"product_brand","embeddable":true,"href":"https:\/\/www.bosaenergy.cn\/es\/wp-json\/wp\/v2\/product_brand?post=1428"},{"taxonomy":"product_cat","embeddable":true,"href":"https:\/\/www.bosaenergy.cn\/es\/wp-json\/wp\/v2\/product_cat?post=1428"},{"taxonomy":"product_tag","embeddable":true,"href":"https:\/\/www.bosaenergy.cn\/es\/wp-json\/wp\/v2\/product_tag?post=1428"}],"curies":[{"name":"wp","href":"https:\/\/api.w.org\/{rel}","templated":true}]}}