{"id":2416,"date":"2026-03-25T17:30:42","date_gmt":"2026-03-25T09:30:42","guid":{"rendered":"https:\/\/www.bosaenergy.cn\/?post_type=product&#038;p=2416"},"modified":"2026-04-17T14:25:46","modified_gmt":"2026-04-17T06:25:46","slug":"175-ah-natriumionen-batteriezellen","status":"publish","type":"product","link":"https:\/\/www.bosaenergy.cn\/de\/product\/175ah-sodium-ion-battery-cells\/","title":{"rendered":"175Ah Natrium-Ionen-Batteriezellen"},"content":{"rendered":"<p data-start=\"286\" data-end=\"557\">Dank ihrer hervorragenden Qualit\u00e4t und zuverl\u00e4ssigen Leistung genie\u00dfen unsere Produkte das Vertrauen unserer Kunden in\u00a0<strong data-start=\"376\" data-end=\"412\">mehr als 30 L\u00e4nder weltweit<\/strong>.<\/p>\n<p data-start=\"559\" data-end=\"677\">Unsere Fertigungskapazit\u00e4ten werden angetrieben von\u00a0<strong data-start=\"605\" data-end=\"640\">vier KI-gesteuerte Produktionslinien<\/strong>, den gesamten Prozess abdeckend von:<\/p>\n<ul data-start=\"678\" data-end=\"754\">\n<li data-section-id=\"2zjn\" data-start=\"678\" data-end=\"708\">Zellselektion und -pr\u00fcfung<\/li>\n<li data-section-id=\"1kj28oc\" data-start=\"709\" data-end=\"728\">Modulbaugruppe<\/li>\n<li data-section-id=\"13cwqxu\" data-start=\"729\" data-end=\"754\">Batteriepack-Baugruppe<\/li>\n<\/ul>\n<p data-start=\"756\" data-end=\"847\">Diese fortschrittlichen Funktionen gew\u00e4hrleisten hohe Konsistenz, Effizienz und Produktzuverl\u00e4ssigkeit.<\/p>\n<p><img fetchpriority=\"high\" decoding=\"async\" class=\"alignnone size-medium wp-image-2339\" src=\"https:\/\/www.bosaenergy.cn\/wp-content\/uploads\/2026\/01\/%E5%9B%BE%E7%89%87-300x201.png\" sizes=\"(max-width: 300px) 100vw, 300px\" srcset=\"https:\/\/www.bosaenergy.cn\/wp-content\/uploads\/2026\/01\/\u56fe\u7247-300x201.png 300w, https:\/\/www.bosaenergy.cn\/wp-content\/uploads\/2026\/01\/\u56fe\u7247-1024x686.png 1024w, https:\/\/www.bosaenergy.cn\/wp-content\/uploads\/2026\/01\/\u56fe\u7247-768x514.png 768w, https:\/\/www.bosaenergy.cn\/wp-content\/uploads\/2026\/01\/\u56fe\u7247-370x247.png 370w, https:\/\/www.bosaenergy.cn\/wp-content\/uploads\/2026\/01\/\u56fe\u7247-270x180.png 270w, https:\/\/www.bosaenergy.cn\/wp-content\/uploads\/2026\/01\/\u56fe\u7247-600x402.png 600w, https:\/\/www.bosaenergy.cn\/wp-content\/uploads\/2026\/01\/\u56fe\u7247.png 1208w\" alt=\"\" width=\"300\" height=\"201\" \/>\u00a0<img decoding=\"async\" class=\"alignnone size-medium wp-image-2336\" src=\"https:\/\/www.bosaenergy.cn\/wp-content\/uploads\/2026\/01\/%E5%9B%BE%E7%89%871-300x200.png\" sizes=\"(max-width: 300px) 100vw, 300px\" srcset=\"https:\/\/www.bosaenergy.cn\/wp-content\/uploads\/2026\/01\/\u56fe\u72471-300x200.png 300w, https:\/\/www.bosaenergy.cn\/wp-content\/uploads\/2026\/01\/\u56fe\u72471-768x513.png 768w, https:\/\/www.bosaenergy.cn\/wp-content\/uploads\/2026\/01\/\u56fe\u72471-370x247.png 370w, https:\/\/www.bosaenergy.cn\/wp-content\/uploads\/2026\/01\/\u56fe\u72471-270x180.png 270w, https:\/\/www.bosaenergy.cn\/wp-content\/uploads\/2026\/01\/\u56fe\u72471-600x401.png 600w, https:\/\/www.bosaenergy.cn\/wp-content\/uploads\/2026\/01\/\u56fe\u72471.png 871w\" alt=\"\" width=\"300\" height=\"200\" \/>\u00a0<img decoding=\"async\" class=\"alignnone size-medium wp-image-2337\" src=\"https:\/\/www.bosaenergy.cn\/wp-content\/uploads\/2026\/01\/%E5%9B%BE%E7%89%872-300x201.png\" sizes=\"(max-width: 300px) 100vw, 300px\" srcset=\"https:\/\/www.bosaenergy.cn\/wp-content\/uploads\/2026\/01\/\u56fe\u72472-300x201.png 300w, https:\/\/www.bosaenergy.cn\/wp-content\/uploads\/2026\/01\/\u56fe\u72472-1024x686.png 1024w, https:\/\/www.bosaenergy.cn\/wp-content\/uploads\/2026\/01\/\u56fe\u72472-768x514.png 768w, https:\/\/www.bosaenergy.cn\/wp-content\/uploads\/2026\/01\/\u56fe\u72472-370x247.png 370w, https:\/\/www.bosaenergy.cn\/wp-content\/uploads\/2026\/01\/\u56fe\u72472-270x180.png 270w, https:\/\/www.bosaenergy.cn\/wp-content\/uploads\/2026\/01\/\u56fe\u72472-600x402.png 600w, https:\/\/www.bosaenergy.cn\/wp-content\/uploads\/2026\/01\/\u56fe\u72472.png 1208w\" alt=\"\" width=\"300\" height=\"201\" \/>\u00a0<img loading=\"lazy\" decoding=\"async\" class=\"alignnone size-medium wp-image-2338\" src=\"https:\/\/www.bosaenergy.cn\/wp-content\/uploads\/2026\/01\/%E5%9B%BE%E7%89%873-300x201.png\" sizes=\"(max-width: 300px) 100vw, 300px\" srcset=\"https:\/\/www.bosaenergy.cn\/wp-content\/uploads\/2026\/01\/\u56fe\u72473-300x201.png 300w, https:\/\/www.bosaenergy.cn\/wp-content\/uploads\/2026\/01\/\u56fe\u72473-768x514.png 768w, https:\/\/www.bosaenergy.cn\/wp-content\/uploads\/2026\/01\/\u56fe\u72473-370x247.png 370w, https:\/\/www.bosaenergy.cn\/wp-content\/uploads\/2026\/01\/\u56fe\u72473-270x180.png 270w, https:\/\/www.bosaenergy.cn\/wp-content\/uploads\/2026\/01\/\u56fe\u72473-600x402.png 600w, https:\/\/www.bosaenergy.cn\/wp-content\/uploads\/2026\/01\/\u56fe\u72473.png 868w\" alt=\"\" width=\"300\" height=\"201\" \/><\/p>\n<p>Unser <strong>Natrium-Ion<\/strong> <strong>Batterien<\/strong>:<\/p>\n<p>Die Batteriegr\u00f6\u00dfe entspricht unserer 314-Ah-Batterie, sodass Kunden die Konstruktion nicht \u00e4ndern m\u00fcssen!<\/p>\n<p>Lebensdauer: \u22658000 Zyklen bei 0,5P\/0,5P<\/p>\n<p>Wir werden au\u00dferdem ein 175-Ah-Modul auf den Markt bringen; dank seines modularen Designs ist es f\u00fcr die Kunden einfacher zu installieren und zu verwenden.<\/p>\n<p>175Ah <strong>Natrium-Ion<\/strong> <strong>Batteriezelle<\/strong>\u00a0Datenblatt:<\/p>\n<table width=\"536\">\n<tbody>\n<tr>\n<td width=\"177\">Artikel<\/td>\n<td width=\"119\">Index<\/td>\n<td width=\"103\">Einheit<\/td>\n<td width=\"137\">Zustand<\/td>\n<\/tr>\n<tr>\n<td width=\"177\">Materialien<\/td>\n<td width=\"119\">NFPP\/HC<\/td>\n<td width=\"103\"><\/td>\n<td width=\"137\"><\/td>\n<\/tr>\n<tr>\n<td width=\"177\">Nennkapazit\u00e4t<\/td>\n<td width=\"119\">175<\/td>\n<td width=\"103\">Ah<\/td>\n<td width=\"137\">0,5 \u00b0C\/1,5\u20133,5 V<\/td>\n<\/tr>\n<tr>\n<td width=\"177\">Mindestkapazit\u00e4t<\/td>\n<td width=\"119\">175<\/td>\n<td width=\"103\">Ah<\/td>\n<td width=\"137\">0,5 \u00b0C\/1,5\u20133,5 V<\/td>\n<\/tr>\n<tr>\n<td width=\"177\">Spannungsplattform<\/td>\n<td width=\"119\">2.9<\/td>\n<td width=\"103\">V<\/td>\n<td><\/td>\n<\/tr>\n<tr>\n<td width=\"177\">Wechselstrom-Innenwiderstand<\/td>\n<td width=\"119\">\u22640,25<\/td>\n<td width=\"103\">m\u03a9<\/td>\n<td width=\"137\">1 kHz<\/td>\n<\/tr>\n<tr>\n<td width=\"177\">Gleichstrom-Innenwiderstand<\/td>\n<td width=\"119\">\u22640,60<\/td>\n<td width=\"103\">m\u03a9<\/td>\n<td width=\"137\">25\u00b12\u2103\uff0c55%SOC1C10s<\/td>\n<\/tr>\n<tr>\n<td width=\"177\">Gr\u00f6\u00dfe<\/td>\n<td width=\"119\">174.2*71.6*204.4<\/td>\n<td width=\"103\">mm<\/td>\n<td><\/td>\n<\/tr>\n<tr>\n<td width=\"177\">Gewicht<\/td>\n<td width=\"119\">4.75<\/td>\n<td width=\"103\">kg<\/td>\n<td><\/td>\n<\/tr>\n<tr>\n<td width=\"177\">Massenenergiedichte<\/td>\n<td width=\"119\">110<\/td>\n<td width=\"103\">Wh\/Kg<\/td>\n<td><\/td>\n<\/tr>\n<tr>\n<td width=\"177\">Volumetrische Energiedichte<\/td>\n<td width=\"119\">206<\/td>\n<td width=\"103\">Wh\/L<\/td>\n<td><\/td>\n<\/tr>\n<tr>\n<td width=\"177\">Betriebstemperatur<\/td>\n<td width=\"119\">-40~+75<\/td>\n<td width=\"103\">\u2103<\/td>\n<td><\/td>\n<\/tr>\n<tr>\n<td width=\"177\">Lebenszyklus<\/td>\n<td width=\"119\">10000+<\/td>\n<td width=\"103\">Cls<\/td>\n<td width=\"137\">0,5P\/0,5P\/100%DOD\/70%SOH@RT<\/td>\n<\/tr>\n<\/tbody>\n<\/table>","protected":false},"excerpt":{"rendered":"<p>Materialien: NFPP\/HC<\/p>\n<p>Nennkapazit\u00e4t: 175 Ah<\/p>\n<p>Mindestkapazit\u00e4t: 175 Ah<\/p>","protected":false},"featured_media":2417,"comment_status":"open","ping_status":"closed","template":"","meta":[],"product_brand":[],"product_cat":[122,121,120],"product_tag":[],"class_list":{"0":"post-2416","1":"product","2":"type-product","3":"status-publish","4":"has-post-thumbnail","6":"product_cat-175ah","7":"product_cat-cell","8":"product_cat-sodium-ion-batteries","10":"first","11":"instock","12":"shipping-taxable","13":"product-type-simple"},"yoast_head":"<!-- This site is optimized with the Yoast SEO plugin v27.5 - https:\/\/yoast.com\/product\/yoast-seo-wordpress\/ -->\n<title>175Ah Sodium-ion battery cells - BOSA lithium battery<\/title>\n<meta name=\"robots\" content=\"index, follow, max-snippet:-1, max-image-preview:large, max-video-preview:-1\" \/>\n<link rel=\"canonical\" href=\"https:\/\/www.bosaenergy.cn\/de\/product\/175-ah-natriumionen-batteriezellen\/\" \/>\n<meta property=\"og:locale\" content=\"de_DE\" \/>\n<meta property=\"og:type\" content=\"article\" \/>\n<meta property=\"og:title\" content=\"175Ah Sodium-ion battery cells - BOSA lithium battery\" \/>\n<meta property=\"og:description\" content=\"Materials : NFPP\/HC  Nominal capacity: 175Ah  Min. capacity: 175Ah\" \/>\n<meta property=\"og:url\" content=\"https:\/\/www.bosaenergy.cn\/de\/product\/175-ah-natriumionen-batteriezellen\/\" \/>\n<meta property=\"og:site_name\" content=\"BOSA lithium battery\" \/>\n<meta property=\"article:publisher\" content=\"https:\/\/www.facebook.com\/profile.php?id=100066454002295\" \/>\n<meta property=\"article:modified_time\" content=\"2026-04-17T06:25:46+00:00\" \/>\n<meta property=\"og:image\" content=\"https:\/\/www.bosaenergy.cn\/wp-content\/uploads\/2026\/03\/\u5fae\u4fe1\u56fe\u7247_20260317103232_343_94.png\" \/>\n\t<meta property=\"og:image:width\" content=\"1181\" \/>\n\t<meta property=\"og:image:height\" content=\"1479\" \/>\n\t<meta property=\"og:image:type\" content=\"image\/png\" \/>\n<meta name=\"twitter:card\" content=\"summary_large_image\" \/>\n<meta name=\"twitter:site\" content=\"@BellaBosa\" \/>\n<meta name=\"twitter:label1\" content=\"Gesch\u00e4tzte Lesezeit\" \/>\n\t<meta name=\"twitter:data1\" content=\"2\u00a0Minuten\" \/>\n<script type=\"application\/ld+json\" class=\"yoast-schema-graph\">{\"@context\":\"https:\\\/\\\/schema.org\",\"@graph\":[{\"@type\":\"WebPage\",\"@id\":\"https:\\\/\\\/www.bosaenergy.cn\\\/de\\\/product\\\/175ah-sodium-ion-battery-cells\\\/\",\"url\":\"https:\\\/\\\/www.bosaenergy.cn\\\/de\\\/product\\\/175ah-sodium-ion-battery-cells\\\/\",\"name\":\"175Ah Sodium-ion battery cells - BOSA lithium battery\",\"isPartOf\":{\"@id\":\"https:\\\/\\\/www.bosaenergy.cn\\\/de\\\/#website\"},\"primaryImageOfPage\":{\"@id\":\"https:\\\/\\\/www.bosaenergy.cn\\\/de\\\/product\\\/175ah-sodium-ion-battery-cells\\\/#primaryimage\"},\"image\":{\"@id\":\"https:\\\/\\\/www.bosaenergy.cn\\\/de\\\/product\\\/175ah-sodium-ion-battery-cells\\\/#primaryimage\"},\"thumbnailUrl\":\"https:\\\/\\\/www.bosaenergy.cn\\\/wp-content\\\/uploads\\\/2026\\\/03\\\/\u5fae\u4fe1\u56fe\u7247_20260317103232_343_94.png\",\"datePublished\":\"2026-03-25T09:30:42+00:00\",\"dateModified\":\"2026-04-17T06:25:46+00:00\",\"breadcrumb\":{\"@id\":\"https:\\\/\\\/www.bosaenergy.cn\\\/de\\\/product\\\/175ah-sodium-ion-battery-cells\\\/#breadcrumb\"},\"inLanguage\":\"de\",\"potentialAction\":[{\"@type\":\"ReadAction\",\"target\":[\"https:\\\/\\\/www.bosaenergy.cn\\\/de\\\/product\\\/175ah-sodium-ion-battery-cells\\\/\"]}]},{\"@type\":\"ImageObject\",\"inLanguage\":\"de\",\"@id\":\"https:\\\/\\\/www.bosaenergy.cn\\\/de\\\/product\\\/175ah-sodium-ion-battery-cells\\\/#primaryimage\",\"url\":\"https:\\\/\\\/www.bosaenergy.cn\\\/wp-content\\\/uploads\\\/2026\\\/03\\\/\u5fae\u4fe1\u56fe\u7247_20260317103232_343_94.png\",\"contentUrl\":\"https:\\\/\\\/www.bosaenergy.cn\\\/wp-content\\\/uploads\\\/2026\\\/03\\\/\u5fae\u4fe1\u56fe\u7247_20260317103232_343_94.png\",\"width\":1181,\"height\":1479},{\"@type\":\"BreadcrumbList\",\"@id\":\"https:\\\/\\\/www.bosaenergy.cn\\\/de\\\/product\\\/175ah-sodium-ion-battery-cells\\\/#breadcrumb\",\"itemListElement\":[{\"@type\":\"ListItem\",\"position\":1,\"name\":\"\u9996\u9875\",\"item\":\"https:\\\/\\\/www.bosaenergy.cn\\\/\"},{\"@type\":\"ListItem\",\"position\":2,\"name\":\"Products\",\"item\":\"https:\\\/\\\/www.bosaenergy.cn\\\/products\\\/\"},{\"@type\":\"ListItem\",\"position\":3,\"name\":\"175Ah Sodium-ion battery cells\"}]},{\"@type\":\"WebSite\",\"@id\":\"https:\\\/\\\/www.bosaenergy.cn\\\/de\\\/#website\",\"url\":\"https:\\\/\\\/www.bosaenergy.cn\\\/de\\\/\",\"name\":\"bosa\",\"description\":\"\",\"publisher\":{\"@id\":\"https:\\\/\\\/www.bosaenergy.cn\\\/de\\\/#organization\"},\"potentialAction\":[{\"@type\":\"SearchAction\",\"target\":{\"@type\":\"EntryPoint\",\"urlTemplate\":\"https:\\\/\\\/www.bosaenergy.cn\\\/de\\\/?s={search_term_string}\"},\"query-input\":{\"@type\":\"PropertyValueSpecification\",\"valueRequired\":true,\"valueName\":\"search_term_string\"}}],\"inLanguage\":\"de\"},{\"@type\":\"Organization\",\"@id\":\"https:\\\/\\\/www.bosaenergy.cn\\\/de\\\/#organization\",\"name\":\"bosa\",\"url\":\"https:\\\/\\\/www.bosaenergy.cn\\\/de\\\/\",\"logo\":{\"@type\":\"ImageObject\",\"inLanguage\":\"de\",\"@id\":\"https:\\\/\\\/www.bosaenergy.cn\\\/de\\\/#\\\/schema\\\/logo\\\/image\\\/\",\"url\":\"https:\\\/\\\/www.bosaenergy.cn\\\/wp-content\\\/uploads\\\/2025\\\/11\\\/33ecacab3feacab1205891969ab9ce3f-1.png\",\"contentUrl\":\"https:\\\/\\\/www.bosaenergy.cn\\\/wp-content\\\/uploads\\\/2025\\\/11\\\/33ecacab3feacab1205891969ab9ce3f-1.png\",\"width\":500,\"height\":201,\"caption\":\"bosa\"},\"image\":{\"@id\":\"https:\\\/\\\/www.bosaenergy.cn\\\/de\\\/#\\\/schema\\\/logo\\\/image\\\/\"},\"sameAs\":[\"https:\\\/\\\/www.facebook.com\\\/profile.php?id=100066454002295\",\"https:\\\/\\\/x.com\\\/BellaBosa\",\"https:\\\/\\\/www.instagram.com\\\/bosa_energy\\\/\",\"https:\\\/\\\/www.youtube.com\\\/@bosanewenergy3210\",\"https:\\\/\\\/www.linkedin.com\\\/company\\\/bosaenergy\\\/posts\\\/?feedView=all\"]}]}<\/script>\n<!-- \/ Yoast SEO plugin. -->","yoast_head_json":{"title":"175-Ah-Natriumionen-Batteriezellen \u2013 BOSA-Lithiumbatterie","robots":{"index":"index","follow":"follow","max-snippet":"max-snippet:-1","max-image-preview":"max-image-preview:large","max-video-preview":"max-video-preview:-1"},"canonical":"https:\/\/www.bosaenergy.cn\/de\/product\/175-ah-natriumionen-batteriezellen\/","og_locale":"de_DE","og_type":"article","og_title":"175Ah Sodium-ion battery cells - BOSA lithium battery","og_description":"Materials : NFPP\/HC  Nominal capacity: 175Ah  Min. capacity: 175Ah","og_url":"https:\/\/www.bosaenergy.cn\/de\/product\/175-ah-natriumionen-batteriezellen\/","og_site_name":"BOSA lithium battery","article_publisher":"https:\/\/www.facebook.com\/profile.php?id=100066454002295","article_modified_time":"2026-04-17T06:25:46+00:00","og_image":[{"width":1181,"height":1479,"url":"https:\/\/www.bosaenergy.cn\/wp-content\/uploads\/2026\/03\/\u5fae\u4fe1\u56fe\u7247_20260317103232_343_94.png","type":"image\/png"}],"twitter_card":"summary_large_image","twitter_site":"@BellaBosa","twitter_misc":{"Gesch\u00e4tzte Lesezeit":"2\u00a0Minuten"},"schema":{"@context":"https:\/\/schema.org","@graph":[{"@type":"WebPage","@id":"https:\/\/www.bosaenergy.cn\/de\/product\/175ah-sodium-ion-battery-cells\/","url":"https:\/\/www.bosaenergy.cn\/de\/product\/175ah-sodium-ion-battery-cells\/","name":"175-Ah-Natriumionen-Batteriezellen \u2013 BOSA-Lithiumbatterie","isPartOf":{"@id":"https:\/\/www.bosaenergy.cn\/de\/#website"},"primaryImageOfPage":{"@id":"https:\/\/www.bosaenergy.cn\/de\/product\/175ah-sodium-ion-battery-cells\/#primaryimage"},"image":{"@id":"https:\/\/www.bosaenergy.cn\/de\/product\/175ah-sodium-ion-battery-cells\/#primaryimage"},"thumbnailUrl":"https:\/\/www.bosaenergy.cn\/wp-content\/uploads\/2026\/03\/\u5fae\u4fe1\u56fe\u7247_20260317103232_343_94.png","datePublished":"2026-03-25T09:30:42+00:00","dateModified":"2026-04-17T06:25:46+00:00","breadcrumb":{"@id":"https:\/\/www.bosaenergy.cn\/de\/product\/175ah-sodium-ion-battery-cells\/#breadcrumb"},"inLanguage":"de","potentialAction":[{"@type":"ReadAction","target":["https:\/\/www.bosaenergy.cn\/de\/product\/175ah-sodium-ion-battery-cells\/"]}]},{"@type":"ImageObject","inLanguage":"de","@id":"https:\/\/www.bosaenergy.cn\/de\/product\/175ah-sodium-ion-battery-cells\/#primaryimage","url":"https:\/\/www.bosaenergy.cn\/wp-content\/uploads\/2026\/03\/\u5fae\u4fe1\u56fe\u7247_20260317103232_343_94.png","contentUrl":"https:\/\/www.bosaenergy.cn\/wp-content\/uploads\/2026\/03\/\u5fae\u4fe1\u56fe\u7247_20260317103232_343_94.png","width":1181,"height":1479},{"@type":"BreadcrumbList","@id":"https:\/\/www.bosaenergy.cn\/de\/product\/175ah-sodium-ion-battery-cells\/#breadcrumb","itemListElement":[{"@type":"ListItem","position":1,"name":"\u9996\u9875","item":"https:\/\/www.bosaenergy.cn\/"},{"@type":"ListItem","position":2,"name":"Products","item":"https:\/\/www.bosaenergy.cn\/products\/"},{"@type":"ListItem","position":3,"name":"175Ah Sodium-ion battery cells"}]},{"@type":"WebSite","@id":"https:\/\/www.bosaenergy.cn\/de\/#website","url":"https:\/\/www.bosaenergy.cn\/de\/","name":"bosa","description":"","publisher":{"@id":"https:\/\/www.bosaenergy.cn\/de\/#organization"},"potentialAction":[{"@type":"SearchAction","target":{"@type":"EntryPoint","urlTemplate":"https:\/\/www.bosaenergy.cn\/de\/?s={search_term_string}"},"query-input":{"@type":"PropertyValueSpecification","valueRequired":true,"valueName":"search_term_string"}}],"inLanguage":"de"},{"@type":"Organization","@id":"https:\/\/www.bosaenergy.cn\/de\/#organization","name":"bosa","url":"https:\/\/www.bosaenergy.cn\/de\/","logo":{"@type":"ImageObject","inLanguage":"de","@id":"https:\/\/www.bosaenergy.cn\/de\/#\/schema\/logo\/image\/","url":"https:\/\/www.bosaenergy.cn\/wp-content\/uploads\/2025\/11\/33ecacab3feacab1205891969ab9ce3f-1.png","contentUrl":"https:\/\/www.bosaenergy.cn\/wp-content\/uploads\/2025\/11\/33ecacab3feacab1205891969ab9ce3f-1.png","width":500,"height":201,"caption":"bosa"},"image":{"@id":"https:\/\/www.bosaenergy.cn\/de\/#\/schema\/logo\/image\/"},"sameAs":["https:\/\/www.facebook.com\/profile.php?id=100066454002295","https:\/\/x.com\/BellaBosa","https:\/\/www.instagram.com\/bosa_energy\/","https:\/\/www.youtube.com\/@bosanewenergy3210","https:\/\/www.linkedin.com\/company\/bosaenergy\/posts\/?feedView=all"]}]}},"_links":{"self":[{"href":"https:\/\/www.bosaenergy.cn\/de\/wp-json\/wp\/v2\/product\/2416","targetHints":{"allow":["GET"]}}],"collection":[{"href":"https:\/\/www.bosaenergy.cn\/de\/wp-json\/wp\/v2\/product"}],"about":[{"href":"https:\/\/www.bosaenergy.cn\/de\/wp-json\/wp\/v2\/types\/product"}],"replies":[{"embeddable":true,"href":"https:\/\/www.bosaenergy.cn\/de\/wp-json\/wp\/v2\/comments?post=2416"}],"wp:featuredmedia":[{"embeddable":true,"href":"https:\/\/www.bosaenergy.cn\/de\/wp-json\/wp\/v2\/media\/2417"}],"wp:attachment":[{"href":"https:\/\/www.bosaenergy.cn\/de\/wp-json\/wp\/v2\/media?parent=2416"}],"wp:term":[{"taxonomy":"product_brand","embeddable":true,"href":"https:\/\/www.bosaenergy.cn\/de\/wp-json\/wp\/v2\/product_brand?post=2416"},{"taxonomy":"product_cat","embeddable":true,"href":"https:\/\/www.bosaenergy.cn\/de\/wp-json\/wp\/v2\/product_cat?post=2416"},{"taxonomy":"product_tag","embeddable":true,"href":"https:\/\/www.bosaenergy.cn\/de\/wp-json\/wp\/v2\/product_tag?post=2416"}],"curies":[{"name":"wp","href":"https:\/\/api.w.org\/{rel}","templated":true}]}}