{"id":1775,"date":"2025-12-25T15:26:58","date_gmt":"2025-12-25T07:26:58","guid":{"rendered":"https:\/\/www.bosaenergy.cn\/?post_type=product&#038;p=1775"},"modified":"2026-03-20T15:38:18","modified_gmt":"2026-03-20T07:38:18","slug":"flussigkeitskuhlbehalter-ess","status":"publish","type":"product","link":"https:\/\/www.bosaenergy.cn\/de\/product\/liquid-cooling-container-ess\/","title":{"rendered":"Fl\u00fcssigkeitsk\u00fchlbeh\u00e4lter ESS"},"content":{"rendered":"<p>BOSA Energy konzentriert sich auf\u00a0<strong>Energiespeicherung<\/strong>\u00a0Produkte, Systemintegrationsdienstleistungen und Ladel\u00f6sungen.<\/p>\n<p>einschlie\u00dflich Energiespeichersysteml\u00f6sungen,\u00a0<strong>Energiespeicherung<\/strong>\u00a0Module und Pakete, Energiespeicher f\u00fcr Wohngeb\u00e4ude, Gewerbe und Industrie\u00a0<strong>Energiespeichersystem<\/strong>, containerbasierte Energiespeichersysteme, Lades\u00e4ulen und integrierte intelligente PV-ESS-Lade-Parkl\u00f6sungen.<\/p>\n<p>Wir haben CE-, UL- und weitere Zertifizierungen erhalten, darunter ISO 9001:2015, ISO 14001:2015, ISO 45001:2018 und CNAS-Laborzertifizierungen, was unser Engagement f\u00fcr Qualit\u00e4t belegt.<br \/>\nUnsere Produkte werden in gro\u00dfem Umfang in den Bereichen Energiespeicherung auf der Stromerzeugungsseite, Energiespeicherung auf der Netzseite, industrielle und kommerzielle Energiespeicherung, Haushaltsenergiespeicherung, intelligente Stromnetze, Schienenverkehr, Windkraftanlagen und so weiter eingesetzt.<\/p>\n<p>Der operative\u00a0<strong>Energiespeicherbatterie<\/strong>\u00a0Die Kapazit\u00e4t betr\u00e4gt 35,64 GWh, und das j\u00e4hrliche Batterie-Liefervolumen betr\u00e4gt 7 GWh.<\/p>\n<p>Wir verf\u00fcgen \u00fcber 4 KI-gest\u00fctzte Produktionslinien f\u00fcr die Herstellung von Produkten, darunter Zellenauswahl und -pr\u00fcfung, Modulmontage und Batteriepackmontage.<\/p>\n<p><img fetchpriority=\"high\" decoding=\"async\" class=\"alignnone size-medium wp-image-2339\" src=\"https:\/\/www.bosaenergy.cn\/wp-content\/uploads\/2026\/01\/%E5%9B%BE%E7%89%87-300x201.png\" sizes=\"(max-width: 300px) 100vw, 300px\" srcset=\"https:\/\/www.bosaenergy.cn\/wp-content\/uploads\/2026\/01\/\u56fe\u7247-300x201.png 300w, https:\/\/www.bosaenergy.cn\/wp-content\/uploads\/2026\/01\/\u56fe\u7247-1024x686.png 1024w, https:\/\/www.bosaenergy.cn\/wp-content\/uploads\/2026\/01\/\u56fe\u7247-768x514.png 768w, https:\/\/www.bosaenergy.cn\/wp-content\/uploads\/2026\/01\/\u56fe\u7247-370x247.png 370w, https:\/\/www.bosaenergy.cn\/wp-content\/uploads\/2026\/01\/\u56fe\u7247-270x180.png 270w, https:\/\/www.bosaenergy.cn\/wp-content\/uploads\/2026\/01\/\u56fe\u7247-600x402.png 600w, https:\/\/www.bosaenergy.cn\/wp-content\/uploads\/2026\/01\/\u56fe\u7247.png 1208w\" alt=\"\" width=\"300\" height=\"201\" \/>\u00a0<img decoding=\"async\" class=\"alignnone size-medium wp-image-2336\" src=\"https:\/\/www.bosaenergy.cn\/wp-content\/uploads\/2026\/01\/%E5%9B%BE%E7%89%871-300x200.png\" sizes=\"(max-width: 300px) 100vw, 300px\" srcset=\"https:\/\/www.bosaenergy.cn\/wp-content\/uploads\/2026\/01\/\u56fe\u72471-300x200.png 300w, https:\/\/www.bosaenergy.cn\/wp-content\/uploads\/2026\/01\/\u56fe\u72471-768x513.png 768w, https:\/\/www.bosaenergy.cn\/wp-content\/uploads\/2026\/01\/\u56fe\u72471-370x247.png 370w, https:\/\/www.bosaenergy.cn\/wp-content\/uploads\/2026\/01\/\u56fe\u72471-270x180.png 270w, https:\/\/www.bosaenergy.cn\/wp-content\/uploads\/2026\/01\/\u56fe\u72471-600x401.png 600w, https:\/\/www.bosaenergy.cn\/wp-content\/uploads\/2026\/01\/\u56fe\u72471.png 871w\" alt=\"\" width=\"300\" height=\"200\" \/>\u00a0<img decoding=\"async\" class=\"alignnone size-medium wp-image-2337\" src=\"https:\/\/www.bosaenergy.cn\/wp-content\/uploads\/2026\/01\/%E5%9B%BE%E7%89%872-300x201.png\" sizes=\"(max-width: 300px) 100vw, 300px\" srcset=\"https:\/\/www.bosaenergy.cn\/wp-content\/uploads\/2026\/01\/\u56fe\u72472-300x201.png 300w, https:\/\/www.bosaenergy.cn\/wp-content\/uploads\/2026\/01\/\u56fe\u72472-1024x686.png 1024w, https:\/\/www.bosaenergy.cn\/wp-content\/uploads\/2026\/01\/\u56fe\u72472-768x514.png 768w, https:\/\/www.bosaenergy.cn\/wp-content\/uploads\/2026\/01\/\u56fe\u72472-370x247.png 370w, https:\/\/www.bosaenergy.cn\/wp-content\/uploads\/2026\/01\/\u56fe\u72472-270x180.png 270w, https:\/\/www.bosaenergy.cn\/wp-content\/uploads\/2026\/01\/\u56fe\u72472-600x402.png 600w, https:\/\/www.bosaenergy.cn\/wp-content\/uploads\/2026\/01\/\u56fe\u72472.png 1208w\" alt=\"\" width=\"300\" height=\"201\" \/>\u00a0<img loading=\"lazy\" decoding=\"async\" class=\"alignnone size-medium wp-image-2338\" src=\"https:\/\/www.bosaenergy.cn\/wp-content\/uploads\/2026\/01\/%E5%9B%BE%E7%89%873-300x201.png\" sizes=\"(max-width: 300px) 100vw, 300px\" srcset=\"https:\/\/www.bosaenergy.cn\/wp-content\/uploads\/2026\/01\/\u56fe\u72473-300x201.png 300w, https:\/\/www.bosaenergy.cn\/wp-content\/uploads\/2026\/01\/\u56fe\u72473-768x514.png 768w, https:\/\/www.bosaenergy.cn\/wp-content\/uploads\/2026\/01\/\u56fe\u72473-370x247.png 370w, https:\/\/www.bosaenergy.cn\/wp-content\/uploads\/2026\/01\/\u56fe\u72473-270x180.png 270w, https:\/\/www.bosaenergy.cn\/wp-content\/uploads\/2026\/01\/\u56fe\u72473-600x402.png 600w, https:\/\/www.bosaenergy.cn\/wp-content\/uploads\/2026\/01\/\u56fe\u72473.png 868w\" alt=\"\" width=\"300\" height=\"201\" \/><\/p>\n<p>Nachfolgend finden Sie unser Produktdatenblatt:<\/p>\n<table style=\"height: 247px;\" width=\"693\">\n<tbody>\n<tr>\n<td width=\"186\">Produktmodell<\/td>\n<td width=\"173\">BS3354L-BCS<\/td>\n<td width=\"162\">BS1000A-BCS<\/td>\n<\/tr>\n<tr>\n<td width=\"186\">Nennenergie<\/td>\n<td width=\"173\">3,35 MWh<\/td>\n<td width=\"162\">1 MWh<\/td>\n<\/tr>\n<tr>\n<td width=\"186\">Nennspannung<\/td>\n<td width=\"173\">1497,6 V<\/td>\n<td width=\"162\">1000 V<\/td>\n<\/tr>\n<tr>\n<td width=\"186\">Abmessungen (BxTxH)<\/td>\n<td width=\"173\">6 x 2,6 x 2,9 m<\/td>\n<td width=\"162\">6 x 2,6 x 2,9 m<\/td>\n<\/tr>\n<tr>\n<td width=\"186\">Gewicht<\/td>\n<td width=\"173\">39T<\/td>\n<td width=\"162\">20T<\/td>\n<\/tr>\n<tr>\n<td width=\"186\">Umgebungstemperatur<\/td>\n<td width=\"173\">-20~55\u2103<\/td>\n<td width=\"162\">-20~55\u2103<\/td>\n<\/tr>\n<tr>\n<td width=\"186\">Kommunikationsschnittstelle<\/td>\n<td width=\"173\">RS485\/CAN\/Ethernet<\/td>\n<td width=\"162\">\u00a0RS485\/CAN\/Ethernet<\/td>\n<\/tr>\n<tr>\n<td width=\"186\">K\u00fchlmethode<\/td>\n<td width=\"173\">Fl\u00fcssigkeitsk\u00fchlung<\/td>\n<td width=\"162\">Luftk\u00fchlung<\/td>\n<\/tr>\n<\/tbody>\n<\/table>","protected":false},"excerpt":{"rendered":"<p>Nennenergie: 3,35 MWh<\/p>\n<p>Nennspannung: 1497,6 V<\/p>\n<p>Kommunikationsschnittstelle: RS485\/CAN\/Ethernet<\/p>\n<p>K\u00fchlmethode: Fl\u00fcssigkeitsk\u00fchlung<\/p>","protected":false},"featured_media":1785,"comment_status":"open","ping_status":"closed","template":"","meta":[],"product_brand":[],"product_cat":[79],"product_tag":[],"class_list":{"0":"post-1775","1":"product","2":"type-product","3":"status-publish","4":"has-post-thumbnail","6":"product_cat-liquid-cooling","8":"first","9":"instock","10":"shipping-taxable","11":"product-type-simple"},"yoast_head":"<!-- This site is optimized with the Yoast SEO plugin v27.5 - https:\/\/yoast.com\/product\/yoast-seo-wordpress\/ -->\n<title>Liquid Cooling Container ESS - BOSA lithium battery<\/title>\n<meta name=\"robots\" content=\"index, follow, max-snippet:-1, max-image-preview:large, max-video-preview:-1\" \/>\n<link rel=\"canonical\" href=\"https:\/\/www.bosaenergy.cn\/de\/product\/flussigkeitskuhlbehalter-ess\/\" \/>\n<meta property=\"og:locale\" content=\"de_DE\" \/>\n<meta property=\"og:type\" content=\"article\" \/>\n<meta property=\"og:title\" content=\"Liquid Cooling Container ESS - BOSA lithium battery\" \/>\n<meta property=\"og:description\" content=\"Rated energy: 3.35MWh  Rated voltage:1497.6V  Communication interface: RS485\/CAN\/Ethernet  Cooling method: liquid cooling\" \/>\n<meta property=\"og:url\" content=\"https:\/\/www.bosaenergy.cn\/de\/product\/flussigkeitskuhlbehalter-ess\/\" \/>\n<meta property=\"og:site_name\" content=\"BOSA lithium battery\" \/>\n<meta property=\"article:publisher\" content=\"https:\/\/www.facebook.com\/profile.php?id=100066454002295\" \/>\n<meta property=\"article:modified_time\" content=\"2026-03-20T07:38:18+00:00\" \/>\n<meta property=\"og:image\" content=\"https:\/\/www.bosaenergy.cn\/wp-content\/uploads\/2025\/12\/\u672a\u6807\u9898-1-15.png\" \/>\n\t<meta property=\"og:image:width\" content=\"2400\" \/>\n\t<meta property=\"og:image:height\" content=\"1800\" \/>\n\t<meta property=\"og:image:type\" content=\"image\/png\" \/>\n<meta name=\"twitter:card\" content=\"summary_large_image\" \/>\n<meta name=\"twitter:site\" content=\"@BellaBosa\" \/>\n<meta name=\"twitter:label1\" content=\"Gesch\u00e4tzte Lesezeit\" \/>\n\t<meta name=\"twitter:data1\" content=\"2\u00a0Minuten\" \/>\n<script type=\"application\/ld+json\" class=\"yoast-schema-graph\">{\"@context\":\"https:\\\/\\\/schema.org\",\"@graph\":[{\"@type\":\"WebPage\",\"@id\":\"https:\\\/\\\/www.bosaenergy.cn\\\/de\\\/product\\\/liquid-cooling-container-ess\\\/\",\"url\":\"https:\\\/\\\/www.bosaenergy.cn\\\/de\\\/product\\\/liquid-cooling-container-ess\\\/\",\"name\":\"Liquid Cooling Container ESS - BOSA lithium battery\",\"isPartOf\":{\"@id\":\"https:\\\/\\\/www.bosaenergy.cn\\\/de\\\/#website\"},\"primaryImageOfPage\":{\"@id\":\"https:\\\/\\\/www.bosaenergy.cn\\\/de\\\/product\\\/liquid-cooling-container-ess\\\/#primaryimage\"},\"image\":{\"@id\":\"https:\\\/\\\/www.bosaenergy.cn\\\/de\\\/product\\\/liquid-cooling-container-ess\\\/#primaryimage\"},\"thumbnailUrl\":\"https:\\\/\\\/www.bosaenergy.cn\\\/wp-content\\\/uploads\\\/2025\\\/12\\\/\u672a\u6807\u9898-1-15.png\",\"datePublished\":\"2025-12-25T07:26:58+00:00\",\"dateModified\":\"2026-03-20T07:38:18+00:00\",\"breadcrumb\":{\"@id\":\"https:\\\/\\\/www.bosaenergy.cn\\\/de\\\/product\\\/liquid-cooling-container-ess\\\/#breadcrumb\"},\"inLanguage\":\"de\",\"potentialAction\":[{\"@type\":\"ReadAction\",\"target\":[\"https:\\\/\\\/www.bosaenergy.cn\\\/de\\\/product\\\/liquid-cooling-container-ess\\\/\"]}]},{\"@type\":\"ImageObject\",\"inLanguage\":\"de\",\"@id\":\"https:\\\/\\\/www.bosaenergy.cn\\\/de\\\/product\\\/liquid-cooling-container-ess\\\/#primaryimage\",\"url\":\"https:\\\/\\\/www.bosaenergy.cn\\\/wp-content\\\/uploads\\\/2025\\\/12\\\/\u672a\u6807\u9898-1-15.png\",\"contentUrl\":\"https:\\\/\\\/www.bosaenergy.cn\\\/wp-content\\\/uploads\\\/2025\\\/12\\\/\u672a\u6807\u9898-1-15.png\",\"width\":2400,\"height\":1800},{\"@type\":\"BreadcrumbList\",\"@id\":\"https:\\\/\\\/www.bosaenergy.cn\\\/de\\\/product\\\/liquid-cooling-container-ess\\\/#breadcrumb\",\"itemListElement\":[{\"@type\":\"ListItem\",\"position\":1,\"name\":\"\u9996\u9875\",\"item\":\"https:\\\/\\\/www.bosaenergy.cn\\\/\"},{\"@type\":\"ListItem\",\"position\":2,\"name\":\"Products\",\"item\":\"https:\\\/\\\/www.bosaenergy.cn\\\/products\\\/\"},{\"@type\":\"ListItem\",\"position\":3,\"name\":\"Liquid Cooling Container ESS\"}]},{\"@type\":\"WebSite\",\"@id\":\"https:\\\/\\\/www.bosaenergy.cn\\\/de\\\/#website\",\"url\":\"https:\\\/\\\/www.bosaenergy.cn\\\/de\\\/\",\"name\":\"bosa\",\"description\":\"\",\"publisher\":{\"@id\":\"https:\\\/\\\/www.bosaenergy.cn\\\/de\\\/#organization\"},\"potentialAction\":[{\"@type\":\"SearchAction\",\"target\":{\"@type\":\"EntryPoint\",\"urlTemplate\":\"https:\\\/\\\/www.bosaenergy.cn\\\/de\\\/?s={search_term_string}\"},\"query-input\":{\"@type\":\"PropertyValueSpecification\",\"valueRequired\":true,\"valueName\":\"search_term_string\"}}],\"inLanguage\":\"de\"},{\"@type\":\"Organization\",\"@id\":\"https:\\\/\\\/www.bosaenergy.cn\\\/de\\\/#organization\",\"name\":\"bosa\",\"url\":\"https:\\\/\\\/www.bosaenergy.cn\\\/de\\\/\",\"logo\":{\"@type\":\"ImageObject\",\"inLanguage\":\"de\",\"@id\":\"https:\\\/\\\/www.bosaenergy.cn\\\/de\\\/#\\\/schema\\\/logo\\\/image\\\/\",\"url\":\"https:\\\/\\\/www.bosaenergy.cn\\\/wp-content\\\/uploads\\\/2025\\\/11\\\/33ecacab3feacab1205891969ab9ce3f-1.png\",\"contentUrl\":\"https:\\\/\\\/www.bosaenergy.cn\\\/wp-content\\\/uploads\\\/2025\\\/11\\\/33ecacab3feacab1205891969ab9ce3f-1.png\",\"width\":500,\"height\":201,\"caption\":\"bosa\"},\"image\":{\"@id\":\"https:\\\/\\\/www.bosaenergy.cn\\\/de\\\/#\\\/schema\\\/logo\\\/image\\\/\"},\"sameAs\":[\"https:\\\/\\\/www.facebook.com\\\/profile.php?id=100066454002295\",\"https:\\\/\\\/x.com\\\/BellaBosa\",\"https:\\\/\\\/www.instagram.com\\\/bosa_energy\\\/\",\"https:\\\/\\\/www.youtube.com\\\/@bosanewenergy3210\",\"https:\\\/\\\/www.linkedin.com\\\/company\\\/bosaenergy\\\/posts\\\/?feedView=all\"]}]}<\/script>\n<!-- \/ Yoast SEO plugin. -->","yoast_head_json":{"title":"Fl\u00fcssigkeitsk\u00fchlbeh\u00e4lter ESS - BOSA Lithiumbatterie","robots":{"index":"index","follow":"follow","max-snippet":"max-snippet:-1","max-image-preview":"max-image-preview:large","max-video-preview":"max-video-preview:-1"},"canonical":"https:\/\/www.bosaenergy.cn\/de\/product\/flussigkeitskuhlbehalter-ess\/","og_locale":"de_DE","og_type":"article","og_title":"Liquid Cooling Container ESS - BOSA lithium battery","og_description":"Rated energy: 3.35MWh  Rated voltage:1497.6V  Communication interface: RS485\/CAN\/Ethernet  Cooling method: liquid cooling","og_url":"https:\/\/www.bosaenergy.cn\/de\/product\/flussigkeitskuhlbehalter-ess\/","og_site_name":"BOSA lithium battery","article_publisher":"https:\/\/www.facebook.com\/profile.php?id=100066454002295","article_modified_time":"2026-03-20T07:38:18+00:00","og_image":[{"width":2400,"height":1800,"url":"https:\/\/www.bosaenergy.cn\/wp-content\/uploads\/2025\/12\/\u672a\u6807\u9898-1-15.png","type":"image\/png"}],"twitter_card":"summary_large_image","twitter_site":"@BellaBosa","twitter_misc":{"Gesch\u00e4tzte Lesezeit":"2\u00a0Minuten"},"schema":{"@context":"https:\/\/schema.org","@graph":[{"@type":"WebPage","@id":"https:\/\/www.bosaenergy.cn\/de\/product\/liquid-cooling-container-ess\/","url":"https:\/\/www.bosaenergy.cn\/de\/product\/liquid-cooling-container-ess\/","name":"Fl\u00fcssigkeitsk\u00fchlbeh\u00e4lter ESS - BOSA Lithiumbatterie","isPartOf":{"@id":"https:\/\/www.bosaenergy.cn\/de\/#website"},"primaryImageOfPage":{"@id":"https:\/\/www.bosaenergy.cn\/de\/product\/liquid-cooling-container-ess\/#primaryimage"},"image":{"@id":"https:\/\/www.bosaenergy.cn\/de\/product\/liquid-cooling-container-ess\/#primaryimage"},"thumbnailUrl":"https:\/\/www.bosaenergy.cn\/wp-content\/uploads\/2025\/12\/\u672a\u6807\u9898-1-15.png","datePublished":"2025-12-25T07:26:58+00:00","dateModified":"2026-03-20T07:38:18+00:00","breadcrumb":{"@id":"https:\/\/www.bosaenergy.cn\/de\/product\/liquid-cooling-container-ess\/#breadcrumb"},"inLanguage":"de","potentialAction":[{"@type":"ReadAction","target":["https:\/\/www.bosaenergy.cn\/de\/product\/liquid-cooling-container-ess\/"]}]},{"@type":"ImageObject","inLanguage":"de","@id":"https:\/\/www.bosaenergy.cn\/de\/product\/liquid-cooling-container-ess\/#primaryimage","url":"https:\/\/www.bosaenergy.cn\/wp-content\/uploads\/2025\/12\/\u672a\u6807\u9898-1-15.png","contentUrl":"https:\/\/www.bosaenergy.cn\/wp-content\/uploads\/2025\/12\/\u672a\u6807\u9898-1-15.png","width":2400,"height":1800},{"@type":"BreadcrumbList","@id":"https:\/\/www.bosaenergy.cn\/de\/product\/liquid-cooling-container-ess\/#breadcrumb","itemListElement":[{"@type":"ListItem","position":1,"name":"\u9996\u9875","item":"https:\/\/www.bosaenergy.cn\/"},{"@type":"ListItem","position":2,"name":"Products","item":"https:\/\/www.bosaenergy.cn\/products\/"},{"@type":"ListItem","position":3,"name":"Liquid Cooling Container ESS"}]},{"@type":"WebSite","@id":"https:\/\/www.bosaenergy.cn\/de\/#website","url":"https:\/\/www.bosaenergy.cn\/de\/","name":"bosa","description":"","publisher":{"@id":"https:\/\/www.bosaenergy.cn\/de\/#organization"},"potentialAction":[{"@type":"SearchAction","target":{"@type":"EntryPoint","urlTemplate":"https:\/\/www.bosaenergy.cn\/de\/?s={search_term_string}"},"query-input":{"@type":"PropertyValueSpecification","valueRequired":true,"valueName":"search_term_string"}}],"inLanguage":"de"},{"@type":"Organization","@id":"https:\/\/www.bosaenergy.cn\/de\/#organization","name":"bosa","url":"https:\/\/www.bosaenergy.cn\/de\/","logo":{"@type":"ImageObject","inLanguage":"de","@id":"https:\/\/www.bosaenergy.cn\/de\/#\/schema\/logo\/image\/","url":"https:\/\/www.bosaenergy.cn\/wp-content\/uploads\/2025\/11\/33ecacab3feacab1205891969ab9ce3f-1.png","contentUrl":"https:\/\/www.bosaenergy.cn\/wp-content\/uploads\/2025\/11\/33ecacab3feacab1205891969ab9ce3f-1.png","width":500,"height":201,"caption":"bosa"},"image":{"@id":"https:\/\/www.bosaenergy.cn\/de\/#\/schema\/logo\/image\/"},"sameAs":["https:\/\/www.facebook.com\/profile.php?id=100066454002295","https:\/\/x.com\/BellaBosa","https:\/\/www.instagram.com\/bosa_energy\/","https:\/\/www.youtube.com\/@bosanewenergy3210","https:\/\/www.linkedin.com\/company\/bosaenergy\/posts\/?feedView=all"]}]}},"_links":{"self":[{"href":"https:\/\/www.bosaenergy.cn\/de\/wp-json\/wp\/v2\/product\/1775","targetHints":{"allow":["GET"]}}],"collection":[{"href":"https:\/\/www.bosaenergy.cn\/de\/wp-json\/wp\/v2\/product"}],"about":[{"href":"https:\/\/www.bosaenergy.cn\/de\/wp-json\/wp\/v2\/types\/product"}],"replies":[{"embeddable":true,"href":"https:\/\/www.bosaenergy.cn\/de\/wp-json\/wp\/v2\/comments?post=1775"}],"wp:featuredmedia":[{"embeddable":true,"href":"https:\/\/www.bosaenergy.cn\/de\/wp-json\/wp\/v2\/media\/1785"}],"wp:attachment":[{"href":"https:\/\/www.bosaenergy.cn\/de\/wp-json\/wp\/v2\/media?parent=1775"}],"wp:term":[{"taxonomy":"product_brand","embeddable":true,"href":"https:\/\/www.bosaenergy.cn\/de\/wp-json\/wp\/v2\/product_brand?post=1775"},{"taxonomy":"product_cat","embeddable":true,"href":"https:\/\/www.bosaenergy.cn\/de\/wp-json\/wp\/v2\/product_cat?post=1775"},{"taxonomy":"product_tag","embeddable":true,"href":"https:\/\/www.bosaenergy.cn\/de\/wp-json\/wp\/v2\/product_tag?post=1775"}],"curies":[{"name":"wp","href":"https:\/\/api.w.org\/{rel}","templated":true}]}}