{"id":1744,"date":"2025-12-25T13:57:40","date_gmt":"2025-12-25T05:57:40","guid":{"rendered":"https:\/\/www.bosaenergy.cn\/?post_type=product&#038;p=1744"},"modified":"2026-04-17T14:04:59","modified_gmt":"2026-04-17T06:04:59","slug":"liquid-cooling-ci-bess","status":"publish","type":"product","link":"https:\/\/www.bosaenergy.cn\/de\/product\/liquid-cooling-ci-bess\/","title":{"rendered":"Liquid Cooling C&#038;I BESS"},"content":{"rendered":"<p>BOSA Energy konzentriert sich auf\u00a0<strong>Energiespeicherung<\/strong>\u00a0Produkte, Systemintegrationsdienstleistungen und Ladel\u00f6sungen.<\/p>\n<p>einschlie\u00dflich Energiespeichersysteml\u00f6sungen,\u00a0<strong>Energiespeicherung<\/strong>\u00a0Module und Pakete, Energiespeicher f\u00fcr Wohngeb\u00e4ude, Gewerbe und Industrie\u00a0<strong>Energiespeichersystem<\/strong>, containerartiges Energiespeichersystem, Lades\u00e4ule und integrierte intelligente PV-ESS-Lade-Parkl\u00f6sungen.<\/p>\n<p>Wir haben CE-, UL- und weitere Zertifizierungen erhalten, darunter ISO 9001:2015, ISO 14001:2015, ISO 45001:2018 und CNAS-Laborzertifizierungen, was unser Engagement f\u00fcr Qualit\u00e4t belegt.<br \/>\nUnsere Produkte werden in gro\u00dfem Umfang in den Bereichen Energiespeicherung auf der Stromerzeugungsseite, Energiespeicherung auf der Netzseite, industrielle und kommerzielle Energiespeicherung, Haushaltsenergiespeicherung, intelligente Stromnetze, Schienenverkehr, Windkraftanlagen und so weiter eingesetzt.<\/p>\n<p>Der operative\u00a0<strong>Energiespeicherbatterie<\/strong>\u00a0Die Kapazit\u00e4t betr\u00e4gt 35,64 GWh, und das j\u00e4hrliche Batterie-Liefervolumen betr\u00e4gt 7 GWh.<\/p>\n<p>Wir verf\u00fcgen \u00fcber 4 KI-gest\u00fctzte Produktionslinien f\u00fcr die Herstellung von Produkten, darunter Zellenauswahl und -pr\u00fcfung, Modulmontage und Batteriepackmontage.<\/p>\n<p><img fetchpriority=\"high\" decoding=\"async\" class=\"alignnone size-medium wp-image-2339\" src=\"https:\/\/www.bosaenergy.cn\/wp-content\/uploads\/2026\/01\/%E5%9B%BE%E7%89%87-300x201.png\" sizes=\"(max-width: 300px) 100vw, 300px\" srcset=\"https:\/\/www.bosaenergy.cn\/wp-content\/uploads\/2026\/01\/\u56fe\u7247-300x201.png 300w, https:\/\/www.bosaenergy.cn\/wp-content\/uploads\/2026\/01\/\u56fe\u7247-1024x686.png 1024w, https:\/\/www.bosaenergy.cn\/wp-content\/uploads\/2026\/01\/\u56fe\u7247-768x514.png 768w, https:\/\/www.bosaenergy.cn\/wp-content\/uploads\/2026\/01\/\u56fe\u7247-370x247.png 370w, https:\/\/www.bosaenergy.cn\/wp-content\/uploads\/2026\/01\/\u56fe\u7247-270x180.png 270w, https:\/\/www.bosaenergy.cn\/wp-content\/uploads\/2026\/01\/\u56fe\u7247-600x402.png 600w, https:\/\/www.bosaenergy.cn\/wp-content\/uploads\/2026\/01\/\u56fe\u7247.png 1208w\" alt=\"\" width=\"300\" height=\"201\" \/>\u00a0<img decoding=\"async\" class=\"alignnone size-medium wp-image-2336\" src=\"https:\/\/www.bosaenergy.cn\/wp-content\/uploads\/2026\/01\/%E5%9B%BE%E7%89%871-300x200.png\" sizes=\"(max-width: 300px) 100vw, 300px\" srcset=\"https:\/\/www.bosaenergy.cn\/wp-content\/uploads\/2026\/01\/\u56fe\u72471-300x200.png 300w, https:\/\/www.bosaenergy.cn\/wp-content\/uploads\/2026\/01\/\u56fe\u72471-768x513.png 768w, https:\/\/www.bosaenergy.cn\/wp-content\/uploads\/2026\/01\/\u56fe\u72471-370x247.png 370w, https:\/\/www.bosaenergy.cn\/wp-content\/uploads\/2026\/01\/\u56fe\u72471-270x180.png 270w, https:\/\/www.bosaenergy.cn\/wp-content\/uploads\/2026\/01\/\u56fe\u72471-600x401.png 600w, https:\/\/www.bosaenergy.cn\/wp-content\/uploads\/2026\/01\/\u56fe\u72471.png 871w\" alt=\"\" width=\"300\" height=\"200\" \/>\u00a0<img decoding=\"async\" class=\"alignnone size-medium wp-image-2337\" src=\"https:\/\/www.bosaenergy.cn\/wp-content\/uploads\/2026\/01\/%E5%9B%BE%E7%89%872-300x201.png\" sizes=\"(max-width: 300px) 100vw, 300px\" srcset=\"https:\/\/www.bosaenergy.cn\/wp-content\/uploads\/2026\/01\/\u56fe\u72472-300x201.png 300w, https:\/\/www.bosaenergy.cn\/wp-content\/uploads\/2026\/01\/\u56fe\u72472-1024x686.png 1024w, https:\/\/www.bosaenergy.cn\/wp-content\/uploads\/2026\/01\/\u56fe\u72472-768x514.png 768w, https:\/\/www.bosaenergy.cn\/wp-content\/uploads\/2026\/01\/\u56fe\u72472-370x247.png 370w, https:\/\/www.bosaenergy.cn\/wp-content\/uploads\/2026\/01\/\u56fe\u72472-270x180.png 270w, https:\/\/www.bosaenergy.cn\/wp-content\/uploads\/2026\/01\/\u56fe\u72472-600x402.png 600w, https:\/\/www.bosaenergy.cn\/wp-content\/uploads\/2026\/01\/\u56fe\u72472.png 1208w\" alt=\"\" width=\"300\" height=\"201\" \/>\u00a0<img loading=\"lazy\" decoding=\"async\" class=\"alignnone size-medium wp-image-2338\" src=\"https:\/\/www.bosaenergy.cn\/wp-content\/uploads\/2026\/01\/%E5%9B%BE%E7%89%873-300x201.png\" sizes=\"(max-width: 300px) 100vw, 300px\" srcset=\"https:\/\/www.bosaenergy.cn\/wp-content\/uploads\/2026\/01\/\u56fe\u72473-300x201.png 300w, https:\/\/www.bosaenergy.cn\/wp-content\/uploads\/2026\/01\/\u56fe\u72473-768x514.png 768w, https:\/\/www.bosaenergy.cn\/wp-content\/uploads\/2026\/01\/\u56fe\u72473-370x247.png 370w, https:\/\/www.bosaenergy.cn\/wp-content\/uploads\/2026\/01\/\u56fe\u72473-270x180.png 270w, https:\/\/www.bosaenergy.cn\/wp-content\/uploads\/2026\/01\/\u56fe\u72473-600x402.png 600w, https:\/\/www.bosaenergy.cn\/wp-content\/uploads\/2026\/01\/\u56fe\u72473.png 868w\" alt=\"\" width=\"300\" height=\"201\" \/><\/p>\n<p>Datenblatt:<\/p>\n<table style=\"height: 562px;\" width=\"909\">\n<tbody>\n<tr>\n<td colspan=\"2\" width=\"324\">Artikel<\/td>\n<td colspan=\"4\" width=\"533\">Technical\u00a0parameters(compatible\u00a0with\u00a0215kWh \/ 261kWh \/ 372\u00a0kWh \/ 417KWh)<\/td>\n<\/tr>\n<tr>\n<td rowspan=\"16\" width=\"119\">Basic system<br \/>\nparameters<\/td>\n<td>Cell type<\/td>\n<td>3.2V\/280Ah,LFP<\/td>\n<td>3.2V\/314Ah,LFP<\/td>\n<td>3.2V\/280Ah,LFP<\/td>\n<td>3.2V\/314Ah,LFP<\/td>\n<\/tr>\n<tr>\n<td>System rated capacity<\/td>\n<td>215 kWh<\/td>\n<td>261kWh<\/td>\n<td>372kWh<\/td>\n<td>417kWh<\/td>\n<\/tr>\n<tr>\n<td width=\"205\">Battery grouping method<\/td>\n<td>5*1P48S<\/td>\n<td>5*1P52S<\/td>\n<td>8*1P52S<\/td>\n<td>8*1P52S<\/td>\n<\/tr>\n<tr>\n<td>Lade- und Entladerate<\/td>\n<td colspan=\"4\">\u22640.5P<\/td>\n<\/tr>\n<tr>\n<td>System efficiency<\/td>\n<td colspan=\"4\">\u226586%<\/td>\n<\/tr>\n<tr>\n<td>Betriebstemperaturbereich<\/td>\n<td colspan=\"4\">Discharge:-20~55\u2103;Charge:0~55\u2103<\/td>\n<\/tr>\n<tr>\n<td>UPS<\/td>\n<td colspan=\"4\">Off-grid option<\/td>\n<\/tr>\n<tr>\n<td>Brandbek\u00e4mpfungsmethode<\/td>\n<td colspan=\"4\">Perfluorohexanone \/aerosol optional<\/td>\n<\/tr>\n<tr>\n<td>Kommunikation<\/td>\n<td colspan=\"4\">RS485, Ethernet<\/td>\n<\/tr>\n<tr>\n<td>K\u00fchlmethode<\/td>\n<td colspan=\"4\">Liquid cooling<\/td>\n<\/tr>\n<tr>\n<td>IP level<\/td>\n<td colspan=\"4\">IP54<\/td>\n<\/tr>\n<tr>\n<td>Corrosion resistance level<\/td>\n<td colspan=\"4\">C4<\/td>\n<\/tr>\n<tr>\n<td>Gewicht<\/td>\n<td>2.4t<\/td>\n<td>2.5t<\/td>\n<td>4.3t<\/td>\n<td>4.5t<\/td>\n<\/tr>\n<tr>\n<td>Size(W*DH mm)<\/td>\n<td colspan=\"2\">1000*1350*2350<\/td>\n<td colspan=\"2\">1400*1400*2450<\/td>\n<\/tr>\n<tr>\n<td>Max. operating altitude<\/td>\n<td colspan=\"4\">5000m(&gt;3000m Reduce Rated)<\/td>\n<\/tr>\n<tr>\n<td>Temperature range<\/td>\n<td colspan=\"4\">0~95%(no condensation)<\/td>\n<\/tr>\n<\/tbody>\n<\/table>\n<p>&nbsp;<\/p>","protected":false},"excerpt":{"rendered":"<p>Cell type: 3.2V\/280Ah,LFP or 3.2V\/314Ah,LFP<\/p>\n<p>System rated capacity:215KWh \/ 261KWh \/ 372KWh \/ 417KWh<\/p>\n<p>Battery grouping method5*1P48S \/ 5*1P52S \/ 8*1P52S \/ 8*1P52S<\/p>\n<p>Cooling method: Liquid cooling<\/p>\n<p>Schutzart: IP54 (Verpackung\u2265IP67)<\/p>\n<p>Compliant With Standards: GB\/T 36276-2023\uff0cUN38.3\uff0cIEC62619<\/p>","protected":false},"featured_media":1753,"comment_status":"open","ping_status":"closed","template":"","meta":[],"product_brand":[],"product_cat":[80],"product_tag":[],"class_list":{"0":"post-1744","1":"product","2":"type-product","3":"status-publish","4":"has-post-thumbnail","6":"product_cat-liquid-cooling-2","8":"first","9":"instock","10":"shipping-taxable","11":"product-type-simple"},"yoast_head":"<!-- This site is optimized with the Yoast SEO plugin v27.5 - https:\/\/yoast.com\/product\/yoast-seo-wordpress\/ -->\n<title>Liquid Cooling C&amp;I BESS - BOSA lithium battery<\/title>\n<meta name=\"robots\" content=\"index, follow, max-snippet:-1, max-image-preview:large, max-video-preview:-1\" \/>\n<link rel=\"canonical\" href=\"https:\/\/www.bosaenergy.cn\/de\/product\/liquid-cooling-ci-bess\/\" \/>\n<meta property=\"og:locale\" content=\"de_DE\" \/>\n<meta property=\"og:type\" content=\"article\" \/>\n<meta property=\"og:title\" content=\"Liquid Cooling C&amp;I BESS - BOSA lithium battery\" \/>\n<meta property=\"og:description\" content=\"Cell type: 3.2V\/280Ah,LFP or 3.2V\/314Ah,LFP  System rated capacity:215KWh \/ 261KWh \/ 372KWh \/ 417KWh  Battery grouping method5*1P48S \/ 5*1P52S \/ 8*1P52S \/ 8*1P52S  Cooling method: Liquid cooling  IP level: IP54 (Pack\u2265IP67)  Compliant With Standards: GB\/T 36276-2023\uff0cUN38.3\uff0cIEC62619\" \/>\n<meta property=\"og:url\" content=\"https:\/\/www.bosaenergy.cn\/de\/product\/liquid-cooling-ci-bess\/\" \/>\n<meta property=\"og:site_name\" content=\"BOSA lithium battery\" \/>\n<meta property=\"article:publisher\" content=\"https:\/\/www.facebook.com\/profile.php?id=100066454002295\" \/>\n<meta property=\"article:modified_time\" content=\"2026-04-17T06:04:59+00:00\" \/>\n<meta property=\"og:image\" content=\"https:\/\/www.bosaenergy.cn\/wp-content\/uploads\/2025\/12\/\u672a\u6807\u9898-1-12.png\" \/>\n\t<meta property=\"og:image:width\" content=\"2400\" \/>\n\t<meta property=\"og:image:height\" content=\"1800\" \/>\n\t<meta property=\"og:image:type\" content=\"image\/png\" \/>\n<meta name=\"twitter:card\" content=\"summary_large_image\" \/>\n<meta name=\"twitter:site\" content=\"@BellaBosa\" \/>\n<meta name=\"twitter:label1\" content=\"Gesch\u00e4tzte Lesezeit\" \/>\n\t<meta name=\"twitter:data1\" content=\"3\u00a0Minuten\" \/>\n<script type=\"application\/ld+json\" class=\"yoast-schema-graph\">{\"@context\":\"https:\\\/\\\/schema.org\",\"@graph\":[{\"@type\":\"WebPage\",\"@id\":\"https:\\\/\\\/www.bosaenergy.cn\\\/de\\\/product\\\/liquid-cooling-ci-bess\\\/\",\"url\":\"https:\\\/\\\/www.bosaenergy.cn\\\/de\\\/product\\\/liquid-cooling-ci-bess\\\/\",\"name\":\"Liquid Cooling C&I BESS - BOSA lithium battery\",\"isPartOf\":{\"@id\":\"https:\\\/\\\/www.bosaenergy.cn\\\/de\\\/#website\"},\"primaryImageOfPage\":{\"@id\":\"https:\\\/\\\/www.bosaenergy.cn\\\/de\\\/product\\\/liquid-cooling-ci-bess\\\/#primaryimage\"},\"image\":{\"@id\":\"https:\\\/\\\/www.bosaenergy.cn\\\/de\\\/product\\\/liquid-cooling-ci-bess\\\/#primaryimage\"},\"thumbnailUrl\":\"https:\\\/\\\/www.bosaenergy.cn\\\/wp-content\\\/uploads\\\/2025\\\/12\\\/\u672a\u6807\u9898-1-12.png\",\"datePublished\":\"2025-12-25T05:57:40+00:00\",\"dateModified\":\"2026-04-17T06:04:59+00:00\",\"breadcrumb\":{\"@id\":\"https:\\\/\\\/www.bosaenergy.cn\\\/de\\\/product\\\/liquid-cooling-ci-bess\\\/#breadcrumb\"},\"inLanguage\":\"de\",\"potentialAction\":[{\"@type\":\"ReadAction\",\"target\":[\"https:\\\/\\\/www.bosaenergy.cn\\\/de\\\/product\\\/liquid-cooling-ci-bess\\\/\"]}]},{\"@type\":\"ImageObject\",\"inLanguage\":\"de\",\"@id\":\"https:\\\/\\\/www.bosaenergy.cn\\\/de\\\/product\\\/liquid-cooling-ci-bess\\\/#primaryimage\",\"url\":\"https:\\\/\\\/www.bosaenergy.cn\\\/wp-content\\\/uploads\\\/2025\\\/12\\\/\u672a\u6807\u9898-1-12.png\",\"contentUrl\":\"https:\\\/\\\/www.bosaenergy.cn\\\/wp-content\\\/uploads\\\/2025\\\/12\\\/\u672a\u6807\u9898-1-12.png\",\"width\":2400,\"height\":1800},{\"@type\":\"BreadcrumbList\",\"@id\":\"https:\\\/\\\/www.bosaenergy.cn\\\/de\\\/product\\\/liquid-cooling-ci-bess\\\/#breadcrumb\",\"itemListElement\":[{\"@type\":\"ListItem\",\"position\":1,\"name\":\"\u9996\u9875\",\"item\":\"https:\\\/\\\/www.bosaenergy.cn\\\/\"},{\"@type\":\"ListItem\",\"position\":2,\"name\":\"Products\",\"item\":\"https:\\\/\\\/www.bosaenergy.cn\\\/products\\\/\"},{\"@type\":\"ListItem\",\"position\":3,\"name\":\"Liquid Cooling C&#038;I BESS\"}]},{\"@type\":\"WebSite\",\"@id\":\"https:\\\/\\\/www.bosaenergy.cn\\\/de\\\/#website\",\"url\":\"https:\\\/\\\/www.bosaenergy.cn\\\/de\\\/\",\"name\":\"bosa\",\"description\":\"\",\"publisher\":{\"@id\":\"https:\\\/\\\/www.bosaenergy.cn\\\/de\\\/#organization\"},\"potentialAction\":[{\"@type\":\"SearchAction\",\"target\":{\"@type\":\"EntryPoint\",\"urlTemplate\":\"https:\\\/\\\/www.bosaenergy.cn\\\/de\\\/?s={search_term_string}\"},\"query-input\":{\"@type\":\"PropertyValueSpecification\",\"valueRequired\":true,\"valueName\":\"search_term_string\"}}],\"inLanguage\":\"de\"},{\"@type\":\"Organization\",\"@id\":\"https:\\\/\\\/www.bosaenergy.cn\\\/de\\\/#organization\",\"name\":\"bosa\",\"url\":\"https:\\\/\\\/www.bosaenergy.cn\\\/de\\\/\",\"logo\":{\"@type\":\"ImageObject\",\"inLanguage\":\"de\",\"@id\":\"https:\\\/\\\/www.bosaenergy.cn\\\/de\\\/#\\\/schema\\\/logo\\\/image\\\/\",\"url\":\"https:\\\/\\\/www.bosaenergy.cn\\\/wp-content\\\/uploads\\\/2025\\\/11\\\/33ecacab3feacab1205891969ab9ce3f-1.png\",\"contentUrl\":\"https:\\\/\\\/www.bosaenergy.cn\\\/wp-content\\\/uploads\\\/2025\\\/11\\\/33ecacab3feacab1205891969ab9ce3f-1.png\",\"width\":500,\"height\":201,\"caption\":\"bosa\"},\"image\":{\"@id\":\"https:\\\/\\\/www.bosaenergy.cn\\\/de\\\/#\\\/schema\\\/logo\\\/image\\\/\"},\"sameAs\":[\"https:\\\/\\\/www.facebook.com\\\/profile.php?id=100066454002295\",\"https:\\\/\\\/x.com\\\/BellaBosa\",\"https:\\\/\\\/www.instagram.com\\\/bosa_energy\\\/\",\"https:\\\/\\\/www.youtube.com\\\/@bosanewenergy3210\",\"https:\\\/\\\/www.linkedin.com\\\/company\\\/bosaenergy\\\/posts\\\/?feedView=all\"]}]}<\/script>\n<!-- \/ Yoast SEO plugin. -->","yoast_head_json":{"title":"Liquid Cooling C&I BESS - BOSA lithium battery","robots":{"index":"index","follow":"follow","max-snippet":"max-snippet:-1","max-image-preview":"max-image-preview:large","max-video-preview":"max-video-preview:-1"},"canonical":"https:\/\/www.bosaenergy.cn\/de\/product\/liquid-cooling-ci-bess\/","og_locale":"de_DE","og_type":"article","og_title":"Liquid Cooling C&I BESS - BOSA lithium battery","og_description":"Cell type: 3.2V\/280Ah,LFP or 3.2V\/314Ah,LFP  System rated capacity:215KWh \/ 261KWh \/ 372KWh \/ 417KWh  Battery grouping method5*1P48S \/ 5*1P52S \/ 8*1P52S \/ 8*1P52S  Cooling method: Liquid cooling  IP level: IP54 (Pack\u2265IP67)  Compliant With Standards: GB\/T 36276-2023\uff0cUN38.3\uff0cIEC62619","og_url":"https:\/\/www.bosaenergy.cn\/de\/product\/liquid-cooling-ci-bess\/","og_site_name":"BOSA lithium battery","article_publisher":"https:\/\/www.facebook.com\/profile.php?id=100066454002295","article_modified_time":"2026-04-17T06:04:59+00:00","og_image":[{"width":2400,"height":1800,"url":"https:\/\/www.bosaenergy.cn\/wp-content\/uploads\/2025\/12\/\u672a\u6807\u9898-1-12.png","type":"image\/png"}],"twitter_card":"summary_large_image","twitter_site":"@BellaBosa","twitter_misc":{"Gesch\u00e4tzte Lesezeit":"3\u00a0Minuten"},"schema":{"@context":"https:\/\/schema.org","@graph":[{"@type":"WebPage","@id":"https:\/\/www.bosaenergy.cn\/de\/product\/liquid-cooling-ci-bess\/","url":"https:\/\/www.bosaenergy.cn\/de\/product\/liquid-cooling-ci-bess\/","name":"Liquid Cooling C&I BESS - BOSA lithium battery","isPartOf":{"@id":"https:\/\/www.bosaenergy.cn\/de\/#website"},"primaryImageOfPage":{"@id":"https:\/\/www.bosaenergy.cn\/de\/product\/liquid-cooling-ci-bess\/#primaryimage"},"image":{"@id":"https:\/\/www.bosaenergy.cn\/de\/product\/liquid-cooling-ci-bess\/#primaryimage"},"thumbnailUrl":"https:\/\/www.bosaenergy.cn\/wp-content\/uploads\/2025\/12\/\u672a\u6807\u9898-1-12.png","datePublished":"2025-12-25T05:57:40+00:00","dateModified":"2026-04-17T06:04:59+00:00","breadcrumb":{"@id":"https:\/\/www.bosaenergy.cn\/de\/product\/liquid-cooling-ci-bess\/#breadcrumb"},"inLanguage":"de","potentialAction":[{"@type":"ReadAction","target":["https:\/\/www.bosaenergy.cn\/de\/product\/liquid-cooling-ci-bess\/"]}]},{"@type":"ImageObject","inLanguage":"de","@id":"https:\/\/www.bosaenergy.cn\/de\/product\/liquid-cooling-ci-bess\/#primaryimage","url":"https:\/\/www.bosaenergy.cn\/wp-content\/uploads\/2025\/12\/\u672a\u6807\u9898-1-12.png","contentUrl":"https:\/\/www.bosaenergy.cn\/wp-content\/uploads\/2025\/12\/\u672a\u6807\u9898-1-12.png","width":2400,"height":1800},{"@type":"BreadcrumbList","@id":"https:\/\/www.bosaenergy.cn\/de\/product\/liquid-cooling-ci-bess\/#breadcrumb","itemListElement":[{"@type":"ListItem","position":1,"name":"\u9996\u9875","item":"https:\/\/www.bosaenergy.cn\/"},{"@type":"ListItem","position":2,"name":"Products","item":"https:\/\/www.bosaenergy.cn\/products\/"},{"@type":"ListItem","position":3,"name":"Liquid Cooling C&#038;I BESS"}]},{"@type":"WebSite","@id":"https:\/\/www.bosaenergy.cn\/de\/#website","url":"https:\/\/www.bosaenergy.cn\/de\/","name":"bosa","description":"","publisher":{"@id":"https:\/\/www.bosaenergy.cn\/de\/#organization"},"potentialAction":[{"@type":"SearchAction","target":{"@type":"EntryPoint","urlTemplate":"https:\/\/www.bosaenergy.cn\/de\/?s={search_term_string}"},"query-input":{"@type":"PropertyValueSpecification","valueRequired":true,"valueName":"search_term_string"}}],"inLanguage":"de"},{"@type":"Organization","@id":"https:\/\/www.bosaenergy.cn\/de\/#organization","name":"bosa","url":"https:\/\/www.bosaenergy.cn\/de\/","logo":{"@type":"ImageObject","inLanguage":"de","@id":"https:\/\/www.bosaenergy.cn\/de\/#\/schema\/logo\/image\/","url":"https:\/\/www.bosaenergy.cn\/wp-content\/uploads\/2025\/11\/33ecacab3feacab1205891969ab9ce3f-1.png","contentUrl":"https:\/\/www.bosaenergy.cn\/wp-content\/uploads\/2025\/11\/33ecacab3feacab1205891969ab9ce3f-1.png","width":500,"height":201,"caption":"bosa"},"image":{"@id":"https:\/\/www.bosaenergy.cn\/de\/#\/schema\/logo\/image\/"},"sameAs":["https:\/\/www.facebook.com\/profile.php?id=100066454002295","https:\/\/x.com\/BellaBosa","https:\/\/www.instagram.com\/bosa_energy\/","https:\/\/www.youtube.com\/@bosanewenergy3210","https:\/\/www.linkedin.com\/company\/bosaenergy\/posts\/?feedView=all"]}]}},"_links":{"self":[{"href":"https:\/\/www.bosaenergy.cn\/de\/wp-json\/wp\/v2\/product\/1744","targetHints":{"allow":["GET"]}}],"collection":[{"href":"https:\/\/www.bosaenergy.cn\/de\/wp-json\/wp\/v2\/product"}],"about":[{"href":"https:\/\/www.bosaenergy.cn\/de\/wp-json\/wp\/v2\/types\/product"}],"replies":[{"embeddable":true,"href":"https:\/\/www.bosaenergy.cn\/de\/wp-json\/wp\/v2\/comments?post=1744"}],"wp:featuredmedia":[{"embeddable":true,"href":"https:\/\/www.bosaenergy.cn\/de\/wp-json\/wp\/v2\/media\/1753"}],"wp:attachment":[{"href":"https:\/\/www.bosaenergy.cn\/de\/wp-json\/wp\/v2\/media?parent=1744"}],"wp:term":[{"taxonomy":"product_brand","embeddable":true,"href":"https:\/\/www.bosaenergy.cn\/de\/wp-json\/wp\/v2\/product_brand?post=1744"},{"taxonomy":"product_cat","embeddable":true,"href":"https:\/\/www.bosaenergy.cn\/de\/wp-json\/wp\/v2\/product_cat?post=1744"},{"taxonomy":"product_tag","embeddable":true,"href":"https:\/\/www.bosaenergy.cn\/de\/wp-json\/wp\/v2\/product_tag?post=1744"}],"curies":[{"name":"wp","href":"https:\/\/api.w.org\/{rel}","templated":true}]}}