{"id":1578,"date":"2025-12-24T13:38:55","date_gmt":"2025-12-24T05:38:55","guid":{"rendered":"https:\/\/www.bosaenergy.cn\/?post_type=product&#038;p=1578"},"modified":"2026-04-17T13:35:26","modified_gmt":"2026-04-17T05:35:26","slug":"48-v-lfp-akkupack-fur-hebezeuge","status":"publish","type":"product","link":"https:\/\/www.bosaenergy.cn\/de\/product\/48v-lfp-battery-pack-for-lifting-equipment\/","title":{"rendered":"48V LFP-Akkupack f\u00fcr Hebezeuge"},"content":{"rendered":"<p data-start=\"47\" data-end=\"284\">Bosa hat sich zum Ziel gesetzt, ein f\u00fchrender Anbieter zu werden.\u00a0<strong data-start=\"77\" data-end=\"121\">Lieferant von LFP-Industriebatterien in China<\/strong>. Unser Kerngesch\u00e4ft konzentriert sich auf\u00a0<strong data-start=\"152\" data-end=\"206\">Lithium-Ionen-Batterien und integrierte Energiesysteme<\/strong>, weit verbreitet in der Energiespeicherung, bei Elektrofahrzeugen und in der Schifffahrt.<\/p>\n<p data-start=\"286\" data-end=\"557\">Dank ihrer hervorragenden Qualit\u00e4t und zuverl\u00e4ssigen Leistung genie\u00dfen unsere Produkte das Vertrauen unserer Kunden in\u00a0<strong data-start=\"376\" data-end=\"412\">mehr als 30 L\u00e4nder weltweit<\/strong>. Wir besitzen au\u00dferdem eine Reihe von Patenten, die aktiv angewendet werden in\u00a0<strong data-start=\"476\" data-end=\"520\">Forschung und Entwicklung von Lithiumbatterien<\/strong>, Unterst\u00fctzung kontinuierlicher Innovation.<\/p>\n<p data-start=\"559\" data-end=\"677\">Unsere Fertigungskapazit\u00e4ten werden angetrieben von\u00a0<strong data-start=\"605\" data-end=\"640\">vier KI-gesteuerte Produktionslinien<\/strong>, den gesamten Prozess abdeckend von:<\/p>\n<ul data-start=\"678\" data-end=\"754\">\n<li data-section-id=\"2zjn\" data-start=\"678\" data-end=\"708\">Zellselektion und -pr\u00fcfung<\/li>\n<li data-section-id=\"1kj28oc\" data-start=\"709\" data-end=\"728\">Modulbaugruppe<\/li>\n<li data-section-id=\"13cwqxu\" data-start=\"729\" data-end=\"754\">Batteriepack-Baugruppe<\/li>\n<\/ul>\n<p data-start=\"756\" data-end=\"847\">Diese fortschrittlichen Funktionen gew\u00e4hrleisten hohe Konsistenz, Effizienz und Produktzuverl\u00e4ssigkeit.<\/p>\n<p><img fetchpriority=\"high\" decoding=\"async\" class=\"alignnone size-medium wp-image-2339\" src=\"https:\/\/www.bosaenergy.cn\/wp-content\/uploads\/2026\/01\/%E5%9B%BE%E7%89%87-300x201.png\" sizes=\"(max-width: 300px) 100vw, 300px\" srcset=\"https:\/\/www.bosaenergy.cn\/wp-content\/uploads\/2026\/01\/\u56fe\u7247-300x201.png 300w, https:\/\/www.bosaenergy.cn\/wp-content\/uploads\/2026\/01\/\u56fe\u7247-1024x686.png 1024w, https:\/\/www.bosaenergy.cn\/wp-content\/uploads\/2026\/01\/\u56fe\u7247-768x514.png 768w, https:\/\/www.bosaenergy.cn\/wp-content\/uploads\/2026\/01\/\u56fe\u7247-370x247.png 370w, https:\/\/www.bosaenergy.cn\/wp-content\/uploads\/2026\/01\/\u56fe\u7247-270x180.png 270w, https:\/\/www.bosaenergy.cn\/wp-content\/uploads\/2026\/01\/\u56fe\u7247-600x402.png 600w, https:\/\/www.bosaenergy.cn\/wp-content\/uploads\/2026\/01\/\u56fe\u7247.png 1208w\" alt=\"\" width=\"300\" height=\"201\" \/>\u00a0<img decoding=\"async\" class=\"alignnone size-medium wp-image-2336\" src=\"https:\/\/www.bosaenergy.cn\/wp-content\/uploads\/2026\/01\/%E5%9B%BE%E7%89%871-300x200.png\" sizes=\"(max-width: 300px) 100vw, 300px\" srcset=\"https:\/\/www.bosaenergy.cn\/wp-content\/uploads\/2026\/01\/\u56fe\u72471-300x200.png 300w, https:\/\/www.bosaenergy.cn\/wp-content\/uploads\/2026\/01\/\u56fe\u72471-768x513.png 768w, https:\/\/www.bosaenergy.cn\/wp-content\/uploads\/2026\/01\/\u56fe\u72471-370x247.png 370w, https:\/\/www.bosaenergy.cn\/wp-content\/uploads\/2026\/01\/\u56fe\u72471-270x180.png 270w, https:\/\/www.bosaenergy.cn\/wp-content\/uploads\/2026\/01\/\u56fe\u72471-600x401.png 600w, https:\/\/www.bosaenergy.cn\/wp-content\/uploads\/2026\/01\/\u56fe\u72471.png 871w\" alt=\"\" width=\"300\" height=\"200\" \/>\u00a0<img decoding=\"async\" class=\"alignnone size-medium wp-image-2337\" src=\"https:\/\/www.bosaenergy.cn\/wp-content\/uploads\/2026\/01\/%E5%9B%BE%E7%89%872-300x201.png\" sizes=\"(max-width: 300px) 100vw, 300px\" srcset=\"https:\/\/www.bosaenergy.cn\/wp-content\/uploads\/2026\/01\/\u56fe\u72472-300x201.png 300w, https:\/\/www.bosaenergy.cn\/wp-content\/uploads\/2026\/01\/\u56fe\u72472-1024x686.png 1024w, https:\/\/www.bosaenergy.cn\/wp-content\/uploads\/2026\/01\/\u56fe\u72472-768x514.png 768w, https:\/\/www.bosaenergy.cn\/wp-content\/uploads\/2026\/01\/\u56fe\u72472-370x247.png 370w, https:\/\/www.bosaenergy.cn\/wp-content\/uploads\/2026\/01\/\u56fe\u72472-270x180.png 270w, https:\/\/www.bosaenergy.cn\/wp-content\/uploads\/2026\/01\/\u56fe\u72472-600x402.png 600w, https:\/\/www.bosaenergy.cn\/wp-content\/uploads\/2026\/01\/\u56fe\u72472.png 1208w\" alt=\"\" width=\"300\" height=\"201\" \/>\u00a0<img loading=\"lazy\" decoding=\"async\" class=\"alignnone size-medium wp-image-2338\" src=\"https:\/\/www.bosaenergy.cn\/wp-content\/uploads\/2026\/01\/%E5%9B%BE%E7%89%873-300x201.png\" sizes=\"(max-width: 300px) 100vw, 300px\" srcset=\"https:\/\/www.bosaenergy.cn\/wp-content\/uploads\/2026\/01\/\u56fe\u72473-300x201.png 300w, https:\/\/www.bosaenergy.cn\/wp-content\/uploads\/2026\/01\/\u56fe\u72473-768x514.png 768w, https:\/\/www.bosaenergy.cn\/wp-content\/uploads\/2026\/01\/\u56fe\u72473-370x247.png 370w, https:\/\/www.bosaenergy.cn\/wp-content\/uploads\/2026\/01\/\u56fe\u72473-270x180.png 270w, https:\/\/www.bosaenergy.cn\/wp-content\/uploads\/2026\/01\/\u56fe\u72473-600x402.png 600w, https:\/\/www.bosaenergy.cn\/wp-content\/uploads\/2026\/01\/\u56fe\u72473.png 868w\" alt=\"\" width=\"300\" height=\"201\" \/><\/p>\n<p>Dank dieser Vorteile konnte Bosa&#039;s\u00a0<strong data-start=\"884\" data-end=\"905\">LiFePO4-Batterien<\/strong>\u00a0Sie eignen sich ideal als Ersatz f\u00fcr herk\u00f6mmliche Blei-S\u00e4ure-Batterien.\u00a0<span class=\"jCAhz ChMk0b\"><span class=\"ryNqvb\">Aus langfristiger Sicht<\/span><\/span>\u2013 einschlie\u00dflich Einsparungen beim Energieverbrauch, bei der Wartung, beim Arbeitsaufwand und reduzierten Ausfallzeiten \u2013 k\u00f6nnen erheblich\u00a0<strong data-start=\"1140\" data-end=\"1183\">die Gesamtbetriebskosten (TCO) senken<\/strong>.<\/p>\n<p>Unser\u00a0<strong>48 V<\/strong> Hebezeuge<strong>\u00a0Akku<\/strong> :<\/p>\n<p>\u2022 Schnelles und flexibles Laden. Eine vollst\u00e4ndige Ladung dauert nur 4 Stunden, im Vergleich zu 8\u201310 Stunden bei Bleiakkumulatoren, und das Laden zu jeder Zeit schadet dem Akku nicht.\u00a0<strong>Batterie<\/strong>.<\/p>\n<p>\u2022 Langlebig: Keine Ausfallzeiten gew\u00fcnscht? Kein Problem. BOSA\u00a0<strong>Batterien<\/strong>\u00a0H\u00e4lt 4-5 Mal l\u00e4nger als Bleiakkumulatoren und wird mit einer 3-j\u00e4hrigen Garantie geliefert.<\/p>\n<p>\u2022 Langlebigkeit: H\u00e4lt den Belastungen des Alltags stand. BOSA\u00a0<strong>LiFePo4-Batterien<\/strong>\u00a0erf\u00fcllen die Normen f\u00fcr Langlebigkeit und Vibrationsfestigkeit.<\/p>\n<p>\u2022 Wartung: Keine. Kein Gie\u00dfen erforderlich. Keine S\u00e4ure \u2013 keine Korrosion. Keine S\u00e4uretropfen, keine Laded\u00e4mpfe.<\/p>\n<p>Datenblatt:<\/p>\n<table style=\"height: 550px;\" width=\"1215\">\n<tbody>\n<tr>\n<td width=\"1048\"><\/td>\n<td width=\"530\">48 V \u2013 320 Ah<\/td>\n<td width=\"592\">48 V \u2013 460 Ah<\/td>\n<td width=\"599\">48V-608AH<\/td>\n<\/tr>\n<tr>\n<td width=\"1048\">Batteriechemie<\/td>\n<td colspan=\"3\" width=\"1722\">Lithium-Eisenphosphat<\/td>\n<\/tr>\n<tr>\n<td width=\"1048\">Nennspannung der Batterie<\/td>\n<td colspan=\"3\" width=\"1722\">51,2 V<\/td>\n<\/tr>\n<tr>\n<td width=\"1048\">Nennkapazit\u00e4t der Batterie<\/td>\n<td width=\"530\">320 Ah<\/td>\n<td width=\"592\">460 Ah<\/td>\n<td width=\"599\">608Ah<\/td>\n<\/tr>\n<tr>\n<td width=\"1048\">Nennkapazit\u00e4t der Batterie<\/td>\n<td width=\"530\">16,384 kWh<\/td>\n<td width=\"592\">23,552 kWh<\/td>\n<td width=\"599\">31,129 kWh<\/td>\n<\/tr>\n<tr>\n<td width=\"1048\">Lebenszyklus<\/td>\n<td colspan=\"3\" width=\"1722\">&gt;3500\u00a0cycles\u00a0@0.5C\/0.5C\u00a0,25\u00b12\u2103<\/td>\n<\/tr>\n<tr>\n<td width=\"1048\">Empfohlene Maximalgr\u00f6\u00dfe.<br \/>\nkontinuierlicher Ladestrom<\/td>\n<td width=\"530\">160 A<\/td>\n<td width=\"592\">230 A<\/td>\n<td width=\"599\">304A<\/td>\n<\/tr>\n<tr>\n<td width=\"1048\">Empfohlener maximaler Dauerentladestrom<\/td>\n<td width=\"530\">256A<\/td>\n<td width=\"592\">368A<\/td>\n<td width=\"599\">486A<\/td>\n<\/tr>\n<tr>\n<td width=\"1048\">Spitzenentladestrom<\/td>\n<td width=\"530\">480A(10s)<\/td>\n<td width=\"592\">690A(10s)<\/td>\n<td width=\"599\">912A(10s)<\/td>\n<\/tr>\n<tr>\n<td width=\"1048\">Batterie\u00fcberwachung<\/td>\n<td colspan=\"3\" width=\"1722\">integriert<\/td>\n<\/tr>\n<tr>\n<td width=\"1048\">MasterBus-Kommunikation<\/td>\n<td colspan=\"3\" width=\"1722\">Ja<\/td>\n<\/tr>\n<tr>\n<td width=\"1048\">Kommunikation<\/td>\n<td colspan=\"3\" width=\"1722\">D\u00dcRFEN<\/td>\n<\/tr>\n<tr>\n<td width=\"1048\">Terminals<\/td>\n<td colspan=\"3\" width=\"1722\">Kurzer Stecker<\/td>\n<\/tr>\n<tr>\n<td width=\"1048\">Produktgewicht (kg \/ lbs)<\/td>\n<td width=\"530\">122\/268.4<\/td>\n<td width=\"592\">160\/352.74<\/td>\n<td width=\"599\">200\/440.92<\/td>\n<\/tr>\n<tr>\n<td width=\"1048\">Abmessungen (L*B*H mm)<\/td>\n<td width=\"530\">806*556*186<\/td>\n<td width=\"592\">800*550*230<\/td>\n<td width=\"599\">1000*550*230<\/td>\n<\/tr>\n<tr>\n<td width=\"1048\">Abmessungen (L*B*H Zoll)<\/td>\n<td width=\"530\">31.73*21.89*7.32<\/td>\n<td width=\"592\">31.5*21.65*9.06<\/td>\n<td width=\"599\">39.37*21.65*9.06<\/td>\n<\/tr>\n<tr>\n<td width=\"1048\">Schutzgrad<\/td>\n<td colspan=\"3\" width=\"1722\">IP67<\/td>\n<\/tr>\n<tr>\n<td width=\"1048\">Schutzma\u00dfnahmen<\/td>\n<td colspan=\"3\" width=\"1722\">\u00dcber-\/Unterspannung, \u00dcber-\/Unterstrom, \u00dcber-\/Untertemperatur<\/td>\n<\/tr>\n<\/tbody>\n<\/table>","protected":false},"excerpt":{"rendered":"<p>Batteriechemie: Lithium-Eisenphosphat<\/p>\n<p>Nennspannung der Batterie: 51,2 V<\/p>\n<p>Nennkapazit\u00e4t der Batterie: 320 Ah \/ 460 Ah \/ 608 Ah<\/p>\n<p>Nennkapazit\u00e4t der Batterie: 16,384 kWh \/ 23,552 kWh \/ 31,129 kWh<\/p>\n<p>Zyklenlebensdauer: &gt;3500 Zyklen bei 0,5 \u00b0C\/0,5 \u00b0C, 25 \u00b1 2 \u00b0C<\/p>","protected":false},"featured_media":1579,"comment_status":"open","ping_status":"closed","template":"","meta":[],"product_brand":[],"product_cat":[51],"product_tag":[],"class_list":{"0":"post-1578","1":"product","2":"type-product","3":"status-publish","4":"has-post-thumbnail","6":"product_cat-48v","8":"first","9":"instock","10":"shipping-taxable","11":"product-type-simple"},"yoast_head":"<!-- This site is optimized with the Yoast SEO plugin v27.5 - https:\/\/yoast.com\/product\/yoast-seo-wordpress\/ -->\n<title>48V LFP Battery Pack for Lifting Equipment - BOSA lithium battery<\/title>\n<meta name=\"robots\" content=\"index, follow, max-snippet:-1, max-image-preview:large, max-video-preview:-1\" \/>\n<link rel=\"canonical\" href=\"https:\/\/www.bosaenergy.cn\/de\/product\/48-v-lfp-akkupack-fur-hebezeuge\/\" \/>\n<meta property=\"og:locale\" content=\"de_DE\" \/>\n<meta property=\"og:type\" content=\"article\" \/>\n<meta property=\"og:title\" content=\"48V LFP Battery Pack for Lifting Equipment - BOSA lithium battery\" \/>\n<meta property=\"og:description\" content=\"Battery chemistry: Lithium Iron Phosphate  Nominal battery voltage: 51.2V  Nominal battery capacity: 320Ah \/ 460Ah \/ 608Ah  Nominal battery energy capacity:16.384kwh \/ 23.552kwh \/ 31.129kwh  Cycle life: &gt;3500 cycles @0.5C\/0.5C ,25\u00b12\u2103\" \/>\n<meta property=\"og:url\" content=\"https:\/\/www.bosaenergy.cn\/de\/product\/48-v-lfp-akkupack-fur-hebezeuge\/\" \/>\n<meta property=\"og:site_name\" content=\"BOSA lithium battery\" \/>\n<meta property=\"article:publisher\" content=\"https:\/\/www.facebook.com\/profile.php?id=100066454002295\" \/>\n<meta property=\"article:modified_time\" content=\"2026-04-17T05:35:26+00:00\" \/>\n<meta property=\"og:image\" content=\"https:\/\/www.bosaenergy.cn\/wp-content\/uploads\/2025\/12\/\u672a\u6807\u9898-1-9.png\" \/>\n\t<meta property=\"og:image:width\" content=\"2400\" \/>\n\t<meta property=\"og:image:height\" content=\"1800\" \/>\n\t<meta property=\"og:image:type\" content=\"image\/png\" \/>\n<meta name=\"twitter:card\" content=\"summary_large_image\" \/>\n<meta name=\"twitter:site\" content=\"@BellaBosa\" \/>\n<meta name=\"twitter:label1\" content=\"Gesch\u00e4tzte Lesezeit\" \/>\n\t<meta name=\"twitter:data1\" content=\"3\u00a0Minuten\" \/>\n<script type=\"application\/ld+json\" class=\"yoast-schema-graph\">{\"@context\":\"https:\\\/\\\/schema.org\",\"@graph\":[{\"@type\":\"WebPage\",\"@id\":\"https:\\\/\\\/www.bosaenergy.cn\\\/de\\\/product\\\/48v-lfp-battery-pack-for-lifting-equipment\\\/\",\"url\":\"https:\\\/\\\/www.bosaenergy.cn\\\/de\\\/product\\\/48v-lfp-battery-pack-for-lifting-equipment\\\/\",\"name\":\"48V LFP Battery Pack for Lifting Equipment - BOSA lithium battery\",\"isPartOf\":{\"@id\":\"https:\\\/\\\/www.bosaenergy.cn\\\/de\\\/#website\"},\"primaryImageOfPage\":{\"@id\":\"https:\\\/\\\/www.bosaenergy.cn\\\/de\\\/product\\\/48v-lfp-battery-pack-for-lifting-equipment\\\/#primaryimage\"},\"image\":{\"@id\":\"https:\\\/\\\/www.bosaenergy.cn\\\/de\\\/product\\\/48v-lfp-battery-pack-for-lifting-equipment\\\/#primaryimage\"},\"thumbnailUrl\":\"https:\\\/\\\/www.bosaenergy.cn\\\/wp-content\\\/uploads\\\/2025\\\/12\\\/\u672a\u6807\u9898-1-9.png\",\"datePublished\":\"2025-12-24T05:38:55+00:00\",\"dateModified\":\"2026-04-17T05:35:26+00:00\",\"breadcrumb\":{\"@id\":\"https:\\\/\\\/www.bosaenergy.cn\\\/de\\\/product\\\/48v-lfp-battery-pack-for-lifting-equipment\\\/#breadcrumb\"},\"inLanguage\":\"de\",\"potentialAction\":[{\"@type\":\"ReadAction\",\"target\":[\"https:\\\/\\\/www.bosaenergy.cn\\\/de\\\/product\\\/48v-lfp-battery-pack-for-lifting-equipment\\\/\"]}]},{\"@type\":\"ImageObject\",\"inLanguage\":\"de\",\"@id\":\"https:\\\/\\\/www.bosaenergy.cn\\\/de\\\/product\\\/48v-lfp-battery-pack-for-lifting-equipment\\\/#primaryimage\",\"url\":\"https:\\\/\\\/www.bosaenergy.cn\\\/wp-content\\\/uploads\\\/2025\\\/12\\\/\u672a\u6807\u9898-1-9.png\",\"contentUrl\":\"https:\\\/\\\/www.bosaenergy.cn\\\/wp-content\\\/uploads\\\/2025\\\/12\\\/\u672a\u6807\u9898-1-9.png\",\"width\":2400,\"height\":1800},{\"@type\":\"BreadcrumbList\",\"@id\":\"https:\\\/\\\/www.bosaenergy.cn\\\/de\\\/product\\\/48v-lfp-battery-pack-for-lifting-equipment\\\/#breadcrumb\",\"itemListElement\":[{\"@type\":\"ListItem\",\"position\":1,\"name\":\"\u9996\u9875\",\"item\":\"https:\\\/\\\/www.bosaenergy.cn\\\/\"},{\"@type\":\"ListItem\",\"position\":2,\"name\":\"Products\",\"item\":\"https:\\\/\\\/www.bosaenergy.cn\\\/products\\\/\"},{\"@type\":\"ListItem\",\"position\":3,\"name\":\"48V LFP Battery Pack for Lifting Equipment\"}]},{\"@type\":\"WebSite\",\"@id\":\"https:\\\/\\\/www.bosaenergy.cn\\\/de\\\/#website\",\"url\":\"https:\\\/\\\/www.bosaenergy.cn\\\/de\\\/\",\"name\":\"bosa\",\"description\":\"\",\"publisher\":{\"@id\":\"https:\\\/\\\/www.bosaenergy.cn\\\/de\\\/#organization\"},\"potentialAction\":[{\"@type\":\"SearchAction\",\"target\":{\"@type\":\"EntryPoint\",\"urlTemplate\":\"https:\\\/\\\/www.bosaenergy.cn\\\/de\\\/?s={search_term_string}\"},\"query-input\":{\"@type\":\"PropertyValueSpecification\",\"valueRequired\":true,\"valueName\":\"search_term_string\"}}],\"inLanguage\":\"de\"},{\"@type\":\"Organization\",\"@id\":\"https:\\\/\\\/www.bosaenergy.cn\\\/de\\\/#organization\",\"name\":\"bosa\",\"url\":\"https:\\\/\\\/www.bosaenergy.cn\\\/de\\\/\",\"logo\":{\"@type\":\"ImageObject\",\"inLanguage\":\"de\",\"@id\":\"https:\\\/\\\/www.bosaenergy.cn\\\/de\\\/#\\\/schema\\\/logo\\\/image\\\/\",\"url\":\"https:\\\/\\\/www.bosaenergy.cn\\\/wp-content\\\/uploads\\\/2025\\\/11\\\/33ecacab3feacab1205891969ab9ce3f-1.png\",\"contentUrl\":\"https:\\\/\\\/www.bosaenergy.cn\\\/wp-content\\\/uploads\\\/2025\\\/11\\\/33ecacab3feacab1205891969ab9ce3f-1.png\",\"width\":500,\"height\":201,\"caption\":\"bosa\"},\"image\":{\"@id\":\"https:\\\/\\\/www.bosaenergy.cn\\\/de\\\/#\\\/schema\\\/logo\\\/image\\\/\"},\"sameAs\":[\"https:\\\/\\\/www.facebook.com\\\/profile.php?id=100066454002295\",\"https:\\\/\\\/x.com\\\/BellaBosa\",\"https:\\\/\\\/www.instagram.com\\\/bosa_energy\\\/\",\"https:\\\/\\\/www.youtube.com\\\/@bosanewenergy3210\",\"https:\\\/\\\/www.linkedin.com\\\/company\\\/bosaenergy\\\/posts\\\/?feedView=all\"]}]}<\/script>\n<!-- \/ Yoast SEO plugin. -->","yoast_head_json":{"title":"48V LFP Akku f\u00fcr Hebezeuge - BOSA Lithium-Batterie","robots":{"index":"index","follow":"follow","max-snippet":"max-snippet:-1","max-image-preview":"max-image-preview:large","max-video-preview":"max-video-preview:-1"},"canonical":"https:\/\/www.bosaenergy.cn\/de\/product\/48-v-lfp-akkupack-fur-hebezeuge\/","og_locale":"de_DE","og_type":"article","og_title":"48V LFP Battery Pack for Lifting Equipment - BOSA lithium battery","og_description":"Battery chemistry: Lithium Iron Phosphate  Nominal battery voltage: 51.2V  Nominal battery capacity: 320Ah \/ 460Ah \/ 608Ah  Nominal battery energy capacity:16.384kwh \/ 23.552kwh \/ 31.129kwh  Cycle life: &gt;3500 cycles @0.5C\/0.5C ,25\u00b12\u2103","og_url":"https:\/\/www.bosaenergy.cn\/de\/product\/48-v-lfp-akkupack-fur-hebezeuge\/","og_site_name":"BOSA lithium battery","article_publisher":"https:\/\/www.facebook.com\/profile.php?id=100066454002295","article_modified_time":"2026-04-17T05:35:26+00:00","og_image":[{"width":2400,"height":1800,"url":"https:\/\/www.bosaenergy.cn\/wp-content\/uploads\/2025\/12\/\u672a\u6807\u9898-1-9.png","type":"image\/png"}],"twitter_card":"summary_large_image","twitter_site":"@BellaBosa","twitter_misc":{"Gesch\u00e4tzte Lesezeit":"3\u00a0Minuten"},"schema":{"@context":"https:\/\/schema.org","@graph":[{"@type":"WebPage","@id":"https:\/\/www.bosaenergy.cn\/de\/product\/48v-lfp-battery-pack-for-lifting-equipment\/","url":"https:\/\/www.bosaenergy.cn\/de\/product\/48v-lfp-battery-pack-for-lifting-equipment\/","name":"48V LFP Akku f\u00fcr Hebezeuge - BOSA Lithium-Batterie","isPartOf":{"@id":"https:\/\/www.bosaenergy.cn\/de\/#website"},"primaryImageOfPage":{"@id":"https:\/\/www.bosaenergy.cn\/de\/product\/48v-lfp-battery-pack-for-lifting-equipment\/#primaryimage"},"image":{"@id":"https:\/\/www.bosaenergy.cn\/de\/product\/48v-lfp-battery-pack-for-lifting-equipment\/#primaryimage"},"thumbnailUrl":"https:\/\/www.bosaenergy.cn\/wp-content\/uploads\/2025\/12\/\u672a\u6807\u9898-1-9.png","datePublished":"2025-12-24T05:38:55+00:00","dateModified":"2026-04-17T05:35:26+00:00","breadcrumb":{"@id":"https:\/\/www.bosaenergy.cn\/de\/product\/48v-lfp-battery-pack-for-lifting-equipment\/#breadcrumb"},"inLanguage":"de","potentialAction":[{"@type":"ReadAction","target":["https:\/\/www.bosaenergy.cn\/de\/product\/48v-lfp-battery-pack-for-lifting-equipment\/"]}]},{"@type":"ImageObject","inLanguage":"de","@id":"https:\/\/www.bosaenergy.cn\/de\/product\/48v-lfp-battery-pack-for-lifting-equipment\/#primaryimage","url":"https:\/\/www.bosaenergy.cn\/wp-content\/uploads\/2025\/12\/\u672a\u6807\u9898-1-9.png","contentUrl":"https:\/\/www.bosaenergy.cn\/wp-content\/uploads\/2025\/12\/\u672a\u6807\u9898-1-9.png","width":2400,"height":1800},{"@type":"BreadcrumbList","@id":"https:\/\/www.bosaenergy.cn\/de\/product\/48v-lfp-battery-pack-for-lifting-equipment\/#breadcrumb","itemListElement":[{"@type":"ListItem","position":1,"name":"\u9996\u9875","item":"https:\/\/www.bosaenergy.cn\/"},{"@type":"ListItem","position":2,"name":"Products","item":"https:\/\/www.bosaenergy.cn\/products\/"},{"@type":"ListItem","position":3,"name":"48V LFP Battery Pack for Lifting Equipment"}]},{"@type":"WebSite","@id":"https:\/\/www.bosaenergy.cn\/de\/#website","url":"https:\/\/www.bosaenergy.cn\/de\/","name":"bosa","description":"","publisher":{"@id":"https:\/\/www.bosaenergy.cn\/de\/#organization"},"potentialAction":[{"@type":"SearchAction","target":{"@type":"EntryPoint","urlTemplate":"https:\/\/www.bosaenergy.cn\/de\/?s={search_term_string}"},"query-input":{"@type":"PropertyValueSpecification","valueRequired":true,"valueName":"search_term_string"}}],"inLanguage":"de"},{"@type":"Organization","@id":"https:\/\/www.bosaenergy.cn\/de\/#organization","name":"bosa","url":"https:\/\/www.bosaenergy.cn\/de\/","logo":{"@type":"ImageObject","inLanguage":"de","@id":"https:\/\/www.bosaenergy.cn\/de\/#\/schema\/logo\/image\/","url":"https:\/\/www.bosaenergy.cn\/wp-content\/uploads\/2025\/11\/33ecacab3feacab1205891969ab9ce3f-1.png","contentUrl":"https:\/\/www.bosaenergy.cn\/wp-content\/uploads\/2025\/11\/33ecacab3feacab1205891969ab9ce3f-1.png","width":500,"height":201,"caption":"bosa"},"image":{"@id":"https:\/\/www.bosaenergy.cn\/de\/#\/schema\/logo\/image\/"},"sameAs":["https:\/\/www.facebook.com\/profile.php?id=100066454002295","https:\/\/x.com\/BellaBosa","https:\/\/www.instagram.com\/bosa_energy\/","https:\/\/www.youtube.com\/@bosanewenergy3210","https:\/\/www.linkedin.com\/company\/bosaenergy\/posts\/?feedView=all"]}]}},"_links":{"self":[{"href":"https:\/\/www.bosaenergy.cn\/de\/wp-json\/wp\/v2\/product\/1578","targetHints":{"allow":["GET"]}}],"collection":[{"href":"https:\/\/www.bosaenergy.cn\/de\/wp-json\/wp\/v2\/product"}],"about":[{"href":"https:\/\/www.bosaenergy.cn\/de\/wp-json\/wp\/v2\/types\/product"}],"replies":[{"embeddable":true,"href":"https:\/\/www.bosaenergy.cn\/de\/wp-json\/wp\/v2\/comments?post=1578"}],"wp:featuredmedia":[{"embeddable":true,"href":"https:\/\/www.bosaenergy.cn\/de\/wp-json\/wp\/v2\/media\/1579"}],"wp:attachment":[{"href":"https:\/\/www.bosaenergy.cn\/de\/wp-json\/wp\/v2\/media?parent=1578"}],"wp:term":[{"taxonomy":"product_brand","embeddable":true,"href":"https:\/\/www.bosaenergy.cn\/de\/wp-json\/wp\/v2\/product_brand?post=1578"},{"taxonomy":"product_cat","embeddable":true,"href":"https:\/\/www.bosaenergy.cn\/de\/wp-json\/wp\/v2\/product_cat?post=1578"},{"taxonomy":"product_tag","embeddable":true,"href":"https:\/\/www.bosaenergy.cn\/de\/wp-json\/wp\/v2\/product_tag?post=1578"}],"curies":[{"name":"wp","href":"https:\/\/api.w.org\/{rel}","templated":true}]}}