{"id":1834,"date":"2025-12-25T16:10:48","date_gmt":"2025-12-25T08:10:48","guid":{"rendered":"https:\/\/www.bosaenergy.cn\/?post_type=product&#038;p=1834"},"modified":"2026-03-20T14:55:30","modified_gmt":"2026-03-20T06:55:30","slug":"vaeskekolende-batteripakke-til-ess","status":"publish","type":"product","link":"https:\/\/www.bosaenergy.cn\/da\/product\/liquid-cooling-battery-pack-for-ess\/","title":{"rendered":"V\u00e6skek\u00f8lende batteripakke til ESS"},"content":{"rendered":"<p>BOSA Energy fokuserer p\u00e5 <strong>energilagring<\/strong> produkter, systemintegrationstjenester og opladningsl\u00f8sninger.<\/p>\n<p>Herunder l\u00f8sninger til energilagringssystemer, <strong>energilagring<\/strong> moduler og PACK, energilagring til boliger, erhverv og industri <strong>energilagringssystem<\/strong>, containerlignende energilagringssystem, lades\u00f8jle og integrerede smarte PV-ess-opladningsparkeringsl\u00f8sninger.<\/p>\n<p>Vi har best\u00e5et CE-, UL- og andre certificeringer, sammen med ISO9001:2015-, ISO14001:2015-, ISO45001:2018- og CNAS-laboratoriecertificeringer, hvilket bekr\u00e6fter vores engagement i kvalitet.<br \/>\nVores produkter anvendes i vid udstr\u00e6kning inden for energilagring p\u00e5 kraftproduktionssiden, energilagring p\u00e5 netsiden, industriel og kommerciel energilagring, energilagring i husholdninger, smart grid, jernbanetransport, vindm\u00f8lleparkering og s\u00e5 videre.<\/p>\n<p>Det operationelle <strong>energilagringsbatteri<\/strong> Kapaciteten er 35,64 GWh, og den \u00e5rlige batterileverancem\u00e6ngde er 7 GWh.<\/p>\n<p>Vi har 4 AI-drevne produktionslinjer til fremstilling af produkter, herunder celleudv\u00e6lgelse og -testning, modulmontering og batteripakkemontering.<\/p>\n<p><img fetchpriority=\"high\" decoding=\"async\" class=\"alignnone size-medium wp-image-2339\" src=\"https:\/\/www.bosaenergy.cn\/wp-content\/uploads\/2026\/01\/%E5%9B%BE%E7%89%87-300x201.png\" sizes=\"(max-width: 300px) 100vw, 300px\" srcset=\"https:\/\/www.bosaenergy.cn\/wp-content\/uploads\/2026\/01\/\u56fe\u7247-300x201.png 300w, https:\/\/www.bosaenergy.cn\/wp-content\/uploads\/2026\/01\/\u56fe\u7247-1024x686.png 1024w, https:\/\/www.bosaenergy.cn\/wp-content\/uploads\/2026\/01\/\u56fe\u7247-768x514.png 768w, https:\/\/www.bosaenergy.cn\/wp-content\/uploads\/2026\/01\/\u56fe\u7247-370x247.png 370w, https:\/\/www.bosaenergy.cn\/wp-content\/uploads\/2026\/01\/\u56fe\u7247-270x180.png 270w, https:\/\/www.bosaenergy.cn\/wp-content\/uploads\/2026\/01\/\u56fe\u7247-600x402.png 600w, https:\/\/www.bosaenergy.cn\/wp-content\/uploads\/2026\/01\/\u56fe\u7247.png 1208w\" alt=\"\" width=\"300\" height=\"201\" \/>\u00a0<img decoding=\"async\" class=\"alignnone size-medium wp-image-2336\" src=\"https:\/\/www.bosaenergy.cn\/wp-content\/uploads\/2026\/01\/%E5%9B%BE%E7%89%871-300x200.png\" sizes=\"(max-width: 300px) 100vw, 300px\" srcset=\"https:\/\/www.bosaenergy.cn\/wp-content\/uploads\/2026\/01\/\u56fe\u72471-300x200.png 300w, https:\/\/www.bosaenergy.cn\/wp-content\/uploads\/2026\/01\/\u56fe\u72471-768x513.png 768w, https:\/\/www.bosaenergy.cn\/wp-content\/uploads\/2026\/01\/\u56fe\u72471-370x247.png 370w, https:\/\/www.bosaenergy.cn\/wp-content\/uploads\/2026\/01\/\u56fe\u72471-270x180.png 270w, https:\/\/www.bosaenergy.cn\/wp-content\/uploads\/2026\/01\/\u56fe\u72471-600x401.png 600w, https:\/\/www.bosaenergy.cn\/wp-content\/uploads\/2026\/01\/\u56fe\u72471.png 871w\" alt=\"\" width=\"300\" height=\"200\" \/>\u00a0<img decoding=\"async\" class=\"alignnone size-medium wp-image-2337\" src=\"https:\/\/www.bosaenergy.cn\/wp-content\/uploads\/2026\/01\/%E5%9B%BE%E7%89%872-300x201.png\" sizes=\"(max-width: 300px) 100vw, 300px\" srcset=\"https:\/\/www.bosaenergy.cn\/wp-content\/uploads\/2026\/01\/\u56fe\u72472-300x201.png 300w, https:\/\/www.bosaenergy.cn\/wp-content\/uploads\/2026\/01\/\u56fe\u72472-1024x686.png 1024w, https:\/\/www.bosaenergy.cn\/wp-content\/uploads\/2026\/01\/\u56fe\u72472-768x514.png 768w, https:\/\/www.bosaenergy.cn\/wp-content\/uploads\/2026\/01\/\u56fe\u72472-370x247.png 370w, https:\/\/www.bosaenergy.cn\/wp-content\/uploads\/2026\/01\/\u56fe\u72472-270x180.png 270w, https:\/\/www.bosaenergy.cn\/wp-content\/uploads\/2026\/01\/\u56fe\u72472-600x402.png 600w, https:\/\/www.bosaenergy.cn\/wp-content\/uploads\/2026\/01\/\u56fe\u72472.png 1208w\" alt=\"\" width=\"300\" height=\"201\" \/>\u00a0<img loading=\"lazy\" decoding=\"async\" class=\"alignnone size-medium wp-image-2338\" src=\"https:\/\/www.bosaenergy.cn\/wp-content\/uploads\/2026\/01\/%E5%9B%BE%E7%89%873-300x201.png\" sizes=\"(max-width: 300px) 100vw, 300px\" srcset=\"https:\/\/www.bosaenergy.cn\/wp-content\/uploads\/2026\/01\/\u56fe\u72473-300x201.png 300w, https:\/\/www.bosaenergy.cn\/wp-content\/uploads\/2026\/01\/\u56fe\u72473-768x514.png 768w, https:\/\/www.bosaenergy.cn\/wp-content\/uploads\/2026\/01\/\u56fe\u72473-370x247.png 370w, https:\/\/www.bosaenergy.cn\/wp-content\/uploads\/2026\/01\/\u56fe\u72473-270x180.png 270w, https:\/\/www.bosaenergy.cn\/wp-content\/uploads\/2026\/01\/\u56fe\u72473-600x402.png 600w, https:\/\/www.bosaenergy.cn\/wp-content\/uploads\/2026\/01\/\u56fe\u72473.png 868w\" alt=\"\" width=\"300\" height=\"201\" \/><\/p>\n<p>F\u00f8lgende er vores produktspecifikationsark:<\/p>\n<table width=\"430\">\n<tbody>\n<tr>\n<td width=\"236\">Punkt<\/td>\n<td width=\"194\">1P52S 314Ah<\/td>\n<\/tr>\n<tr>\n<td width=\"236\">Celletype<\/td>\n<td width=\"194\">LFP<\/td>\n<\/tr>\n<tr>\n<td width=\"236\">C-sats for opkr\u00e6vning<\/td>\n<td width=\"194\">\u22640,5P<\/td>\n<\/tr>\n<tr>\n<td width=\"236\">Udlednings C-hastighed<\/td>\n<td width=\"194\">\u22640,5P<\/td>\n<\/tr>\n<tr>\n<td width=\"236\">Grupperingsmetode<\/td>\n<td width=\"194\">1P52S<\/td>\n<\/tr>\n<tr>\n<td width=\"236\">Nominel kapacitet<\/td>\n<td width=\"194\">314 Ah<\/td>\n<\/tr>\n<tr>\n<td width=\"236\">Nominel energi<\/td>\n<td width=\"194\">52,2496 kWh<\/td>\n<\/tr>\n<tr>\n<td width=\"236\">Nominel sp\u00e6nding<\/td>\n<td width=\"194\">166,4V<\/td>\n<\/tr>\n<tr>\n<td width=\"236\">Driftssp\u00e6ndingsomr\u00e5de<\/td>\n<td width=\"194\">140,4~187,2V<\/td>\n<\/tr>\n<tr>\n<td width=\"236\">IP-niveau<\/td>\n<td width=\"194\">\u2265IP67<\/td>\n<\/tr>\n<tr>\n<td width=\"236\">K\u00f8lemetode<\/td>\n<td width=\"194\">V\u00e6skek\u00f8ling<\/td>\n<\/tr>\n<tr>\n<td width=\"236\">V\u00e6gt<\/td>\n<td width=\"194\">340 kg<\/td>\n<\/tr>\n<tr>\n<td width=\"236\">St\u00f8rrelse (bredde og h\u00f8jde mm)<\/td>\n<td width=\"194\">790*1135*247<\/td>\n<\/tr>\n<\/tbody>\n<\/table>\n<p>For yderligere oplysninger eller anmodninger om tilpasning, kontakt os venligst: info@bosaenergy.cn<\/p>","protected":false},"excerpt":{"rendered":"<p>Celletype: LFP<\/p>\n<p>Grupperingsmetode: 1P52S<\/p>\n<p>Nominel kapacitet: 314 Ah<\/p>\n<p>Nominel energi: 52,2496 kWh<\/p>\n<p>Nominel sp\u00e6nding: 166,4V<\/p>\n<p>K\u00f8lemetode: V\u00e6skek\u00f8ling<\/p>","protected":false},"featured_media":1836,"comment_status":"open","ping_status":"closed","template":"","meta":[],"product_brand":[],"product_cat":[84],"product_tag":[],"class_list":{"0":"post-1834","1":"product","2":"type-product","3":"status-publish","4":"has-post-thumbnail","6":"product_cat-liquid-cooling-4","8":"first","9":"instock","10":"shipping-taxable","11":"product-type-simple"},"yoast_head":"<!-- This site is optimized with the Yoast SEO plugin v27.5 - https:\/\/yoast.com\/product\/yoast-seo-wordpress\/ -->\n<title>Liquid Cooling Battery Pack for ESS - BOSA lithium battery<\/title>\n<meta name=\"robots\" content=\"index, follow, max-snippet:-1, max-image-preview:large, max-video-preview:-1\" \/>\n<link rel=\"canonical\" href=\"https:\/\/www.bosaenergy.cn\/da\/product\/vaeskekolende-batteripakke-til-ess\/\" \/>\n<meta property=\"og:locale\" content=\"da_DK\" \/>\n<meta property=\"og:type\" content=\"article\" \/>\n<meta property=\"og:title\" content=\"Liquid Cooling Battery Pack for ESS - BOSA lithium battery\" \/>\n<meta property=\"og:description\" content=\"Cell type: LFP  Grouping method: 1P52S  Nominal capacity: 314Ah  Nominal energy: 52.2496kWh  Nominal voltage: 166.4V  Cooling method: Liquid cooling\" \/>\n<meta property=\"og:url\" content=\"https:\/\/www.bosaenergy.cn\/da\/product\/vaeskekolende-batteripakke-til-ess\/\" \/>\n<meta property=\"og:site_name\" content=\"BOSA lithium battery\" \/>\n<meta property=\"article:publisher\" content=\"https:\/\/www.facebook.com\/profile.php?id=100066454002295\" \/>\n<meta property=\"article:modified_time\" content=\"2026-03-20T06:55:30+00:00\" \/>\n<meta property=\"og:image\" content=\"https:\/\/www.bosaenergy.cn\/wp-content\/uploads\/2025\/12\/\u672a\u6807\u9898-1-17.png\" \/>\n\t<meta property=\"og:image:width\" content=\"2400\" \/>\n\t<meta property=\"og:image:height\" content=\"1800\" \/>\n\t<meta property=\"og:image:type\" content=\"image\/png\" \/>\n<meta name=\"twitter:card\" content=\"summary_large_image\" \/>\n<meta name=\"twitter:site\" content=\"@BellaBosa\" \/>\n<meta name=\"twitter:label1\" content=\"Estimeret l\u00e6setid\" \/>\n\t<meta name=\"twitter:data1\" content=\"2 minutter\" \/>\n<script type=\"application\/ld+json\" class=\"yoast-schema-graph\">{\"@context\":\"https:\\\/\\\/schema.org\",\"@graph\":[{\"@type\":\"WebPage\",\"@id\":\"https:\\\/\\\/www.bosaenergy.cn\\\/da\\\/product\\\/liquid-cooling-battery-pack-for-ess\\\/\",\"url\":\"https:\\\/\\\/www.bosaenergy.cn\\\/da\\\/product\\\/liquid-cooling-battery-pack-for-ess\\\/\",\"name\":\"Liquid Cooling Battery Pack for ESS - BOSA lithium battery\",\"isPartOf\":{\"@id\":\"https:\\\/\\\/www.bosaenergy.cn\\\/da\\\/#website\"},\"primaryImageOfPage\":{\"@id\":\"https:\\\/\\\/www.bosaenergy.cn\\\/da\\\/product\\\/liquid-cooling-battery-pack-for-ess\\\/#primaryimage\"},\"image\":{\"@id\":\"https:\\\/\\\/www.bosaenergy.cn\\\/da\\\/product\\\/liquid-cooling-battery-pack-for-ess\\\/#primaryimage\"},\"thumbnailUrl\":\"https:\\\/\\\/www.bosaenergy.cn\\\/wp-content\\\/uploads\\\/2025\\\/12\\\/\u672a\u6807\u9898-1-17.png\",\"datePublished\":\"2025-12-25T08:10:48+00:00\",\"dateModified\":\"2026-03-20T06:55:30+00:00\",\"breadcrumb\":{\"@id\":\"https:\\\/\\\/www.bosaenergy.cn\\\/da\\\/product\\\/liquid-cooling-battery-pack-for-ess\\\/#breadcrumb\"},\"inLanguage\":\"da-DK\",\"potentialAction\":[{\"@type\":\"ReadAction\",\"target\":[\"https:\\\/\\\/www.bosaenergy.cn\\\/da\\\/product\\\/liquid-cooling-battery-pack-for-ess\\\/\"]}]},{\"@type\":\"ImageObject\",\"inLanguage\":\"da-DK\",\"@id\":\"https:\\\/\\\/www.bosaenergy.cn\\\/da\\\/product\\\/liquid-cooling-battery-pack-for-ess\\\/#primaryimage\",\"url\":\"https:\\\/\\\/www.bosaenergy.cn\\\/wp-content\\\/uploads\\\/2025\\\/12\\\/\u672a\u6807\u9898-1-17.png\",\"contentUrl\":\"https:\\\/\\\/www.bosaenergy.cn\\\/wp-content\\\/uploads\\\/2025\\\/12\\\/\u672a\u6807\u9898-1-17.png\",\"width\":2400,\"height\":1800},{\"@type\":\"BreadcrumbList\",\"@id\":\"https:\\\/\\\/www.bosaenergy.cn\\\/da\\\/product\\\/liquid-cooling-battery-pack-for-ess\\\/#breadcrumb\",\"itemListElement\":[{\"@type\":\"ListItem\",\"position\":1,\"name\":\"\u9996\u9875\",\"item\":\"https:\\\/\\\/www.bosaenergy.cn\\\/\"},{\"@type\":\"ListItem\",\"position\":2,\"name\":\"Products\",\"item\":\"https:\\\/\\\/www.bosaenergy.cn\\\/products\\\/\"},{\"@type\":\"ListItem\",\"position\":3,\"name\":\"Liquid Cooling Battery Pack for ESS\"}]},{\"@type\":\"WebSite\",\"@id\":\"https:\\\/\\\/www.bosaenergy.cn\\\/da\\\/#website\",\"url\":\"https:\\\/\\\/www.bosaenergy.cn\\\/da\\\/\",\"name\":\"bosa\",\"description\":\"\",\"publisher\":{\"@id\":\"https:\\\/\\\/www.bosaenergy.cn\\\/da\\\/#organization\"},\"potentialAction\":[{\"@type\":\"SearchAction\",\"target\":{\"@type\":\"EntryPoint\",\"urlTemplate\":\"https:\\\/\\\/www.bosaenergy.cn\\\/da\\\/?s={search_term_string}\"},\"query-input\":{\"@type\":\"PropertyValueSpecification\",\"valueRequired\":true,\"valueName\":\"search_term_string\"}}],\"inLanguage\":\"da-DK\"},{\"@type\":\"Organization\",\"@id\":\"https:\\\/\\\/www.bosaenergy.cn\\\/da\\\/#organization\",\"name\":\"bosa\",\"url\":\"https:\\\/\\\/www.bosaenergy.cn\\\/da\\\/\",\"logo\":{\"@type\":\"ImageObject\",\"inLanguage\":\"da-DK\",\"@id\":\"https:\\\/\\\/www.bosaenergy.cn\\\/da\\\/#\\\/schema\\\/logo\\\/image\\\/\",\"url\":\"https:\\\/\\\/www.bosaenergy.cn\\\/wp-content\\\/uploads\\\/2025\\\/11\\\/33ecacab3feacab1205891969ab9ce3f-1.png\",\"contentUrl\":\"https:\\\/\\\/www.bosaenergy.cn\\\/wp-content\\\/uploads\\\/2025\\\/11\\\/33ecacab3feacab1205891969ab9ce3f-1.png\",\"width\":500,\"height\":201,\"caption\":\"bosa\"},\"image\":{\"@id\":\"https:\\\/\\\/www.bosaenergy.cn\\\/da\\\/#\\\/schema\\\/logo\\\/image\\\/\"},\"sameAs\":[\"https:\\\/\\\/www.facebook.com\\\/profile.php?id=100066454002295\",\"https:\\\/\\\/x.com\\\/BellaBosa\",\"https:\\\/\\\/www.instagram.com\\\/bosa_energy\\\/\",\"https:\\\/\\\/www.youtube.com\\\/@bosanewenergy3210\",\"https:\\\/\\\/www.linkedin.com\\\/company\\\/bosaenergy\\\/posts\\\/?feedView=all\"]}]}<\/script>\n<!-- \/ Yoast SEO plugin. -->","yoast_head_json":{"title":"V\u00e6skek\u00f8lende batteripakke til ESS - BOSA litiumbatteri","robots":{"index":"index","follow":"follow","max-snippet":"max-snippet:-1","max-image-preview":"max-image-preview:large","max-video-preview":"max-video-preview:-1"},"canonical":"https:\/\/www.bosaenergy.cn\/da\/product\/vaeskekolende-batteripakke-til-ess\/","og_locale":"da_DK","og_type":"article","og_title":"Liquid Cooling Battery Pack for ESS - BOSA lithium battery","og_description":"Cell type: LFP  Grouping method: 1P52S  Nominal capacity: 314Ah  Nominal energy: 52.2496kWh  Nominal voltage: 166.4V  Cooling method: Liquid cooling","og_url":"https:\/\/www.bosaenergy.cn\/da\/product\/vaeskekolende-batteripakke-til-ess\/","og_site_name":"BOSA lithium battery","article_publisher":"https:\/\/www.facebook.com\/profile.php?id=100066454002295","article_modified_time":"2026-03-20T06:55:30+00:00","og_image":[{"width":2400,"height":1800,"url":"https:\/\/www.bosaenergy.cn\/wp-content\/uploads\/2025\/12\/\u672a\u6807\u9898-1-17.png","type":"image\/png"}],"twitter_card":"summary_large_image","twitter_site":"@BellaBosa","twitter_misc":{"Estimeret l\u00e6setid":"2 minutter"},"schema":{"@context":"https:\/\/schema.org","@graph":[{"@type":"WebPage","@id":"https:\/\/www.bosaenergy.cn\/da\/product\/liquid-cooling-battery-pack-for-ess\/","url":"https:\/\/www.bosaenergy.cn\/da\/product\/liquid-cooling-battery-pack-for-ess\/","name":"V\u00e6skek\u00f8lende batteripakke til ESS - BOSA litiumbatteri","isPartOf":{"@id":"https:\/\/www.bosaenergy.cn\/da\/#website"},"primaryImageOfPage":{"@id":"https:\/\/www.bosaenergy.cn\/da\/product\/liquid-cooling-battery-pack-for-ess\/#primaryimage"},"image":{"@id":"https:\/\/www.bosaenergy.cn\/da\/product\/liquid-cooling-battery-pack-for-ess\/#primaryimage"},"thumbnailUrl":"https:\/\/www.bosaenergy.cn\/wp-content\/uploads\/2025\/12\/\u672a\u6807\u9898-1-17.png","datePublished":"2025-12-25T08:10:48+00:00","dateModified":"2026-03-20T06:55:30+00:00","breadcrumb":{"@id":"https:\/\/www.bosaenergy.cn\/da\/product\/liquid-cooling-battery-pack-for-ess\/#breadcrumb"},"inLanguage":"da-DK","potentialAction":[{"@type":"ReadAction","target":["https:\/\/www.bosaenergy.cn\/da\/product\/liquid-cooling-battery-pack-for-ess\/"]}]},{"@type":"ImageObject","inLanguage":"da-DK","@id":"https:\/\/www.bosaenergy.cn\/da\/product\/liquid-cooling-battery-pack-for-ess\/#primaryimage","url":"https:\/\/www.bosaenergy.cn\/wp-content\/uploads\/2025\/12\/\u672a\u6807\u9898-1-17.png","contentUrl":"https:\/\/www.bosaenergy.cn\/wp-content\/uploads\/2025\/12\/\u672a\u6807\u9898-1-17.png","width":2400,"height":1800},{"@type":"BreadcrumbList","@id":"https:\/\/www.bosaenergy.cn\/da\/product\/liquid-cooling-battery-pack-for-ess\/#breadcrumb","itemListElement":[{"@type":"ListItem","position":1,"name":"\u9996\u9875","item":"https:\/\/www.bosaenergy.cn\/"},{"@type":"ListItem","position":2,"name":"Products","item":"https:\/\/www.bosaenergy.cn\/products\/"},{"@type":"ListItem","position":3,"name":"Liquid Cooling Battery Pack for ESS"}]},{"@type":"WebSite","@id":"https:\/\/www.bosaenergy.cn\/da\/#website","url":"https:\/\/www.bosaenergy.cn\/da\/","name":"bosa","description":"","publisher":{"@id":"https:\/\/www.bosaenergy.cn\/da\/#organization"},"potentialAction":[{"@type":"SearchAction","target":{"@type":"EntryPoint","urlTemplate":"https:\/\/www.bosaenergy.cn\/da\/?s={search_term_string}"},"query-input":{"@type":"PropertyValueSpecification","valueRequired":true,"valueName":"search_term_string"}}],"inLanguage":"da-DK"},{"@type":"Organization","@id":"https:\/\/www.bosaenergy.cn\/da\/#organization","name":"bosa","url":"https:\/\/www.bosaenergy.cn\/da\/","logo":{"@type":"ImageObject","inLanguage":"da-DK","@id":"https:\/\/www.bosaenergy.cn\/da\/#\/schema\/logo\/image\/","url":"https:\/\/www.bosaenergy.cn\/wp-content\/uploads\/2025\/11\/33ecacab3feacab1205891969ab9ce3f-1.png","contentUrl":"https:\/\/www.bosaenergy.cn\/wp-content\/uploads\/2025\/11\/33ecacab3feacab1205891969ab9ce3f-1.png","width":500,"height":201,"caption":"bosa"},"image":{"@id":"https:\/\/www.bosaenergy.cn\/da\/#\/schema\/logo\/image\/"},"sameAs":["https:\/\/www.facebook.com\/profile.php?id=100066454002295","https:\/\/x.com\/BellaBosa","https:\/\/www.instagram.com\/bosa_energy\/","https:\/\/www.youtube.com\/@bosanewenergy3210","https:\/\/www.linkedin.com\/company\/bosaenergy\/posts\/?feedView=all"]}]}},"_links":{"self":[{"href":"https:\/\/www.bosaenergy.cn\/da\/wp-json\/wp\/v2\/product\/1834","targetHints":{"allow":["GET"]}}],"collection":[{"href":"https:\/\/www.bosaenergy.cn\/da\/wp-json\/wp\/v2\/product"}],"about":[{"href":"https:\/\/www.bosaenergy.cn\/da\/wp-json\/wp\/v2\/types\/product"}],"replies":[{"embeddable":true,"href":"https:\/\/www.bosaenergy.cn\/da\/wp-json\/wp\/v2\/comments?post=1834"}],"wp:featuredmedia":[{"embeddable":true,"href":"https:\/\/www.bosaenergy.cn\/da\/wp-json\/wp\/v2\/media\/1836"}],"wp:attachment":[{"href":"https:\/\/www.bosaenergy.cn\/da\/wp-json\/wp\/v2\/media?parent=1834"}],"wp:term":[{"taxonomy":"product_brand","embeddable":true,"href":"https:\/\/www.bosaenergy.cn\/da\/wp-json\/wp\/v2\/product_brand?post=1834"},{"taxonomy":"product_cat","embeddable":true,"href":"https:\/\/www.bosaenergy.cn\/da\/wp-json\/wp\/v2\/product_cat?post=1834"},{"taxonomy":"product_tag","embeddable":true,"href":"https:\/\/www.bosaenergy.cn\/da\/wp-json\/wp\/v2\/product_tag?post=1834"}],"curies":[{"name":"wp","href":"https:\/\/api.w.org\/{rel}","templated":true}]}}