{"id":1428,"date":"2025-12-23T09:36:41","date_gmt":"2025-12-23T01:36:41","guid":{"rendered":"https:\/\/www.bosaenergy.cn\/?post_type=product&#038;p=1428"},"modified":"2026-04-13T16:11:00","modified_gmt":"2026-04-13T08:11:00","slug":"24v","status":"publish","type":"product","link":"https:\/\/www.bosaenergy.cn\/da\/product\/24v\/","title":{"rendered":"24V batteripakke til elektrisk fejemaskine"},"content":{"rendered":"<p>Bosas virksomhedsm\u00e5l er at v\u00e6re den bedste\u00a0<strong>LFP industribatteri<\/strong>\u00a0leverand\u00f8r fra Kina. Vores prim\u00e6re forretningsomr\u00e5de d\u00e6kker\u00a0<strong>lithium-ion-batterier<\/strong>\u00a0og kraftsystemer, der anvendes i energilagring, elbiler og marine applikationer.<\/p>\n<p>Vores produkter er popul\u00e6re i mere end 30 lande verden over for fremragende kvalitet og ydeevne. Derudover har vi adskillige patenter, der er meget udbredt i\u00a0<strong>litiumbatteri<\/strong>\u00a0forskning og udvikling.<\/p>\n<p>Vi har 4 AI-drevne produktionslinjer til fremstilling af produkter, herunder celleudv\u00e6lgelse og -testning, modulmontering og batteripakkemontering.<\/p>\n<p><img fetchpriority=\"high\" decoding=\"async\" class=\"alignnone size-medium wp-image-2339\" src=\"https:\/\/www.bosaenergy.cn\/wp-content\/uploads\/2026\/01\/%E5%9B%BE%E7%89%87-300x201.png\" sizes=\"(max-width: 300px) 100vw, 300px\" srcset=\"https:\/\/www.bosaenergy.cn\/wp-content\/uploads\/2026\/01\/\u56fe\u7247-300x201.png 300w, https:\/\/www.bosaenergy.cn\/wp-content\/uploads\/2026\/01\/\u56fe\u7247-1024x686.png 1024w, https:\/\/www.bosaenergy.cn\/wp-content\/uploads\/2026\/01\/\u56fe\u7247-768x514.png 768w, https:\/\/www.bosaenergy.cn\/wp-content\/uploads\/2026\/01\/\u56fe\u7247-370x247.png 370w, https:\/\/www.bosaenergy.cn\/wp-content\/uploads\/2026\/01\/\u56fe\u7247-270x180.png 270w, https:\/\/www.bosaenergy.cn\/wp-content\/uploads\/2026\/01\/\u56fe\u7247-600x402.png 600w, https:\/\/www.bosaenergy.cn\/wp-content\/uploads\/2026\/01\/\u56fe\u7247.png 1208w\" alt=\"\" width=\"300\" height=\"201\" \/>\u00a0<img decoding=\"async\" class=\"alignnone size-medium wp-image-2336\" src=\"https:\/\/www.bosaenergy.cn\/wp-content\/uploads\/2026\/01\/%E5%9B%BE%E7%89%871-300x200.png\" sizes=\"(max-width: 300px) 100vw, 300px\" srcset=\"https:\/\/www.bosaenergy.cn\/wp-content\/uploads\/2026\/01\/\u56fe\u72471-300x200.png 300w, https:\/\/www.bosaenergy.cn\/wp-content\/uploads\/2026\/01\/\u56fe\u72471-768x513.png 768w, https:\/\/www.bosaenergy.cn\/wp-content\/uploads\/2026\/01\/\u56fe\u72471-370x247.png 370w, https:\/\/www.bosaenergy.cn\/wp-content\/uploads\/2026\/01\/\u56fe\u72471-270x180.png 270w, https:\/\/www.bosaenergy.cn\/wp-content\/uploads\/2026\/01\/\u56fe\u72471-600x401.png 600w, https:\/\/www.bosaenergy.cn\/wp-content\/uploads\/2026\/01\/\u56fe\u72471.png 871w\" alt=\"\" width=\"300\" height=\"200\" \/>\u00a0<img decoding=\"async\" class=\"alignnone size-medium wp-image-2337\" src=\"https:\/\/www.bosaenergy.cn\/wp-content\/uploads\/2026\/01\/%E5%9B%BE%E7%89%872-300x201.png\" sizes=\"(max-width: 300px) 100vw, 300px\" srcset=\"https:\/\/www.bosaenergy.cn\/wp-content\/uploads\/2026\/01\/\u56fe\u72472-300x201.png 300w, https:\/\/www.bosaenergy.cn\/wp-content\/uploads\/2026\/01\/\u56fe\u72472-1024x686.png 1024w, https:\/\/www.bosaenergy.cn\/wp-content\/uploads\/2026\/01\/\u56fe\u72472-768x514.png 768w, https:\/\/www.bosaenergy.cn\/wp-content\/uploads\/2026\/01\/\u56fe\u72472-370x247.png 370w, https:\/\/www.bosaenergy.cn\/wp-content\/uploads\/2026\/01\/\u56fe\u72472-270x180.png 270w, https:\/\/www.bosaenergy.cn\/wp-content\/uploads\/2026\/01\/\u56fe\u72472-600x402.png 600w, https:\/\/www.bosaenergy.cn\/wp-content\/uploads\/2026\/01\/\u56fe\u72472.png 1208w\" alt=\"\" width=\"300\" height=\"201\" \/>\u00a0<img loading=\"lazy\" decoding=\"async\" class=\"alignnone size-medium wp-image-2338\" src=\"https:\/\/www.bosaenergy.cn\/wp-content\/uploads\/2026\/01\/%E5%9B%BE%E7%89%873-300x201.png\" sizes=\"(max-width: 300px) 100vw, 300px\" srcset=\"https:\/\/www.bosaenergy.cn\/wp-content\/uploads\/2026\/01\/\u56fe\u72473-300x201.png 300w, https:\/\/www.bosaenergy.cn\/wp-content\/uploads\/2026\/01\/\u56fe\u72473-768x514.png 768w, https:\/\/www.bosaenergy.cn\/wp-content\/uploads\/2026\/01\/\u56fe\u72473-370x247.png 370w, https:\/\/www.bosaenergy.cn\/wp-content\/uploads\/2026\/01\/\u56fe\u72473-270x180.png 270w, https:\/\/www.bosaenergy.cn\/wp-content\/uploads\/2026\/01\/\u56fe\u72473-600x402.png 600w, https:\/\/www.bosaenergy.cn\/wp-content\/uploads\/2026\/01\/\u56fe\u72473.png 868w\" alt=\"\" width=\"300\" height=\"201\" \/><\/p>\n<p>Alle disse st\u00e6rke fordele g\u00f8r Bosas\u00a0<strong>LiFePo4-batterier<\/strong>\u00a0en ideel erstatning for traditionelle blybatterier. Konvertering af dine batterier til lithium-ion-batterier kan kr\u00e6ve en h\u00f8jere initial investering, men de l\u00f8bende besparelser i energi, udstyr, arbejdskraft og nedetid vil reducere dine samlede ejeromkostninger betydeligt.<\/p>\n<p>Vores\u00a0<strong>25,6V<\/strong>\u00a0<strong>elektrisk fejemaskine batteripakke<\/strong>\u00a0har f\u00f8lgende fordele:<\/p>\n<p>\u00b7 Hurtig og fleksibel opladning. En fuld opladning tager kun 4 timer, sammenlignet med 8-10 timer for blybatterier, og opladning n\u00e5r som helst vil ikke beskadige\u00a0<strong>batteri<\/strong>.<\/p>\n<p>\u00b7 Langtidsholdbar: Vil du ikke have nedetid? Intet problem. BOSA\u00a0<strong>batterier<\/strong>\u00a0Holder 4-5 gange l\u00e6ngere end blybatterier og er d\u00e6kket af 3 \u00e5rs garanti.<\/p>\n<p>\u00b7 Holdbarhed: H\u00e5ndterer hverdagens st\u00f8d og rystelser. BOSA\u00a0<strong>LiFePo4-batterier<\/strong>\u00a0opfylder standarder for holdbarhed og vibrationer.<\/p>\n<p>\u00b7 Vedligeholdelse: Ingen. Ingen vanding n\u00f8dvendig. Ingen syre - ingen korrosion. Ingen syredryp, ingen opladningsdampe.<\/p>\n<p>F\u00f8lgende er vores produktspecifikationsark:<\/p>\n<table style=\"height: 526px;\" width=\"1157\">\n<tbody>\n<tr>\n<td width=\"1116\"><\/td>\n<td width=\"685\">25,6V-105AH<\/td>\n<td width=\"638\">25,6V-150AH<\/td>\n<td width=\"599\">25,6V-230AH<\/td>\n<td width=\"675\">25,6V-304Ah<\/td>\n<\/tr>\n<tr>\n<td width=\"1116\">Batterikemi<\/td>\n<td colspan=\"4\" width=\"2598\">Lithiumjernfosfat<\/td>\n<\/tr>\n<tr>\n<td width=\"1116\">Nominel batterisp\u00e6nding<\/td>\n<td colspan=\"4\" width=\"2598\">25,6V<\/td>\n<\/tr>\n<tr>\n<td width=\"1116\">Nominel batterikapacitet<\/td>\n<td width=\"685\">105 Ah<\/td>\n<td width=\"638\">150 Ah<\/td>\n<td width=\"599\">230 Ah<\/td>\n<td width=\"675\">304 Ah<\/td>\n<\/tr>\n<tr>\n<td width=\"1116\">Nominel batterikapacitet<\/td>\n<td width=\"685\">2,688 kWh<\/td>\n<td width=\"638\">3,84 kWh<\/td>\n<td width=\"599\">5,888 kWh<\/td>\n<td width=\"675\">7,782 kWh<\/td>\n<\/tr>\n<tr>\n<td width=\"1116\">Cykluslevetid<\/td>\n<td colspan=\"4\" width=\"2598\">&gt;3500\u00a0cycles\u00a0@0.5C\/0.5C,25\u00b12\u2103<\/td>\n<\/tr>\n<tr>\n<td width=\"1116\">Anbefalet maks. kontinuerlig ladestr\u00f8m<\/td>\n<td width=\"685\">50A<\/td>\n<td width=\"638\">75A<\/td>\n<td width=\"599\">115A<\/td>\n<td width=\"675\">150A<\/td>\n<\/tr>\n<tr>\n<td width=\"1116\">Anbefalet maks. kontinuerlig afladningsstr\u00f8m<\/td>\n<td width=\"685\">105A<\/td>\n<td width=\"638\">150A<\/td>\n<td width=\"599\">200A<\/td>\n<td width=\"675\">200A<\/td>\n<\/tr>\n<tr>\n<td width=\"1116\">Peak-afladningsstr\u00f8m<\/td>\n<td width=\"685\">200A @10S<\/td>\n<td width=\"638\">200A @10S<\/td>\n<td width=\"599\">300A@10S<\/td>\n<td width=\"675\">350A @10S<\/td>\n<\/tr>\n<tr>\n<td width=\"1116\">Batterioverv\u00e5gning<\/td>\n<td colspan=\"4\" width=\"2598\">st\u00f8tte<\/td>\n<\/tr>\n<tr>\n<td width=\"1116\">MasterBus-kommunikation<\/td>\n<td colspan=\"4\" width=\"2598\">\/<\/td>\n<\/tr>\n<tr>\n<td width=\"1116\">Meddelelse<\/td>\n<td colspan=\"4\" width=\"2598\">CAN\/RS485<\/td>\n<\/tr>\n<tr>\n<td width=\"1116\">Terminaler<\/td>\n<td colspan=\"4\" width=\"2598\">Terminalblokke<\/td>\n<\/tr>\n<tr>\n<td width=\"1116\">Produktv\u00e6gt (kg\/lbs)<\/td>\n<td width=\"685\">28.6\/62.92<\/td>\n<td width=\"638\">39.5\/86.9<\/td>\n<td width=\"599\">49\/108.03<\/td>\n<td width=\"675\">63\/138.89<\/td>\n<\/tr>\n<tr>\n<td width=\"1116\">Dimensioner (L*B*H mm)<\/td>\n<td width=\"685\">324*206*244<\/td>\n<td width=\"638\">424*306*244<\/td>\n<td width=\"599\">488*270*238<\/td>\n<td width=\"675\">468*350*238<\/td>\n<\/tr>\n<tr>\n<td width=\"1116\">Dimensioner (L*B*H tommer)<\/td>\n<td width=\"685\">12.76*7.87*9.61<\/td>\n<td width=\"638\">16.69*12.05*9.61<\/td>\n<td width=\"599\">19.21*9.06*9.37<\/td>\n<td width=\"675\">18.43*13.78*9.37<\/td>\n<\/tr>\n<tr>\n<td width=\"1116\">Beskyttelsesgrad<\/td>\n<td colspan=\"4\" width=\"2598\">IP65<\/td>\n<\/tr>\n<tr>\n<td width=\"1116\">Beskyttelse<\/td>\n<td colspan=\"4\" width=\"2598\">Oversp\u00e6nding, undersp\u00e6nding, overstr\u00f8m, overtemperatur, lav temperatur osv.<\/td>\n<\/tr>\n<\/tbody>\n<\/table>","protected":false},"excerpt":{"rendered":"<p>Batterikemi: LFP<\/p>\n<p>Nominel batterisp\u00e6nding: 25,6V<\/p>\n<p>Nominel batterikapacitet: 105Ah \/ 150Ah \/ 230Ah \/ 304Ah<\/p>\n<p>Nominel batterikapacitet: 2,688 kWh \/ 3,84 kWh \/ 5,888 kWh \/ 7,782 kWh<\/p>\n<p>Cykluslevetid: 3500 cyklusser @ 0,5C\/0,5C @ 25\u00b12\u2103<\/p>\n<p>Tilpassede l\u00f8sninger er tilg\u00e6ngelige.<\/p>","protected":false},"featured_media":1429,"comment_status":"open","ping_status":"closed","template":"","meta":[],"product_brand":[],"product_cat":[52],"product_tag":[],"class_list":{"0":"post-1428","1":"product","2":"type-product","3":"status-publish","4":"has-post-thumbnail","6":"product_cat-24v-lfp-battery-packs-for-electric-sweepers","8":"first","9":"instock","10":"shipping-taxable","11":"product-type-simple"},"yoast_head":"<!-- This site is optimized with the Yoast SEO plugin v27.5 - https:\/\/yoast.com\/product\/yoast-seo-wordpress\/ -->\n<title>24V Battery Pack for Electric Sweeper - BOSA lithium battery<\/title>\n<meta name=\"robots\" content=\"index, follow, max-snippet:-1, max-image-preview:large, max-video-preview:-1\" \/>\n<link rel=\"canonical\" href=\"https:\/\/www.bosaenergy.cn\/da\/product\/24v\/\" \/>\n<meta property=\"og:locale\" content=\"da_DK\" \/>\n<meta property=\"og:type\" content=\"article\" \/>\n<meta property=\"og:title\" content=\"24V Battery Pack for Electric Sweeper - BOSA lithium battery\" \/>\n<meta property=\"og:description\" content=\"Battery chemistry: LFP  Nominal battery voltage: 25.6V  Nominal battery capacity: 105Ah \/ 150Ah \/ 230Ah \/ 304Ah  Nominal battery energy capacity:2.688kwh \/ 3.84kwh \/ 5.888kwh \/ 7.782kwh  Cycle life: 3500cycles@0.5C\/0.5C @25\u00b12\u2103  Customized solutions are available.\" \/>\n<meta property=\"og:url\" content=\"https:\/\/www.bosaenergy.cn\/da\/product\/24v\/\" \/>\n<meta property=\"og:site_name\" content=\"BOSA lithium battery\" \/>\n<meta property=\"article:publisher\" content=\"https:\/\/www.facebook.com\/profile.php?id=100066454002295\" \/>\n<meta property=\"article:modified_time\" content=\"2026-04-13T08:11:00+00:00\" \/>\n<meta property=\"og:image\" content=\"https:\/\/www.bosaenergy.cn\/wp-content\/uploads\/2025\/12\/\u672a\u6807\u9898-1-5.png\" \/>\n\t<meta property=\"og:image:width\" content=\"2400\" \/>\n\t<meta property=\"og:image:height\" content=\"1800\" \/>\n\t<meta property=\"og:image:type\" content=\"image\/png\" \/>\n<meta name=\"twitter:card\" content=\"summary_large_image\" \/>\n<meta name=\"twitter:site\" content=\"@BellaBosa\" \/>\n<meta name=\"twitter:label1\" content=\"Estimeret l\u00e6setid\" \/>\n\t<meta name=\"twitter:data1\" content=\"3 minutter\" \/>\n<script type=\"application\/ld+json\" class=\"yoast-schema-graph\">{\"@context\":\"https:\\\/\\\/schema.org\",\"@graph\":[{\"@type\":\"WebPage\",\"@id\":\"https:\\\/\\\/www.bosaenergy.cn\\\/da\\\/product\\\/24v\\\/\",\"url\":\"https:\\\/\\\/www.bosaenergy.cn\\\/da\\\/product\\\/24v\\\/\",\"name\":\"24V Battery Pack for Electric Sweeper - BOSA lithium battery\",\"isPartOf\":{\"@id\":\"https:\\\/\\\/www.bosaenergy.cn\\\/da\\\/#website\"},\"primaryImageOfPage\":{\"@id\":\"https:\\\/\\\/www.bosaenergy.cn\\\/da\\\/product\\\/24v\\\/#primaryimage\"},\"image\":{\"@id\":\"https:\\\/\\\/www.bosaenergy.cn\\\/da\\\/product\\\/24v\\\/#primaryimage\"},\"thumbnailUrl\":\"https:\\\/\\\/www.bosaenergy.cn\\\/wp-content\\\/uploads\\\/2025\\\/12\\\/\u672a\u6807\u9898-1-5.png\",\"datePublished\":\"2025-12-23T01:36:41+00:00\",\"dateModified\":\"2026-04-13T08:11:00+00:00\",\"breadcrumb\":{\"@id\":\"https:\\\/\\\/www.bosaenergy.cn\\\/da\\\/product\\\/24v\\\/#breadcrumb\"},\"inLanguage\":\"da-DK\",\"potentialAction\":[{\"@type\":\"ReadAction\",\"target\":[\"https:\\\/\\\/www.bosaenergy.cn\\\/da\\\/product\\\/24v\\\/\"]}]},{\"@type\":\"ImageObject\",\"inLanguage\":\"da-DK\",\"@id\":\"https:\\\/\\\/www.bosaenergy.cn\\\/da\\\/product\\\/24v\\\/#primaryimage\",\"url\":\"https:\\\/\\\/www.bosaenergy.cn\\\/wp-content\\\/uploads\\\/2025\\\/12\\\/\u672a\u6807\u9898-1-5.png\",\"contentUrl\":\"https:\\\/\\\/www.bosaenergy.cn\\\/wp-content\\\/uploads\\\/2025\\\/12\\\/\u672a\u6807\u9898-1-5.png\",\"width\":2400,\"height\":1800},{\"@type\":\"BreadcrumbList\",\"@id\":\"https:\\\/\\\/www.bosaenergy.cn\\\/da\\\/product\\\/24v\\\/#breadcrumb\",\"itemListElement\":[{\"@type\":\"ListItem\",\"position\":1,\"name\":\"\u9996\u9875\",\"item\":\"https:\\\/\\\/www.bosaenergy.cn\\\/\"},{\"@type\":\"ListItem\",\"position\":2,\"name\":\"Products\",\"item\":\"https:\\\/\\\/www.bosaenergy.cn\\\/products\\\/\"},{\"@type\":\"ListItem\",\"position\":3,\"name\":\"24V Battery Pack for Electric Sweeper\"}]},{\"@type\":\"WebSite\",\"@id\":\"https:\\\/\\\/www.bosaenergy.cn\\\/da\\\/#website\",\"url\":\"https:\\\/\\\/www.bosaenergy.cn\\\/da\\\/\",\"name\":\"bosa\",\"description\":\"\",\"publisher\":{\"@id\":\"https:\\\/\\\/www.bosaenergy.cn\\\/da\\\/#organization\"},\"potentialAction\":[{\"@type\":\"SearchAction\",\"target\":{\"@type\":\"EntryPoint\",\"urlTemplate\":\"https:\\\/\\\/www.bosaenergy.cn\\\/da\\\/?s={search_term_string}\"},\"query-input\":{\"@type\":\"PropertyValueSpecification\",\"valueRequired\":true,\"valueName\":\"search_term_string\"}}],\"inLanguage\":\"da-DK\"},{\"@type\":\"Organization\",\"@id\":\"https:\\\/\\\/www.bosaenergy.cn\\\/da\\\/#organization\",\"name\":\"bosa\",\"url\":\"https:\\\/\\\/www.bosaenergy.cn\\\/da\\\/\",\"logo\":{\"@type\":\"ImageObject\",\"inLanguage\":\"da-DK\",\"@id\":\"https:\\\/\\\/www.bosaenergy.cn\\\/da\\\/#\\\/schema\\\/logo\\\/image\\\/\",\"url\":\"https:\\\/\\\/www.bosaenergy.cn\\\/wp-content\\\/uploads\\\/2025\\\/11\\\/33ecacab3feacab1205891969ab9ce3f-1.png\",\"contentUrl\":\"https:\\\/\\\/www.bosaenergy.cn\\\/wp-content\\\/uploads\\\/2025\\\/11\\\/33ecacab3feacab1205891969ab9ce3f-1.png\",\"width\":500,\"height\":201,\"caption\":\"bosa\"},\"image\":{\"@id\":\"https:\\\/\\\/www.bosaenergy.cn\\\/da\\\/#\\\/schema\\\/logo\\\/image\\\/\"},\"sameAs\":[\"https:\\\/\\\/www.facebook.com\\\/profile.php?id=100066454002295\",\"https:\\\/\\\/x.com\\\/BellaBosa\",\"https:\\\/\\\/www.instagram.com\\\/bosa_energy\\\/\",\"https:\\\/\\\/www.youtube.com\\\/@bosanewenergy3210\",\"https:\\\/\\\/www.linkedin.com\\\/company\\\/bosaenergy\\\/posts\\\/?feedView=all\"]}]}<\/script>\n<!-- \/ Yoast SEO plugin. -->","yoast_head_json":{"title":"24V batteripakke til elektrisk fejemaskine - BOSA lithiumbatteri","robots":{"index":"index","follow":"follow","max-snippet":"max-snippet:-1","max-image-preview":"max-image-preview:large","max-video-preview":"max-video-preview:-1"},"canonical":"https:\/\/www.bosaenergy.cn\/da\/product\/24v\/","og_locale":"da_DK","og_type":"article","og_title":"24V Battery Pack for Electric Sweeper - BOSA lithium battery","og_description":"Battery chemistry: LFP  Nominal battery voltage: 25.6V  Nominal battery capacity: 105Ah \/ 150Ah \/ 230Ah \/ 304Ah  Nominal battery energy capacity:2.688kwh \/ 3.84kwh \/ 5.888kwh \/ 7.782kwh  Cycle life: 3500cycles@0.5C\/0.5C @25\u00b12\u2103  Customized solutions are available.","og_url":"https:\/\/www.bosaenergy.cn\/da\/product\/24v\/","og_site_name":"BOSA lithium battery","article_publisher":"https:\/\/www.facebook.com\/profile.php?id=100066454002295","article_modified_time":"2026-04-13T08:11:00+00:00","og_image":[{"width":2400,"height":1800,"url":"https:\/\/www.bosaenergy.cn\/wp-content\/uploads\/2025\/12\/\u672a\u6807\u9898-1-5.png","type":"image\/png"}],"twitter_card":"summary_large_image","twitter_site":"@BellaBosa","twitter_misc":{"Estimeret l\u00e6setid":"3 minutter"},"schema":{"@context":"https:\/\/schema.org","@graph":[{"@type":"WebPage","@id":"https:\/\/www.bosaenergy.cn\/da\/product\/24v\/","url":"https:\/\/www.bosaenergy.cn\/da\/product\/24v\/","name":"24V batteripakke til elektrisk fejemaskine - BOSA lithiumbatteri","isPartOf":{"@id":"https:\/\/www.bosaenergy.cn\/da\/#website"},"primaryImageOfPage":{"@id":"https:\/\/www.bosaenergy.cn\/da\/product\/24v\/#primaryimage"},"image":{"@id":"https:\/\/www.bosaenergy.cn\/da\/product\/24v\/#primaryimage"},"thumbnailUrl":"https:\/\/www.bosaenergy.cn\/wp-content\/uploads\/2025\/12\/\u672a\u6807\u9898-1-5.png","datePublished":"2025-12-23T01:36:41+00:00","dateModified":"2026-04-13T08:11:00+00:00","breadcrumb":{"@id":"https:\/\/www.bosaenergy.cn\/da\/product\/24v\/#breadcrumb"},"inLanguage":"da-DK","potentialAction":[{"@type":"ReadAction","target":["https:\/\/www.bosaenergy.cn\/da\/product\/24v\/"]}]},{"@type":"ImageObject","inLanguage":"da-DK","@id":"https:\/\/www.bosaenergy.cn\/da\/product\/24v\/#primaryimage","url":"https:\/\/www.bosaenergy.cn\/wp-content\/uploads\/2025\/12\/\u672a\u6807\u9898-1-5.png","contentUrl":"https:\/\/www.bosaenergy.cn\/wp-content\/uploads\/2025\/12\/\u672a\u6807\u9898-1-5.png","width":2400,"height":1800},{"@type":"BreadcrumbList","@id":"https:\/\/www.bosaenergy.cn\/da\/product\/24v\/#breadcrumb","itemListElement":[{"@type":"ListItem","position":1,"name":"\u9996\u9875","item":"https:\/\/www.bosaenergy.cn\/"},{"@type":"ListItem","position":2,"name":"Products","item":"https:\/\/www.bosaenergy.cn\/products\/"},{"@type":"ListItem","position":3,"name":"24V Battery Pack for Electric Sweeper"}]},{"@type":"WebSite","@id":"https:\/\/www.bosaenergy.cn\/da\/#website","url":"https:\/\/www.bosaenergy.cn\/da\/","name":"bosa","description":"","publisher":{"@id":"https:\/\/www.bosaenergy.cn\/da\/#organization"},"potentialAction":[{"@type":"SearchAction","target":{"@type":"EntryPoint","urlTemplate":"https:\/\/www.bosaenergy.cn\/da\/?s={search_term_string}"},"query-input":{"@type":"PropertyValueSpecification","valueRequired":true,"valueName":"search_term_string"}}],"inLanguage":"da-DK"},{"@type":"Organization","@id":"https:\/\/www.bosaenergy.cn\/da\/#organization","name":"bosa","url":"https:\/\/www.bosaenergy.cn\/da\/","logo":{"@type":"ImageObject","inLanguage":"da-DK","@id":"https:\/\/www.bosaenergy.cn\/da\/#\/schema\/logo\/image\/","url":"https:\/\/www.bosaenergy.cn\/wp-content\/uploads\/2025\/11\/33ecacab3feacab1205891969ab9ce3f-1.png","contentUrl":"https:\/\/www.bosaenergy.cn\/wp-content\/uploads\/2025\/11\/33ecacab3feacab1205891969ab9ce3f-1.png","width":500,"height":201,"caption":"bosa"},"image":{"@id":"https:\/\/www.bosaenergy.cn\/da\/#\/schema\/logo\/image\/"},"sameAs":["https:\/\/www.facebook.com\/profile.php?id=100066454002295","https:\/\/x.com\/BellaBosa","https:\/\/www.instagram.com\/bosa_energy\/","https:\/\/www.youtube.com\/@bosanewenergy3210","https:\/\/www.linkedin.com\/company\/bosaenergy\/posts\/?feedView=all"]}]}},"_links":{"self":[{"href":"https:\/\/www.bosaenergy.cn\/da\/wp-json\/wp\/v2\/product\/1428","targetHints":{"allow":["GET"]}}],"collection":[{"href":"https:\/\/www.bosaenergy.cn\/da\/wp-json\/wp\/v2\/product"}],"about":[{"href":"https:\/\/www.bosaenergy.cn\/da\/wp-json\/wp\/v2\/types\/product"}],"replies":[{"embeddable":true,"href":"https:\/\/www.bosaenergy.cn\/da\/wp-json\/wp\/v2\/comments?post=1428"}],"wp:featuredmedia":[{"embeddable":true,"href":"https:\/\/www.bosaenergy.cn\/da\/wp-json\/wp\/v2\/media\/1429"}],"wp:attachment":[{"href":"https:\/\/www.bosaenergy.cn\/da\/wp-json\/wp\/v2\/media?parent=1428"}],"wp:term":[{"taxonomy":"product_brand","embeddable":true,"href":"https:\/\/www.bosaenergy.cn\/da\/wp-json\/wp\/v2\/product_brand?post=1428"},{"taxonomy":"product_cat","embeddable":true,"href":"https:\/\/www.bosaenergy.cn\/da\/wp-json\/wp\/v2\/product_cat?post=1428"},{"taxonomy":"product_tag","embeddable":true,"href":"https:\/\/www.bosaenergy.cn\/da\/wp-json\/wp\/v2\/product_tag?post=1428"}],"curies":[{"name":"wp","href":"https:\/\/api.w.org\/{rel}","templated":true}]}}