{"id":1395,"date":"2025-12-22T16:57:53","date_gmt":"2025-12-22T08:57:53","guid":{"rendered":"https:\/\/www.bosaenergy.cn\/?post_type=product&#038;p=1395"},"modified":"2026-04-17T14:28:11","modified_gmt":"2026-04-17T06:28:11","slug":"314ah-modul","status":"publish","type":"product","link":"https:\/\/www.bosaenergy.cn\/da\/product\/314ah-module\/","title":{"rendered":"314Ah-modul"},"content":{"rendered":"<p data-start=\"47\" data-end=\"284\">Bosa sigter mod at blive en f\u00f8rende\u00a0<strong data-start=\"77\" data-end=\"121\">Leverand\u00f8r af LFP-industrielle batterier i Kina<\/strong>. Vores kerneforretning fokuserer p\u00e5\u00a0<strong data-start=\"152\" data-end=\"206\">Lithium-ion-batterier og integrerede str\u00f8msystemer<\/strong>, der er meget udbredt i energilagring, elbiler og marine applikationer.<\/p>\n<p data-start=\"286\" data-end=\"557\">Med fremragende kvalitet og p\u00e5lidelig ydeevne nyder kundernes tillid til vores produkter.\u00a0<strong data-start=\"376\" data-end=\"412\">mere end 30 lande verden over<\/strong>. Vi har ogs\u00e5 en r\u00e6kke patenter, der aktivt anvendes i\u00a0<strong data-start=\"476\" data-end=\"520\">forskning og udvikling af litiumbatterier<\/strong>, der underst\u00f8tter kontinuerlig innovation.<\/p>\n<p data-start=\"559\" data-end=\"677\">Vores produktionskapacitet er drevet af\u00a0<strong data-start=\"605\" data-end=\"640\">fire AI-drevne produktionslinjer<\/strong>, der d\u00e6kker hele processen fra:<\/p>\n<ul data-start=\"678\" data-end=\"754\">\n<li data-section-id=\"2zjn\" data-start=\"678\" data-end=\"708\">Celleudv\u00e6lgelse og testning<\/li>\n<li data-section-id=\"1kj28oc\" data-start=\"709\" data-end=\"728\">Modulmontering<\/li>\n<li data-section-id=\"13cwqxu\" data-start=\"729\" data-end=\"754\">Batteripakkesamling<\/li>\n<\/ul>\n<p data-start=\"756\" data-end=\"847\">Disse avancerede funktioner sikrer h\u00f8j ensartethed, effektivitet og produktp\u00e5lidelighed.<\/p>\n<p><img fetchpriority=\"high\" decoding=\"async\" class=\"alignnone size-medium wp-image-2339\" src=\"https:\/\/www.bosaenergy.cn\/wp-content\/uploads\/2026\/01\/%E5%9B%BE%E7%89%87-300x201.png\" sizes=\"(max-width: 300px) 100vw, 300px\" srcset=\"https:\/\/www.bosaenergy.cn\/wp-content\/uploads\/2026\/01\/\u56fe\u7247-300x201.png 300w, https:\/\/www.bosaenergy.cn\/wp-content\/uploads\/2026\/01\/\u56fe\u7247-1024x686.png 1024w, https:\/\/www.bosaenergy.cn\/wp-content\/uploads\/2026\/01\/\u56fe\u7247-768x514.png 768w, https:\/\/www.bosaenergy.cn\/wp-content\/uploads\/2026\/01\/\u56fe\u7247-370x247.png 370w, https:\/\/www.bosaenergy.cn\/wp-content\/uploads\/2026\/01\/\u56fe\u7247-270x180.png 270w, https:\/\/www.bosaenergy.cn\/wp-content\/uploads\/2026\/01\/\u56fe\u7247-600x402.png 600w, https:\/\/www.bosaenergy.cn\/wp-content\/uploads\/2026\/01\/\u56fe\u7247.png 1208w\" alt=\"\" width=\"300\" height=\"201\" \/>\u00a0<img decoding=\"async\" class=\"alignnone size-medium wp-image-2336\" src=\"https:\/\/www.bosaenergy.cn\/wp-content\/uploads\/2026\/01\/%E5%9B%BE%E7%89%871-300x200.png\" sizes=\"(max-width: 300px) 100vw, 300px\" srcset=\"https:\/\/www.bosaenergy.cn\/wp-content\/uploads\/2026\/01\/\u56fe\u72471-300x200.png 300w, https:\/\/www.bosaenergy.cn\/wp-content\/uploads\/2026\/01\/\u56fe\u72471-768x513.png 768w, https:\/\/www.bosaenergy.cn\/wp-content\/uploads\/2026\/01\/\u56fe\u72471-370x247.png 370w, https:\/\/www.bosaenergy.cn\/wp-content\/uploads\/2026\/01\/\u56fe\u72471-270x180.png 270w, https:\/\/www.bosaenergy.cn\/wp-content\/uploads\/2026\/01\/\u56fe\u72471-600x401.png 600w, https:\/\/www.bosaenergy.cn\/wp-content\/uploads\/2026\/01\/\u56fe\u72471.png 871w\" alt=\"\" width=\"300\" height=\"200\" \/>\u00a0<img decoding=\"async\" class=\"alignnone size-medium wp-image-2337\" src=\"https:\/\/www.bosaenergy.cn\/wp-content\/uploads\/2026\/01\/%E5%9B%BE%E7%89%872-300x201.png\" sizes=\"(max-width: 300px) 100vw, 300px\" srcset=\"https:\/\/www.bosaenergy.cn\/wp-content\/uploads\/2026\/01\/\u56fe\u72472-300x201.png 300w, https:\/\/www.bosaenergy.cn\/wp-content\/uploads\/2026\/01\/\u56fe\u72472-1024x686.png 1024w, https:\/\/www.bosaenergy.cn\/wp-content\/uploads\/2026\/01\/\u56fe\u72472-768x514.png 768w, https:\/\/www.bosaenergy.cn\/wp-content\/uploads\/2026\/01\/\u56fe\u72472-370x247.png 370w, https:\/\/www.bosaenergy.cn\/wp-content\/uploads\/2026\/01\/\u56fe\u72472-270x180.png 270w, https:\/\/www.bosaenergy.cn\/wp-content\/uploads\/2026\/01\/\u56fe\u72472-600x402.png 600w, https:\/\/www.bosaenergy.cn\/wp-content\/uploads\/2026\/01\/\u56fe\u72472.png 1208w\" alt=\"\" width=\"300\" height=\"201\" \/>\u00a0<img loading=\"lazy\" decoding=\"async\" class=\"alignnone size-medium wp-image-2338\" src=\"https:\/\/www.bosaenergy.cn\/wp-content\/uploads\/2026\/01\/%E5%9B%BE%E7%89%873-300x201.png\" sizes=\"(max-width: 300px) 100vw, 300px\" srcset=\"https:\/\/www.bosaenergy.cn\/wp-content\/uploads\/2026\/01\/\u56fe\u72473-300x201.png 300w, https:\/\/www.bosaenergy.cn\/wp-content\/uploads\/2026\/01\/\u56fe\u72473-768x514.png 768w, https:\/\/www.bosaenergy.cn\/wp-content\/uploads\/2026\/01\/\u56fe\u72473-370x247.png 370w, https:\/\/www.bosaenergy.cn\/wp-content\/uploads\/2026\/01\/\u56fe\u72473-270x180.png 270w, https:\/\/www.bosaenergy.cn\/wp-content\/uploads\/2026\/01\/\u56fe\u72473-600x402.png 600w, https:\/\/www.bosaenergy.cn\/wp-content\/uploads\/2026\/01\/\u56fe\u72473.png 868w\" alt=\"\" width=\"300\" height=\"201\" \/><\/p>\n<p>Takket v\u00e6re disse fordele, Bosas\u00a0<strong data-start=\"884\" data-end=\"905\">LiFePO4-batterier<\/strong>\u00a0fungere som en ideel erstatning for traditionelle blybatterier.\u00a0<span class=\"jCAhz ChMk0b\"><span class=\"ryNqvb\">Fra et langsigtet perspektiv<\/span><\/span>\u2014herunder besparelser i energiforbrug, vedligeholdelse, arbejdskraft og reduceret nedetid \u2014 kan betydeligt\u00a0<strong data-start=\"1140\" data-end=\"1183\">s\u00e6nk de samlede ejeromkostninger (TCO)<\/strong>.<\/p>\n<p>Modulet har UN- og MSDS-certificeringer. Cellerne har UN-, MSDS-, IEC-, UL-, TUV- og GB\/T-certificeringer.<\/p>\n<p>Vores<strong> 314 Ah<\/strong> <strong>modul<\/strong>\u2018De vigtigste fordele:<\/p>\n<p>1: H\u00f8j sikkerhedsydelse og lang garantisupport, anvender battericeller af h\u00f8j kvalitet (Grade A frisk celle), giver 3-5 \u00e5rs garanti.<\/p>\n<p>2: Lang cykluslevetid. Underst\u00f8tter brug i dyb cyklus, hvilket giver h\u00f8j holdbarhed og reducerer de langsigtede driftsomkostninger.<\/p>\n<p>3: Fleksibel konfiguration: Standard modul\u00e6rt design underst\u00f8tter serie- og paralleludvidelse for at im\u00f8dekomme forskellige energibehov.<\/p>\n<p>4: Nem montering, forskellige moduler er forbundet via samleskinner og bolte. Modulet har temperatur- og sp\u00e6ndingssensorer, der er pr\u00e6svejset med ledninger til BMS&#039;en, forbindelsen til BMS&#039;en er af &quot;plug and play&quot;-typen;<\/p>\n<p>5: Universal til alle BMS, ikke begr\u00e6nset til BMS-typer; opfylder forskellige kunders krav.<\/p>\n<p>6: Fuldst\u00e6ndige certificeringer: Overholder internationale sikkerheds- og milj\u00f8standarder (s\u00e5som CE, UN38.3 osv.).<\/p>\n<p>7: Velegnet til en r\u00e6kke forskellige anvendelser og med et v\u00e6ld af anvendelseserfaring. Kan bruges p\u00e5 elektriske busser\/lastbiler\/nyttek\u00f8ret\u00f8jer, lette k\u00f8ret\u00f8jer, golfbiler og gaffeltrucks samt energilagring, har 40.000 erfaring med anvendelse af elektriske k\u00f8ret\u00f8jer;<\/p>\n<p>F\u00f8lgende er modulets basisspecifikationer:<\/p>\n<table style=\"height: 430px;\" width=\"1085\">\n<tbody>\n<tr>\n<td rowspan=\"2\" width=\"94\">Serienummer<\/td>\n<td rowspan=\"2\" width=\"215\">Parametre<\/td>\n<td colspan=\"3\" width=\"585\">Produktmodel<\/td>\n<td rowspan=\"2\" width=\"229\">Bem\u00e6rkninger<\/td>\n<\/tr>\n<tr>\n<td width=\"204\">304\/314-1P4S<\/td>\n<td width=\"184\">304\/314-1P6S<\/td>\n<td width=\"195\">304\/314-1P8S<\/td>\n<\/tr>\n<tr>\n<td width=\"94\">1<\/td>\n<td width=\"215\">Cellemodel<\/td>\n<td width=\"204\">304\/314<\/td>\n<td width=\"184\">304\/314<\/td>\n<td width=\"195\">304\/314<\/td>\n<td width=\"229\"><\/td>\n<\/tr>\n<tr>\n<td width=\"94\">2<\/td>\n<td width=\"215\">Nominel kapacitet (AH)<\/td>\n<td width=\"204\">304\/314<\/td>\n<td width=\"184\">304\/314<\/td>\n<td width=\"195\">304\/314<\/td>\n<td width=\"229\"><\/td>\n<\/tr>\n<tr>\n<td width=\"94\">3<\/td>\n<td width=\"215\">Nominel sp\u00e6nding (V)<\/td>\n<td width=\"204\">12.8<\/td>\n<td width=\"184\">19.2<\/td>\n<td width=\"195\">25.6<\/td>\n<td width=\"229\">3,2 V x celleserie<\/td>\n<\/tr>\n<tr>\n<td width=\"94\">4<\/td>\n<td width=\"215\">Nominel energi (kWh)<\/td>\n<td width=\"204\">3.891\/4.019<\/td>\n<td width=\"184\">5.836\/6.028<\/td>\n<td width=\"195\">7.782\/8.038<\/td>\n<td width=\"229\">3,2V*Nominel kapacitet<\/td>\n<\/tr>\n<tr>\n<td width=\"94\">5<\/td>\n<td width=\"215\">L (mm)<\/td>\n<td width=\"204\">330.3<\/td>\n<td width=\"184\">473.3<\/td>\n<td width=\"195\">618.3<\/td>\n<td rowspan=\"3\" width=\"229\">Se tegningen nedenfor<\/p>\n<p>&nbsp;<\/td>\n<\/tr>\n<tr>\n<td width=\"94\">6<\/td>\n<td width=\"215\">B (mm)<\/td>\n<td width=\"204\">180.8<\/td>\n<td width=\"184\">180.8<\/td>\n<td width=\"195\">180.8<\/td>\n<\/tr>\n<tr>\n<td width=\"94\">7<\/td>\n<td width=\"215\">H(mm)<\/td>\n<td width=\"204\">220.4<\/td>\n<td width=\"184\">220.4<\/td>\n<td width=\"195\">220.4<\/td>\n<\/tr>\n<tr>\n<td width=\"94\">8<\/td>\n<td width=\"215\">V\u00e6gt (kg)<\/td>\n<td width=\"204\">25.4<\/td>\n<td width=\"184\">36.7<\/td>\n<td width=\"195\">47.7<\/td>\n<td width=\"229\"><\/td>\n<\/tr>\n<tr>\n<td width=\"94\">9<\/td>\n<td width=\"215\">Driftssp\u00e6nding (V)<\/td>\n<td width=\"204\">10~14.6<\/td>\n<td width=\"184\">15~21.9<\/td>\n<td width=\"195\">20~29.2<\/td>\n<td width=\"229\">Enkeltcelle 2,5~3,65V<\/td>\n<\/tr>\n<tr>\n<td rowspan=\"2\" width=\"94\">10<\/td>\n<td rowspan=\"2\" width=\"215\">Driftstemperatur<\/td>\n<td colspan=\"3\" width=\"585\">Opladning: -20~ 55\u00b0C<\/td>\n<td rowspan=\"2\" width=\"229\">Med varmepude<\/td>\n<\/tr>\n<tr>\n<td colspan=\"3\" width=\"585\">Udladning: -20~ 55\u00b0C<\/td>\n<\/tr>\n<tr>\n<td width=\"94\">11<\/td>\n<td width=\"215\">Cykluslevetid<\/td>\n<td colspan=\"3\" width=\"585\">3500 cyklusser ved 0,5C\/0,5C ved 25\u00b12\u00b0C<\/td>\n<td width=\"229\"><\/td>\n<\/tr>\n<\/tbody>\n<\/table>\n<p>Kontakt os venligst for eventuelle behov: info@bosaenergy.cn<\/p>","protected":false},"excerpt":{"rendered":"<p>Cellekapacitet: 304 Ah \/ 314 Ah \/ 334 Ah<\/p>\n<p>Grupperingsmetode: 1P4S \/ 1P6S \/ 1P8S<\/p>\n<p>Cykluslevetid: 3500 cyklusser ved 0,5C\/0,5C ved 25\u00b12\u00b0C<\/p>\n<p>Driftstemperatur: Opladning: -20~ 55\u00b0C Afladning: -20~ 55\u00b0C<\/p>\n<p>Modul Certificering: UN ; MSDS<\/p>\n<p>Cellecertificering: FN; MSDS; IEC; UL; TUV; GB\/T<\/p>","protected":false},"featured_media":1396,"comment_status":"open","ping_status":"closed","template":"","meta":[],"product_brand":[],"product_cat":[47],"product_tag":[],"class_list":{"0":"post-1395","1":"product","2":"type-product","3":"status-publish","4":"has-post-thumbnail","6":"product_cat-314ah","8":"first","9":"instock","10":"shipping-taxable","11":"product-type-simple"},"yoast_head":"<!-- This site is optimized with the Yoast SEO plugin v27.5 - https:\/\/yoast.com\/product\/yoast-seo-wordpress\/ -->\n<title>314Ah Module - BOSA lithium battery<\/title>\n<meta name=\"robots\" content=\"index, follow, max-snippet:-1, max-image-preview:large, max-video-preview:-1\" \/>\n<link rel=\"canonical\" href=\"https:\/\/www.bosaenergy.cn\/da\/product\/314ah-modul\/\" \/>\n<meta property=\"og:locale\" content=\"da_DK\" \/>\n<meta property=\"og:type\" content=\"article\" \/>\n<meta property=\"og:title\" content=\"314Ah Module - BOSA lithium battery\" \/>\n<meta property=\"og:description\" content=\"Cell Capacity:304Ah \/ 314Ah \/ 334Ah  Grouping Method:1P4S \/ 1P6S \/ 1P8S  Cycle Life: 3500 cycles @ 0.5C\/0.5C @ 25\u00b12\u00b0C  Operation Temperature: Charge: -20~ 55\u00b0C\u3000Discharge: -20~ 55\u00b0C  Module Certification: UN ; MSDS  Cell Certification: UN ; MSDS ; IEC ; UL ; TUV ; GB\/T\" \/>\n<meta property=\"og:url\" content=\"https:\/\/www.bosaenergy.cn\/da\/product\/314ah-modul\/\" \/>\n<meta property=\"og:site_name\" content=\"BOSA lithium battery\" \/>\n<meta property=\"article:publisher\" content=\"https:\/\/www.facebook.com\/profile.php?id=100066454002295\" \/>\n<meta property=\"article:modified_time\" content=\"2026-04-17T06:28:11+00:00\" \/>\n<meta property=\"og:image\" content=\"https:\/\/www.bosaenergy.cn\/wp-content\/uploads\/2025\/12\/\u672a\u6807\u9898-1-3.png\" \/>\n\t<meta property=\"og:image:width\" content=\"2400\" \/>\n\t<meta property=\"og:image:height\" content=\"1800\" \/>\n\t<meta property=\"og:image:type\" content=\"image\/png\" \/>\n<meta name=\"twitter:card\" content=\"summary_large_image\" \/>\n<meta name=\"twitter:site\" content=\"@BellaBosa\" \/>\n<meta name=\"twitter:label1\" content=\"Estimeret l\u00e6setid\" \/>\n\t<meta name=\"twitter:data1\" content=\"3 minutter\" \/>\n<script type=\"application\/ld+json\" class=\"yoast-schema-graph\">{\"@context\":\"https:\\\/\\\/schema.org\",\"@graph\":[{\"@type\":\"WebPage\",\"@id\":\"https:\\\/\\\/www.bosaenergy.cn\\\/da\\\/product\\\/314ah-module\\\/\",\"url\":\"https:\\\/\\\/www.bosaenergy.cn\\\/da\\\/product\\\/314ah-module\\\/\",\"name\":\"314Ah Module - BOSA lithium battery\",\"isPartOf\":{\"@id\":\"https:\\\/\\\/www.bosaenergy.cn\\\/da\\\/#website\"},\"primaryImageOfPage\":{\"@id\":\"https:\\\/\\\/www.bosaenergy.cn\\\/da\\\/product\\\/314ah-module\\\/#primaryimage\"},\"image\":{\"@id\":\"https:\\\/\\\/www.bosaenergy.cn\\\/da\\\/product\\\/314ah-module\\\/#primaryimage\"},\"thumbnailUrl\":\"https:\\\/\\\/www.bosaenergy.cn\\\/wp-content\\\/uploads\\\/2025\\\/12\\\/\u672a\u6807\u9898-1-3.png\",\"datePublished\":\"2025-12-22T08:57:53+00:00\",\"dateModified\":\"2026-04-17T06:28:11+00:00\",\"breadcrumb\":{\"@id\":\"https:\\\/\\\/www.bosaenergy.cn\\\/da\\\/product\\\/314ah-module\\\/#breadcrumb\"},\"inLanguage\":\"da-DK\",\"potentialAction\":[{\"@type\":\"ReadAction\",\"target\":[\"https:\\\/\\\/www.bosaenergy.cn\\\/da\\\/product\\\/314ah-module\\\/\"]}]},{\"@type\":\"ImageObject\",\"inLanguage\":\"da-DK\",\"@id\":\"https:\\\/\\\/www.bosaenergy.cn\\\/da\\\/product\\\/314ah-module\\\/#primaryimage\",\"url\":\"https:\\\/\\\/www.bosaenergy.cn\\\/wp-content\\\/uploads\\\/2025\\\/12\\\/\u672a\u6807\u9898-1-3.png\",\"contentUrl\":\"https:\\\/\\\/www.bosaenergy.cn\\\/wp-content\\\/uploads\\\/2025\\\/12\\\/\u672a\u6807\u9898-1-3.png\",\"width\":2400,\"height\":1800},{\"@type\":\"BreadcrumbList\",\"@id\":\"https:\\\/\\\/www.bosaenergy.cn\\\/da\\\/product\\\/314ah-module\\\/#breadcrumb\",\"itemListElement\":[{\"@type\":\"ListItem\",\"position\":1,\"name\":\"\u9996\u9875\",\"item\":\"https:\\\/\\\/www.bosaenergy.cn\\\/\"},{\"@type\":\"ListItem\",\"position\":2,\"name\":\"Products\",\"item\":\"https:\\\/\\\/www.bosaenergy.cn\\\/products\\\/\"},{\"@type\":\"ListItem\",\"position\":3,\"name\":\"314Ah Module\"}]},{\"@type\":\"WebSite\",\"@id\":\"https:\\\/\\\/www.bosaenergy.cn\\\/da\\\/#website\",\"url\":\"https:\\\/\\\/www.bosaenergy.cn\\\/da\\\/\",\"name\":\"bosa\",\"description\":\"\",\"publisher\":{\"@id\":\"https:\\\/\\\/www.bosaenergy.cn\\\/da\\\/#organization\"},\"potentialAction\":[{\"@type\":\"SearchAction\",\"target\":{\"@type\":\"EntryPoint\",\"urlTemplate\":\"https:\\\/\\\/www.bosaenergy.cn\\\/da\\\/?s={search_term_string}\"},\"query-input\":{\"@type\":\"PropertyValueSpecification\",\"valueRequired\":true,\"valueName\":\"search_term_string\"}}],\"inLanguage\":\"da-DK\"},{\"@type\":\"Organization\",\"@id\":\"https:\\\/\\\/www.bosaenergy.cn\\\/da\\\/#organization\",\"name\":\"bosa\",\"url\":\"https:\\\/\\\/www.bosaenergy.cn\\\/da\\\/\",\"logo\":{\"@type\":\"ImageObject\",\"inLanguage\":\"da-DK\",\"@id\":\"https:\\\/\\\/www.bosaenergy.cn\\\/da\\\/#\\\/schema\\\/logo\\\/image\\\/\",\"url\":\"https:\\\/\\\/www.bosaenergy.cn\\\/wp-content\\\/uploads\\\/2025\\\/11\\\/33ecacab3feacab1205891969ab9ce3f-1.png\",\"contentUrl\":\"https:\\\/\\\/www.bosaenergy.cn\\\/wp-content\\\/uploads\\\/2025\\\/11\\\/33ecacab3feacab1205891969ab9ce3f-1.png\",\"width\":500,\"height\":201,\"caption\":\"bosa\"},\"image\":{\"@id\":\"https:\\\/\\\/www.bosaenergy.cn\\\/da\\\/#\\\/schema\\\/logo\\\/image\\\/\"},\"sameAs\":[\"https:\\\/\\\/www.facebook.com\\\/profile.php?id=100066454002295\",\"https:\\\/\\\/x.com\\\/BellaBosa\",\"https:\\\/\\\/www.instagram.com\\\/bosa_energy\\\/\",\"https:\\\/\\\/www.youtube.com\\\/@bosanewenergy3210\",\"https:\\\/\\\/www.linkedin.com\\\/company\\\/bosaenergy\\\/posts\\\/?feedView=all\"]}]}<\/script>\n<!-- \/ Yoast SEO plugin. -->","yoast_head_json":{"title":"314Ah modul - BOSA litiumbatteri","robots":{"index":"index","follow":"follow","max-snippet":"max-snippet:-1","max-image-preview":"max-image-preview:large","max-video-preview":"max-video-preview:-1"},"canonical":"https:\/\/www.bosaenergy.cn\/da\/product\/314ah-modul\/","og_locale":"da_DK","og_type":"article","og_title":"314Ah Module - BOSA lithium battery","og_description":"Cell Capacity:304Ah \/ 314Ah \/ 334Ah  Grouping Method:1P4S \/ 1P6S \/ 1P8S  Cycle Life: 3500 cycles @ 0.5C\/0.5C @ 25\u00b12\u00b0C  Operation Temperature: Charge: -20~ 55\u00b0C\u3000Discharge: -20~ 55\u00b0C  Module Certification: UN ; MSDS  Cell Certification: UN ; MSDS ; IEC ; UL ; TUV ; GB\/T","og_url":"https:\/\/www.bosaenergy.cn\/da\/product\/314ah-modul\/","og_site_name":"BOSA lithium battery","article_publisher":"https:\/\/www.facebook.com\/profile.php?id=100066454002295","article_modified_time":"2026-04-17T06:28:11+00:00","og_image":[{"width":2400,"height":1800,"url":"https:\/\/www.bosaenergy.cn\/wp-content\/uploads\/2025\/12\/\u672a\u6807\u9898-1-3.png","type":"image\/png"}],"twitter_card":"summary_large_image","twitter_site":"@BellaBosa","twitter_misc":{"Estimeret l\u00e6setid":"3 minutter"},"schema":{"@context":"https:\/\/schema.org","@graph":[{"@type":"WebPage","@id":"https:\/\/www.bosaenergy.cn\/da\/product\/314ah-module\/","url":"https:\/\/www.bosaenergy.cn\/da\/product\/314ah-module\/","name":"314Ah modul - BOSA litiumbatteri","isPartOf":{"@id":"https:\/\/www.bosaenergy.cn\/da\/#website"},"primaryImageOfPage":{"@id":"https:\/\/www.bosaenergy.cn\/da\/product\/314ah-module\/#primaryimage"},"image":{"@id":"https:\/\/www.bosaenergy.cn\/da\/product\/314ah-module\/#primaryimage"},"thumbnailUrl":"https:\/\/www.bosaenergy.cn\/wp-content\/uploads\/2025\/12\/\u672a\u6807\u9898-1-3.png","datePublished":"2025-12-22T08:57:53+00:00","dateModified":"2026-04-17T06:28:11+00:00","breadcrumb":{"@id":"https:\/\/www.bosaenergy.cn\/da\/product\/314ah-module\/#breadcrumb"},"inLanguage":"da-DK","potentialAction":[{"@type":"ReadAction","target":["https:\/\/www.bosaenergy.cn\/da\/product\/314ah-module\/"]}]},{"@type":"ImageObject","inLanguage":"da-DK","@id":"https:\/\/www.bosaenergy.cn\/da\/product\/314ah-module\/#primaryimage","url":"https:\/\/www.bosaenergy.cn\/wp-content\/uploads\/2025\/12\/\u672a\u6807\u9898-1-3.png","contentUrl":"https:\/\/www.bosaenergy.cn\/wp-content\/uploads\/2025\/12\/\u672a\u6807\u9898-1-3.png","width":2400,"height":1800},{"@type":"BreadcrumbList","@id":"https:\/\/www.bosaenergy.cn\/da\/product\/314ah-module\/#breadcrumb","itemListElement":[{"@type":"ListItem","position":1,"name":"\u9996\u9875","item":"https:\/\/www.bosaenergy.cn\/"},{"@type":"ListItem","position":2,"name":"Products","item":"https:\/\/www.bosaenergy.cn\/products\/"},{"@type":"ListItem","position":3,"name":"314Ah Module"}]},{"@type":"WebSite","@id":"https:\/\/www.bosaenergy.cn\/da\/#website","url":"https:\/\/www.bosaenergy.cn\/da\/","name":"bosa","description":"","publisher":{"@id":"https:\/\/www.bosaenergy.cn\/da\/#organization"},"potentialAction":[{"@type":"SearchAction","target":{"@type":"EntryPoint","urlTemplate":"https:\/\/www.bosaenergy.cn\/da\/?s={search_term_string}"},"query-input":{"@type":"PropertyValueSpecification","valueRequired":true,"valueName":"search_term_string"}}],"inLanguage":"da-DK"},{"@type":"Organization","@id":"https:\/\/www.bosaenergy.cn\/da\/#organization","name":"bosa","url":"https:\/\/www.bosaenergy.cn\/da\/","logo":{"@type":"ImageObject","inLanguage":"da-DK","@id":"https:\/\/www.bosaenergy.cn\/da\/#\/schema\/logo\/image\/","url":"https:\/\/www.bosaenergy.cn\/wp-content\/uploads\/2025\/11\/33ecacab3feacab1205891969ab9ce3f-1.png","contentUrl":"https:\/\/www.bosaenergy.cn\/wp-content\/uploads\/2025\/11\/33ecacab3feacab1205891969ab9ce3f-1.png","width":500,"height":201,"caption":"bosa"},"image":{"@id":"https:\/\/www.bosaenergy.cn\/da\/#\/schema\/logo\/image\/"},"sameAs":["https:\/\/www.facebook.com\/profile.php?id=100066454002295","https:\/\/x.com\/BellaBosa","https:\/\/www.instagram.com\/bosa_energy\/","https:\/\/www.youtube.com\/@bosanewenergy3210","https:\/\/www.linkedin.com\/company\/bosaenergy\/posts\/?feedView=all"]}]}},"_links":{"self":[{"href":"https:\/\/www.bosaenergy.cn\/da\/wp-json\/wp\/v2\/product\/1395","targetHints":{"allow":["GET"]}}],"collection":[{"href":"https:\/\/www.bosaenergy.cn\/da\/wp-json\/wp\/v2\/product"}],"about":[{"href":"https:\/\/www.bosaenergy.cn\/da\/wp-json\/wp\/v2\/types\/product"}],"replies":[{"embeddable":true,"href":"https:\/\/www.bosaenergy.cn\/da\/wp-json\/wp\/v2\/comments?post=1395"}],"wp:featuredmedia":[{"embeddable":true,"href":"https:\/\/www.bosaenergy.cn\/da\/wp-json\/wp\/v2\/media\/1396"}],"wp:attachment":[{"href":"https:\/\/www.bosaenergy.cn\/da\/wp-json\/wp\/v2\/media?parent=1395"}],"wp:term":[{"taxonomy":"product_brand","embeddable":true,"href":"https:\/\/www.bosaenergy.cn\/da\/wp-json\/wp\/v2\/product_brand?post=1395"},{"taxonomy":"product_cat","embeddable":true,"href":"https:\/\/www.bosaenergy.cn\/da\/wp-json\/wp\/v2\/product_cat?post=1395"},{"taxonomy":"product_tag","embeddable":true,"href":"https:\/\/www.bosaenergy.cn\/da\/wp-json\/wp\/v2\/product_tag?post=1395"}],"curies":[{"name":"wp","href":"https:\/\/api.w.org\/{rel}","templated":true}]}}